{"id":18758,"date":"2022-06-14T12:14:28","date_gmt":"2022-06-14T10:14:28","guid":{"rendered":"https:\/\/xaviforcadell.com\/producto\/como-gestionar-las-vacanciones-de-verano-con-tus-hijos-e-hijas\/"},"modified":"2025-06-19T22:20:17","modified_gmt":"2025-06-19T20:20:17","slug":"estrategias-para-mejorar-la-convivencia-en-casa-con-los-hijos-e-hijas","status":"publish","type":"product","link":"https:\/\/xaviforcadell.com\/es\/producto\/estrategias-para-mejorar-la-convivencia-en-casa-con-los-hijos-e-hijas\/","title":{"rendered":"C\u00f3mo gestionar las vacaciones familiares"},"content":{"rendered":"","protected":false},"excerpt":{"rendered":"<p><strong>Para completar la inscripci\u00f3n y disfrutar del contenido de la formaci\u00f3n, solo tienes que hacer clic en el bot\u00f3n &#8220;A\u00f1adir al carrito&#8221; e indicar tus datos. <\/strong><\/p>\n<p><strong>Recibir\u00e1s tu acceso a la formaci\u00f3n en el correo electr\u00f3nico que hayas elegido.<\/strong><\/p>\n","protected":false},"featured_media":33245,"template":"","meta":{"site-sidebar-layout":"default","site-content-layout":"","ast-site-content-layout":"default","site-content-style":"default","site-sidebar-style":"default","ast-global-header-display":"","ast-banner-title-visibility":"","ast-main-header-display":"","ast-hfb-above-header-display":"","ast-hfb-below-header-display":"","ast-hfb-mobile-header-display":"","site-post-title":"","ast-breadcrumbs-content":"","ast-featured-img":"","footer-sml-layout":"","theme-transparent-header-meta":"default","adv-header-id-meta":"","stick-header-meta":"default","header-above-stick-meta":"","header-main-stick-meta":"","header-below-stick-meta":"","astra-migrate-meta-layouts":"set","ast-page-background-enabled":"default","ast-page-background-meta":{"desktop":{"background-color":"var(--ast-global-color-4)","background-image":"","background-repeat":"repeat","background-position":"center center","background-size":"auto","background-attachment":"scroll","background-type":"","background-media":"","overlay-type":"","overlay-color":"","overlay-opacity":"","overlay-gradient":""},"tablet":{"background-color":"","background-image":"","background-repeat":"repeat","background-position":"center center","background-size":"auto","background-attachment":"scroll","background-type":"","background-media":"","overlay-type":"","overlay-color":"","overlay-opacity":"","overlay-gradient":""},"mobile":{"background-color":"","background-image":"","background-repeat":"repeat","background-position":"center center","background-size":"auto","background-attachment":"scroll","background-type":"","background-media":"","overlay-type":"","overlay-color":"","overlay-opacity":"","overlay-gradient":""}},"ast-content-background-meta":{"desktop":{"background-color":"var(--ast-global-color-5)","background-image":"","background-repeat":"repeat","background-position":"center center","background-size":"auto","background-attachment":"scroll","background-type":"","background-media":"","overlay-type":"","overlay-color":"","overlay-opacity":"","overlay-gradient":""},"tablet":{"background-color":"var(--ast-global-color-5)","background-image":"","background-repeat":"repeat","background-position":"center center","background-size":"auto","background-attachment":"scroll","background-type":"","background-media":"","overlay-type":"","overlay-color":"","overlay-opacity":"","overlay-gradient":""},"mobile":{"background-color":"var(--ast-global-color-5)","background-image":"","background-repeat":"repeat","background-position":"center center","background-size":"auto","background-attachment":"scroll","background-type":"","background-media":"","overlay-type":"","overlay-color":"","overlay-opacity":"","overlay-gradient":""}}},"product_brand":[],"product_cat":[50],"product_tag":[],"class_list":{"0":"post-18758","1":"product","2":"type-product","3":"status-publish","4":"has-post-thumbnail","6":"product_cat-cursos-es","7":"desktop-align-left","8":"tablet-align-left","9":"mobile-align-left","10":"ast-product-gallery-layout-horizontal-slider","11":"ast-product-gallery-with-no-image","12":"ast-product-tabs-layout-horizontal","14":"first","15":"instock","16":"virtual","17":"sold-individually","18":"taxable","19":"purchasable","20":"product-type-course"},"yoast_head":"<!-- This site is optimized with the Yoast SEO plugin v25.5 - https:\/\/yoast.com\/wordpress\/plugins\/seo\/ -->\n<title>Estrategias pr\u00e1cticas para favorecer la convivencia en casa<\/title>\n<meta name=\"description\" content=\"Descubrir\u00e1s estrategias pr\u00e1cticas que te ayudar\u00e1n a favorecer tu convivencia en casa durante las vacaciones y que podr\u00e1s aplicar a lo largo de todo el a\u00f1o.\" \/>\n<meta name=\"robots\" content=\"index, follow, max-snippet:-1, max-image-preview:large, max-video-preview:-1\" \/>\n<link rel=\"canonical\" href=\"https:\/\/xaviforcadell.com\/es\/producto\/estrategias-para-mejorar-la-convivencia-en-casa-con-los-hijos-e-hijas\/\" \/>\n<meta property=\"og:locale\" content=\"es_ES\" \/>\n<meta property=\"og:type\" content=\"article\" \/>\n<meta property=\"og:title\" content=\"Estrategias pr\u00e1cticas para favorecer la convivencia en casa\" \/>\n<meta property=\"og:description\" content=\"Descubrir\u00e1s estrategias pr\u00e1cticas que te ayudar\u00e1n a favorecer tu convivencia en casa durante las vacaciones y que podr\u00e1s aplicar a lo largo de todo el a\u00f1o.\" \/>\n<meta property=\"og:url\" content=\"https:\/\/xaviforcadell.com\/es\/producto\/estrategias-para-mejorar-la-convivencia-en-casa-con-los-hijos-e-hijas\/\" \/>\n<meta property=\"og:site_name\" content=\"Escola Eduquem per Cr&eacute;ixer\" \/>\n<meta property=\"article:publisher\" content=\"https:\/\/www.facebook.com\/drxaviforcadell\" \/>\n<meta property=\"article:modified_time\" content=\"2025-06-19T20:20:17+00:00\" \/>\n<meta property=\"og:image\" content=\"https:\/\/xaviforcadell.com\/wp-content\/uploads\/2022\/06\/Formacio-com-getionar-les-vacances-familiars.jpg\" \/>\n\t<meta property=\"og:image:width\" content=\"1080\" \/>\n\t<meta property=\"og:image:height\" content=\"1080\" \/>\n\t<meta property=\"og:image:type\" content=\"image\/jpeg\" \/>\n<meta name=\"twitter:card\" content=\"summary_large_image\" \/>\n<meta name=\"twitter:site\" content=\"@drxaviforcadell\" \/>\n<meta name=\"twitter:label1\" content=\"Tiempo de lectura\" \/>\n\t<meta name=\"twitter:data1\" content=\"1 minuto\" \/>\n<script type=\"application\/ld+json\" class=\"yoast-schema-graph\">{\"@context\":\"https:\/\/schema.org\",\"@graph\":[{\"@type\":\"WebPage\",\"@id\":\"https:\/\/xaviforcadell.com\/es\/producto\/estrategias-para-mejorar-la-convivencia-en-casa-con-los-hijos-e-hijas\/\",\"url\":\"https:\/\/xaviforcadell.com\/es\/producto\/estrategias-para-mejorar-la-convivencia-en-casa-con-los-hijos-e-hijas\/\",\"name\":\"Estrategias pr\u00e1cticas para favorecer la convivencia en casa\",\"isPartOf\":{\"@id\":\"https:\/\/xaviforcadell.com\/#website\"},\"primaryImageOfPage\":{\"@id\":\"https:\/\/xaviforcadell.com\/es\/producto\/estrategias-para-mejorar-la-convivencia-en-casa-con-los-hijos-e-hijas\/#primaryimage\"},\"image\":{\"@id\":\"https:\/\/xaviforcadell.com\/es\/producto\/estrategias-para-mejorar-la-convivencia-en-casa-con-los-hijos-e-hijas\/#primaryimage\"},\"thumbnailUrl\":\"https:\/\/xaviforcadell.com\/wp-content\/uploads\/2022\/06\/Formacio-com-getionar-les-vacances-familiars.jpg\",\"datePublished\":\"2022-06-14T10:14:28+00:00\",\"dateModified\":\"2025-06-19T20:20:17+00:00\",\"description\":\"Descubrir\u00e1s estrategias pr\u00e1cticas que te ayudar\u00e1n a favorecer tu convivencia en casa durante las vacaciones y que podr\u00e1s aplicar a lo largo de todo el a\u00f1o.\",\"breadcrumb\":{\"@id\":\"https:\/\/xaviforcadell.com\/es\/producto\/estrategias-para-mejorar-la-convivencia-en-casa-con-los-hijos-e-hijas\/#breadcrumb\"},\"inLanguage\":\"es\",\"potentialAction\":[{\"@type\":\"ReadAction\",\"target\":[\"https:\/\/xaviforcadell.com\/es\/producto\/estrategias-para-mejorar-la-convivencia-en-casa-con-los-hijos-e-hijas\/\"]}]},{\"@type\":\"ImageObject\",\"inLanguage\":\"es\",\"@id\":\"https:\/\/xaviforcadell.com\/es\/producto\/estrategias-para-mejorar-la-convivencia-en-casa-con-los-hijos-e-hijas\/#primaryimage\",\"url\":\"https:\/\/xaviforcadell.com\/wp-content\/uploads\/2022\/06\/Formacio-com-getionar-les-vacances-familiars.jpg\",\"contentUrl\":\"https:\/\/xaviforcadell.com\/wp-content\/uploads\/2022\/06\/Formacio-com-getionar-les-vacances-familiars.jpg\",\"width\":1080,\"height\":1080,\"caption\":\"Formaci\u00f3 com getionar les vacances familiars\"},{\"@type\":\"BreadcrumbList\",\"@id\":\"https:\/\/xaviforcadell.com\/es\/producto\/estrategias-para-mejorar-la-convivencia-en-casa-con-los-hijos-e-hijas\/#breadcrumb\",\"itemListElement\":[{\"@type\":\"ListItem\",\"position\":1,\"name\":\"Portada\",\"item\":\"https:\/\/xaviforcadell.com\/es\/\"},{\"@type\":\"ListItem\",\"position\":2,\"name\":\"Tienda\",\"item\":\"https:\/\/xaviforcadell.com\/es\/pedido-librerias\/\"},{\"@type\":\"ListItem\",\"position\":3,\"name\":\"C\u00f3mo gestionar las vacaciones familiares\"}]},{\"@type\":\"WebSite\",\"@id\":\"https:\/\/xaviforcadell.com\/#website\",\"url\":\"https:\/\/xaviforcadell.com\/\",\"name\":\"Escola Eduquem per Cr&eacute;ixer\",\"description\":\"\",\"publisher\":{\"@id\":\"https:\/\/xaviforcadell.com\/#organization\"},\"potentialAction\":[{\"@type\":\"SearchAction\",\"target\":{\"@type\":\"EntryPoint\",\"urlTemplate\":\"https:\/\/xaviforcadell.com\/?s={search_term_string}\"},\"query-input\":{\"@type\":\"PropertyValueSpecification\",\"valueRequired\":true,\"valueName\":\"search_term_string\"}}],\"inLanguage\":\"es\"},{\"@type\":\"Organization\",\"@id\":\"https:\/\/xaviforcadell.com\/#organization\",\"name\":\"Escola Eduquem Per Cr\u00e9ixer\",\"url\":\"https:\/\/xaviforcadell.com\/\",\"logo\":{\"@type\":\"ImageObject\",\"inLanguage\":\"es\",\"@id\":\"https:\/\/xaviforcadell.com\/#\/schema\/logo\/image\/\",\"url\":\"https:\/\/xaviforcadell.com\/wp-content\/uploads\/2021\/05\/Escola-Xavi-Forcadell-logo-250px.png\",\"contentUrl\":\"https:\/\/xaviforcadell.com\/wp-content\/uploads\/2021\/05\/Escola-Xavi-Forcadell-logo-250px.png\",\"width\":250,\"height\":250,\"caption\":\"Escola Eduquem Per Cr\u00e9ixer\"},\"image\":{\"@id\":\"https:\/\/xaviforcadell.com\/#\/schema\/logo\/image\/\"},\"sameAs\":[\"https:\/\/www.facebook.com\/drxaviforcadell\",\"https:\/\/x.com\/drxaviforcadell\",\"https:\/\/www.instagram.com\/xaviforcadell\",\"https:\/\/www.linkedin.com\/in\/xavi-forcadell\",\"https:\/\/www.youtube.com\/c\/xaviforcadell\"]}]}<\/script>\n<!-- \/ Yoast SEO plugin. -->","yoast_head_json":{"title":"Estrategias pr\u00e1cticas para favorecer la convivencia en casa","description":"Descubrir\u00e1s estrategias pr\u00e1cticas que te ayudar\u00e1n a favorecer tu convivencia en casa durante las vacaciones y que podr\u00e1s aplicar a lo largo de todo el a\u00f1o.","robots":{"index":"index","follow":"follow","max-snippet":"max-snippet:-1","max-image-preview":"max-image-preview:large","max-video-preview":"max-video-preview:-1"},"canonical":"https:\/\/xaviforcadell.com\/es\/producto\/estrategias-para-mejorar-la-convivencia-en-casa-con-los-hijos-e-hijas\/","og_locale":"es_ES","og_type":"article","og_title":"Estrategias pr\u00e1cticas para favorecer la convivencia en casa","og_description":"Descubrir\u00e1s estrategias pr\u00e1cticas que te ayudar\u00e1n a favorecer tu convivencia en casa durante las vacaciones y que podr\u00e1s aplicar a lo largo de todo el a\u00f1o.","og_url":"https:\/\/xaviforcadell.com\/es\/producto\/estrategias-para-mejorar-la-convivencia-en-casa-con-los-hijos-e-hijas\/","og_site_name":"Escola Eduquem per Cr&eacute;ixer","article_publisher":"https:\/\/www.facebook.com\/drxaviforcadell","article_modified_time":"2025-06-19T20:20:17+00:00","og_image":[{"width":1080,"height":1080,"url":"https:\/\/xaviforcadell.com\/wp-content\/uploads\/2022\/06\/Formacio-com-getionar-les-vacances-familiars.jpg","type":"image\/jpeg"}],"twitter_card":"summary_large_image","twitter_site":"@drxaviforcadell","twitter_misc":{"Tiempo de lectura":"1 minuto"},"schema":{"@context":"https:\/\/schema.org","@graph":[{"@type":"WebPage","@id":"https:\/\/xaviforcadell.com\/es\/producto\/estrategias-para-mejorar-la-convivencia-en-casa-con-los-hijos-e-hijas\/","url":"https:\/\/xaviforcadell.com\/es\/producto\/estrategias-para-mejorar-la-convivencia-en-casa-con-los-hijos-e-hijas\/","name":"Estrategias pr\u00e1cticas para favorecer la convivencia en casa","isPartOf":{"@id":"https:\/\/xaviforcadell.com\/#website"},"primaryImageOfPage":{"@id":"https:\/\/xaviforcadell.com\/es\/producto\/estrategias-para-mejorar-la-convivencia-en-casa-con-los-hijos-e-hijas\/#primaryimage"},"image":{"@id":"https:\/\/xaviforcadell.com\/es\/producto\/estrategias-para-mejorar-la-convivencia-en-casa-con-los-hijos-e-hijas\/#primaryimage"},"thumbnailUrl":"https:\/\/xaviforcadell.com\/wp-content\/uploads\/2022\/06\/Formacio-com-getionar-les-vacances-familiars.jpg","datePublished":"2022-06-14T10:14:28+00:00","dateModified":"2025-06-19T20:20:17+00:00","description":"Descubrir\u00e1s estrategias pr\u00e1cticas que te ayudar\u00e1n a favorecer tu convivencia en casa durante las vacaciones y que podr\u00e1s aplicar a lo largo de todo el a\u00f1o.","breadcrumb":{"@id":"https:\/\/xaviforcadell.com\/es\/producto\/estrategias-para-mejorar-la-convivencia-en-casa-con-los-hijos-e-hijas\/#breadcrumb"},"inLanguage":"es","potentialAction":[{"@type":"ReadAction","target":["https:\/\/xaviforcadell.com\/es\/producto\/estrategias-para-mejorar-la-convivencia-en-casa-con-los-hijos-e-hijas\/"]}]},{"@type":"ImageObject","inLanguage":"es","@id":"https:\/\/xaviforcadell.com\/es\/producto\/estrategias-para-mejorar-la-convivencia-en-casa-con-los-hijos-e-hijas\/#primaryimage","url":"https:\/\/xaviforcadell.com\/wp-content\/uploads\/2022\/06\/Formacio-com-getionar-les-vacances-familiars.jpg","contentUrl":"https:\/\/xaviforcadell.com\/wp-content\/uploads\/2022\/06\/Formacio-com-getionar-les-vacances-familiars.jpg","width":1080,"height":1080,"caption":"Formaci\u00f3 com getionar les vacances familiars"},{"@type":"BreadcrumbList","@id":"https:\/\/xaviforcadell.com\/es\/producto\/estrategias-para-mejorar-la-convivencia-en-casa-con-los-hijos-e-hijas\/#breadcrumb","itemListElement":[{"@type":"ListItem","position":1,"name":"Portada","item":"https:\/\/xaviforcadell.com\/es\/"},{"@type":"ListItem","position":2,"name":"Tienda","item":"https:\/\/xaviforcadell.com\/es\/pedido-librerias\/"},{"@type":"ListItem","position":3,"name":"C\u00f3mo gestionar las vacaciones familiares"}]},{"@type":"WebSite","@id":"https:\/\/xaviforcadell.com\/#website","url":"https:\/\/xaviforcadell.com\/","name":"Escola Eduquem per Cr&eacute;ixer","description":"","publisher":{"@id":"https:\/\/xaviforcadell.com\/#organization"},"potentialAction":[{"@type":"SearchAction","target":{"@type":"EntryPoint","urlTemplate":"https:\/\/xaviforcadell.com\/?s={search_term_string}"},"query-input":{"@type":"PropertyValueSpecification","valueRequired":true,"valueName":"search_term_string"}}],"inLanguage":"es"},{"@type":"Organization","@id":"https:\/\/xaviforcadell.com\/#organization","name":"Escola Eduquem Per Cr\u00e9ixer","url":"https:\/\/xaviforcadell.com\/","logo":{"@type":"ImageObject","inLanguage":"es","@id":"https:\/\/xaviforcadell.com\/#\/schema\/logo\/image\/","url":"https:\/\/xaviforcadell.com\/wp-content\/uploads\/2021\/05\/Escola-Xavi-Forcadell-logo-250px.png","contentUrl":"https:\/\/xaviforcadell.com\/wp-content\/uploads\/2021\/05\/Escola-Xavi-Forcadell-logo-250px.png","width":250,"height":250,"caption":"Escola Eduquem Per Cr\u00e9ixer"},"image":{"@id":"https:\/\/xaviforcadell.com\/#\/schema\/logo\/image\/"},"sameAs":["https:\/\/www.facebook.com\/drxaviforcadell","https:\/\/x.com\/drxaviforcadell","https:\/\/www.instagram.com\/xaviforcadell","https:\/\/www.linkedin.com\/in\/xavi-forcadell","https:\/\/www.youtube.com\/c\/xaviforcadell"]}]}},"_links":{"self":[{"href":"https:\/\/xaviforcadell.com\/es\/wp-json\/wp\/v2\/product\/18758","targetHints":{"allow":["GET"]}}],"collection":[{"href":"https:\/\/xaviforcadell.com\/es\/wp-json\/wp\/v2\/product"}],"about":[{"href":"https:\/\/xaviforcadell.com\/es\/wp-json\/wp\/v2\/types\/product"}],"wp:featuredmedia":[{"embeddable":true,"href":"https:\/\/xaviforcadell.com\/es\/wp-json\/wp\/v2\/media\/33245"}],"wp:attachment":[{"href":"https:\/\/xaviforcadell.com\/es\/wp-json\/wp\/v2\/media?parent=18758"}],"wp:term":[{"taxonomy":"product_brand","embeddable":true,"href":"https:\/\/xaviforcadell.com\/es\/wp-json\/wp\/v2\/product_brand?post=18758"},{"taxonomy":"product_cat","embeddable":true,"href":"https:\/\/xaviforcadell.com\/es\/wp-json\/wp\/v2\/product_cat?post=18758"},{"taxonomy":"product_tag","embeddable":true,"href":"https:\/\/xaviforcadell.com\/es\/wp-json\/wp\/v2\/product_tag?post=18758"}],"curies":[{"name":"wp","href":"https:\/\/api.w.org\/{rel}","templated":true}]}}