{"id":19410,"date":"2022-03-26T09:54:12","date_gmt":"2022-03-26T07:54:12","guid":{"rendered":"https:\/\/xaviforcadell.com\/producto\/como-los-adultos-podemos-ayudar-en-su-crecimiento\/"},"modified":"2024-03-17T14:42:00","modified_gmt":"2024-03-17T12:42:00","slug":"como-los-adultos-podemos-ayudar-en-su-crecimiento","status":"publish","type":"product","link":"https:\/\/xaviforcadell.com\/es\/producto\/como-los-adultos-podemos-ayudar-en-su-crecimiento\/","title":{"rendered":"Como los adultos podemos ayudar en su crecimiento"},"content":{"rendered":"<p>En esta formaci\u00f3n obtendr\u00e1s <strong>Estrategias Pr\u00e1cticas<\/strong> que te ayudaran en tu relaci\u00f3n con los ni\u00f1os y adolescentes a:<\/p>\n<ul>\n<li>Comprender sus caracter\u00edsticas personales.<\/li>\n<li>Acompa\u00f1ar los diferentes tipos de emociones que aparecen y que algunas son intensas.<\/li>\n<li>Tener recursos para gestionar las situaciones de conflicto que suelen haber.<\/li>\n<li>Saber establecer los l\u00edmites y que los respeten.<\/li>\n<li>Favorecer su creatividad y que est\u00e9 motivado para aprender.<\/li>\n<\/ul>\n<p>&nbsp;<\/p>\n<p>Trataremos las siguientes <strong>tem\u00e1ticas<\/strong> que son muy importantes en la tarea de Educar:<\/p>\n<p><strong>M\u00d3DULO 1: Acompa\u00f1ar las emociones.<\/strong><\/p>\n<p><strong>M\u00d3DULO 2: Resoluci\u00f3n de conflictos.<\/strong><\/p>\n<p><strong>M\u00d3DULO 3: Marquemos los l\u00edmites.<\/strong><\/p>\n<p><strong>M\u00d3DULO 4: Metodolog\u00edas activas.<\/strong><\/p>\n<p>&nbsp;<\/p>\n<p><strong>Disfruta a tu ritmo de m\u00e1s de 10 horas de informaci\u00f3n centrada en la pr\u00e1ctica!<\/strong><\/p>\n<p>&nbsp;<\/p>\n","protected":false},"excerpt":{"rendered":"<p>En esta formaci\u00f3n obtendr\u00e1s Estrategias Pr\u00e1cticas que te ayudaran en tu relaci\u00f3n con los ni\u00f1os y adolescentes a: Comprender sus [&hellip;]<\/p>\n","protected":false},"featured_media":14973,"template":"","meta":{"site-sidebar-layout":"default","site-content-layout":"default","ast-site-content-layout":"default","site-content-style":"default","site-sidebar-style":"default","ast-global-header-display":"","ast-banner-title-visibility":"","ast-main-header-display":"","ast-hfb-above-header-display":"","ast-hfb-below-header-display":"","ast-hfb-mobile-header-display":"","site-post-title":"","ast-breadcrumbs-content":null,"ast-featured-img":"","footer-sml-layout":"","theme-transparent-header-meta":"default","adv-header-id-meta":"","stick-header-meta":"default","header-above-stick-meta":"","header-main-stick-meta":"","header-below-stick-meta":"","astra-migrate-meta-layouts":"default","ast-page-background-enabled":"default","ast-page-background-meta":{"desktop":{"background-color":"var(--ast-global-color-4)","background-image":"","background-repeat":"repeat","background-position":"center center","background-size":"auto","background-attachment":"scroll","background-type":"","background-media":"","overlay-type":"","overlay-color":"","overlay-opacity":"","overlay-gradient":""},"tablet":{"background-color":"","background-image":"","background-repeat":"repeat","background-position":"center center","background-size":"auto","background-attachment":"scroll","background-type":"","background-media":"","overlay-type":"","overlay-color":"","overlay-opacity":"","overlay-gradient":""},"mobile":{"background-color":"","background-image":"","background-repeat":"repeat","background-position":"center center","background-size":"auto","background-attachment":"scroll","background-type":"","background-media":"","overlay-type":"","overlay-color":"","overlay-opacity":"","overlay-gradient":""}},"ast-content-background-meta":{"desktop":{"background-color":"var(--ast-global-color-5)","background-image":"","background-repeat":"repeat","background-position":"center center","background-size":"auto","background-attachment":"scroll","background-type":"","background-media":"","overlay-type":"","overlay-color":"","overlay-opacity":"","overlay-gradient":""},"tablet":{"background-color":"var(--ast-global-color-5)","background-image":"","background-repeat":"repeat","background-position":"center center","background-size":"auto","background-attachment":"scroll","background-type":"","background-media":"","overlay-type":"","overlay-color":"","overlay-opacity":"","overlay-gradient":""},"mobile":{"background-color":"var(--ast-global-color-5)","background-image":"","background-repeat":"repeat","background-position":"center center","background-size":"auto","background-attachment":"scroll","background-type":"","background-media":"","overlay-type":"","overlay-color":"","overlay-opacity":"","overlay-gradient":""}}},"product_brand":[],"product_cat":[50],"product_tag":[],"class_list":{"0":"post-19410","1":"product","2":"type-product","3":"status-publish","4":"has-post-thumbnail","6":"product_cat-cursos-es","7":"desktop-align-left","8":"tablet-align-left","9":"mobile-align-left","10":"ast-product-gallery-layout-horizontal-slider","11":"ast-product-gallery-with-no-image","12":"ast-product-tabs-layout-horizontal","14":"first","15":"instock","16":"sale","17":"virtual","18":"purchasable","19":"product-type-simple"},"yoast_head":"<!-- This site is optimized with the Yoast SEO plugin v25.5 - https:\/\/yoast.com\/wordpress\/plugins\/seo\/ -->\n<title>Como los adultos podemos ayudar en su crecimiento<\/title>\n<meta name=\"description\" content=\"Como los adultos podemos ayudar en su crecimiento. 4 talleres de formaci\u00f3n online\" \/>\n<meta name=\"robots\" content=\"index, follow, max-snippet:-1, max-image-preview:large, max-video-preview:-1\" \/>\n<link rel=\"canonical\" href=\"https:\/\/xaviforcadell.com\/es\/producto\/como-los-adultos-podemos-ayudar-en-su-crecimiento\/\" \/>\n<meta property=\"og:locale\" content=\"es_ES\" \/>\n<meta property=\"og:type\" content=\"article\" \/>\n<meta property=\"og:title\" content=\"Como los adultos podemos ayudar en su crecimiento\" \/>\n<meta property=\"og:description\" content=\"Como los adultos podemos ayudar en su crecimiento. 4 talleres de formaci\u00f3n online\" \/>\n<meta property=\"og:url\" content=\"https:\/\/xaviforcadell.com\/es\/producto\/como-los-adultos-podemos-ayudar-en-su-crecimiento\/\" \/>\n<meta property=\"og:site_name\" content=\"Escola Eduquem per Cr&eacute;ixer\" \/>\n<meta property=\"article:publisher\" content=\"https:\/\/www.facebook.com\/drxaviforcadell\" \/>\n<meta property=\"article:modified_time\" content=\"2024-03-17T12:42:00+00:00\" \/>\n<meta property=\"og:image\" content=\"https:\/\/xaviforcadell.com\/wp-content\/uploads\/2022\/03\/Formacio-Ajudar-Creixement-2.png\" \/>\n\t<meta property=\"og:image:width\" content=\"960\" \/>\n\t<meta property=\"og:image:height\" content=\"540\" \/>\n\t<meta property=\"og:image:type\" content=\"image\/png\" \/>\n<meta name=\"twitter:card\" content=\"summary_large_image\" \/>\n<meta name=\"twitter:site\" content=\"@drxaviforcadell\" \/>\n<meta name=\"twitter:label1\" content=\"Tiempo de lectura\" \/>\n\t<meta name=\"twitter:data1\" content=\"1 minuto\" \/>\n<script type=\"application\/ld+json\" class=\"yoast-schema-graph\">{\"@context\":\"https:\/\/schema.org\",\"@graph\":[{\"@type\":\"WebPage\",\"@id\":\"https:\/\/xaviforcadell.com\/es\/producto\/como-los-adultos-podemos-ayudar-en-su-crecimiento\/\",\"url\":\"https:\/\/xaviforcadell.com\/es\/producto\/como-los-adultos-podemos-ayudar-en-su-crecimiento\/\",\"name\":\"Como los adultos podemos ayudar en su crecimiento\",\"isPartOf\":{\"@id\":\"https:\/\/xaviforcadell.com\/#website\"},\"primaryImageOfPage\":{\"@id\":\"https:\/\/xaviforcadell.com\/es\/producto\/como-los-adultos-podemos-ayudar-en-su-crecimiento\/#primaryimage\"},\"image\":{\"@id\":\"https:\/\/xaviforcadell.com\/es\/producto\/como-los-adultos-podemos-ayudar-en-su-crecimiento\/#primaryimage\"},\"thumbnailUrl\":\"https:\/\/xaviforcadell.com\/wp-content\/uploads\/2022\/03\/Formacio-Ajudar-Creixement-2.png\",\"datePublished\":\"2022-03-26T07:54:12+00:00\",\"dateModified\":\"2024-03-17T12:42:00+00:00\",\"description\":\"Como los adultos podemos ayudar en su crecimiento. 4 talleres de formaci\u00f3n online\",\"breadcrumb\":{\"@id\":\"https:\/\/xaviforcadell.com\/es\/producto\/como-los-adultos-podemos-ayudar-en-su-crecimiento\/#breadcrumb\"},\"inLanguage\":\"es\",\"potentialAction\":[{\"@type\":\"ReadAction\",\"target\":[\"https:\/\/xaviforcadell.com\/es\/producto\/como-los-adultos-podemos-ayudar-en-su-crecimiento\/\"]}]},{\"@type\":\"ImageObject\",\"inLanguage\":\"es\",\"@id\":\"https:\/\/xaviforcadell.com\/es\/producto\/como-los-adultos-podemos-ayudar-en-su-crecimiento\/#primaryimage\",\"url\":\"https:\/\/xaviforcadell.com\/wp-content\/uploads\/2022\/03\/Formacio-Ajudar-Creixement-2.png\",\"contentUrl\":\"https:\/\/xaviforcadell.com\/wp-content\/uploads\/2022\/03\/Formacio-Ajudar-Creixement-2.png\",\"width\":960,\"height\":540,\"caption\":\"Formaci\u00f3n Adulto Ayuda Crecimiento\"},{\"@type\":\"BreadcrumbList\",\"@id\":\"https:\/\/xaviforcadell.com\/es\/producto\/como-los-adultos-podemos-ayudar-en-su-crecimiento\/#breadcrumb\",\"itemListElement\":[{\"@type\":\"ListItem\",\"position\":1,\"name\":\"Portada\",\"item\":\"https:\/\/xaviforcadell.com\/es\/\"},{\"@type\":\"ListItem\",\"position\":2,\"name\":\"Tienda\",\"item\":\"https:\/\/xaviforcadell.com\/es\/pedido-librerias\/\"},{\"@type\":\"ListItem\",\"position\":3,\"name\":\"Como los adultos podemos ayudar en su crecimiento\"}]},{\"@type\":\"WebSite\",\"@id\":\"https:\/\/xaviforcadell.com\/#website\",\"url\":\"https:\/\/xaviforcadell.com\/\",\"name\":\"Escola Eduquem per Cr&eacute;ixer\",\"description\":\"\",\"publisher\":{\"@id\":\"https:\/\/xaviforcadell.com\/#organization\"},\"potentialAction\":[{\"@type\":\"SearchAction\",\"target\":{\"@type\":\"EntryPoint\",\"urlTemplate\":\"https:\/\/xaviforcadell.com\/?s={search_term_string}\"},\"query-input\":{\"@type\":\"PropertyValueSpecification\",\"valueRequired\":true,\"valueName\":\"search_term_string\"}}],\"inLanguage\":\"es\"},{\"@type\":\"Organization\",\"@id\":\"https:\/\/xaviforcadell.com\/#organization\",\"name\":\"Escola Eduquem Per Cr\u00e9ixer\",\"url\":\"https:\/\/xaviforcadell.com\/\",\"logo\":{\"@type\":\"ImageObject\",\"inLanguage\":\"es\",\"@id\":\"https:\/\/xaviforcadell.com\/#\/schema\/logo\/image\/\",\"url\":\"https:\/\/xaviforcadell.com\/wp-content\/uploads\/2021\/05\/Escola-Xavi-Forcadell-logo-250px.png\",\"contentUrl\":\"https:\/\/xaviforcadell.com\/wp-content\/uploads\/2021\/05\/Escola-Xavi-Forcadell-logo-250px.png\",\"width\":250,\"height\":250,\"caption\":\"Escola Eduquem Per Cr\u00e9ixer\"},\"image\":{\"@id\":\"https:\/\/xaviforcadell.com\/#\/schema\/logo\/image\/\"},\"sameAs\":[\"https:\/\/www.facebook.com\/drxaviforcadell\",\"https:\/\/x.com\/drxaviforcadell\",\"https:\/\/www.instagram.com\/xaviforcadell\",\"https:\/\/www.linkedin.com\/in\/xavi-forcadell\",\"https:\/\/www.youtube.com\/c\/xaviforcadell\"]}]}<\/script>\n<!-- \/ Yoast SEO plugin. -->","yoast_head_json":{"title":"Como los adultos podemos ayudar en su crecimiento","description":"Como los adultos podemos ayudar en su crecimiento. 4 talleres de formaci\u00f3n online","robots":{"index":"index","follow":"follow","max-snippet":"max-snippet:-1","max-image-preview":"max-image-preview:large","max-video-preview":"max-video-preview:-1"},"canonical":"https:\/\/xaviforcadell.com\/es\/producto\/como-los-adultos-podemos-ayudar-en-su-crecimiento\/","og_locale":"es_ES","og_type":"article","og_title":"Como los adultos podemos ayudar en su crecimiento","og_description":"Como los adultos podemos ayudar en su crecimiento. 4 talleres de formaci\u00f3n online","og_url":"https:\/\/xaviforcadell.com\/es\/producto\/como-los-adultos-podemos-ayudar-en-su-crecimiento\/","og_site_name":"Escola Eduquem per Cr&eacute;ixer","article_publisher":"https:\/\/www.facebook.com\/drxaviforcadell","article_modified_time":"2024-03-17T12:42:00+00:00","og_image":[{"width":960,"height":540,"url":"https:\/\/xaviforcadell.com\/wp-content\/uploads\/2022\/03\/Formacio-Ajudar-Creixement-2.png","type":"image\/png"}],"twitter_card":"summary_large_image","twitter_site":"@drxaviforcadell","twitter_misc":{"Tiempo de lectura":"1 minuto"},"schema":{"@context":"https:\/\/schema.org","@graph":[{"@type":"WebPage","@id":"https:\/\/xaviforcadell.com\/es\/producto\/como-los-adultos-podemos-ayudar-en-su-crecimiento\/","url":"https:\/\/xaviforcadell.com\/es\/producto\/como-los-adultos-podemos-ayudar-en-su-crecimiento\/","name":"Como los adultos podemos ayudar en su crecimiento","isPartOf":{"@id":"https:\/\/xaviforcadell.com\/#website"},"primaryImageOfPage":{"@id":"https:\/\/xaviforcadell.com\/es\/producto\/como-los-adultos-podemos-ayudar-en-su-crecimiento\/#primaryimage"},"image":{"@id":"https:\/\/xaviforcadell.com\/es\/producto\/como-los-adultos-podemos-ayudar-en-su-crecimiento\/#primaryimage"},"thumbnailUrl":"https:\/\/xaviforcadell.com\/wp-content\/uploads\/2022\/03\/Formacio-Ajudar-Creixement-2.png","datePublished":"2022-03-26T07:54:12+00:00","dateModified":"2024-03-17T12:42:00+00:00","description":"Como los adultos podemos ayudar en su crecimiento. 4 talleres de formaci\u00f3n online","breadcrumb":{"@id":"https:\/\/xaviforcadell.com\/es\/producto\/como-los-adultos-podemos-ayudar-en-su-crecimiento\/#breadcrumb"},"inLanguage":"es","potentialAction":[{"@type":"ReadAction","target":["https:\/\/xaviforcadell.com\/es\/producto\/como-los-adultos-podemos-ayudar-en-su-crecimiento\/"]}]},{"@type":"ImageObject","inLanguage":"es","@id":"https:\/\/xaviforcadell.com\/es\/producto\/como-los-adultos-podemos-ayudar-en-su-crecimiento\/#primaryimage","url":"https:\/\/xaviforcadell.com\/wp-content\/uploads\/2022\/03\/Formacio-Ajudar-Creixement-2.png","contentUrl":"https:\/\/xaviforcadell.com\/wp-content\/uploads\/2022\/03\/Formacio-Ajudar-Creixement-2.png","width":960,"height":540,"caption":"Formaci\u00f3n Adulto Ayuda Crecimiento"},{"@type":"BreadcrumbList","@id":"https:\/\/xaviforcadell.com\/es\/producto\/como-los-adultos-podemos-ayudar-en-su-crecimiento\/#breadcrumb","itemListElement":[{"@type":"ListItem","position":1,"name":"Portada","item":"https:\/\/xaviforcadell.com\/es\/"},{"@type":"ListItem","position":2,"name":"Tienda","item":"https:\/\/xaviforcadell.com\/es\/pedido-librerias\/"},{"@type":"ListItem","position":3,"name":"Como los adultos podemos ayudar en su crecimiento"}]},{"@type":"WebSite","@id":"https:\/\/xaviforcadell.com\/#website","url":"https:\/\/xaviforcadell.com\/","name":"Escola Eduquem per Cr&eacute;ixer","description":"","publisher":{"@id":"https:\/\/xaviforcadell.com\/#organization"},"potentialAction":[{"@type":"SearchAction","target":{"@type":"EntryPoint","urlTemplate":"https:\/\/xaviforcadell.com\/?s={search_term_string}"},"query-input":{"@type":"PropertyValueSpecification","valueRequired":true,"valueName":"search_term_string"}}],"inLanguage":"es"},{"@type":"Organization","@id":"https:\/\/xaviforcadell.com\/#organization","name":"Escola Eduquem Per Cr\u00e9ixer","url":"https:\/\/xaviforcadell.com\/","logo":{"@type":"ImageObject","inLanguage":"es","@id":"https:\/\/xaviforcadell.com\/#\/schema\/logo\/image\/","url":"https:\/\/xaviforcadell.com\/wp-content\/uploads\/2021\/05\/Escola-Xavi-Forcadell-logo-250px.png","contentUrl":"https:\/\/xaviforcadell.com\/wp-content\/uploads\/2021\/05\/Escola-Xavi-Forcadell-logo-250px.png","width":250,"height":250,"caption":"Escola Eduquem Per Cr\u00e9ixer"},"image":{"@id":"https:\/\/xaviforcadell.com\/#\/schema\/logo\/image\/"},"sameAs":["https:\/\/www.facebook.com\/drxaviforcadell","https:\/\/x.com\/drxaviforcadell","https:\/\/www.instagram.com\/xaviforcadell","https:\/\/www.linkedin.com\/in\/xavi-forcadell","https:\/\/www.youtube.com\/c\/xaviforcadell"]}]}},"_links":{"self":[{"href":"https:\/\/xaviforcadell.com\/es\/wp-json\/wp\/v2\/product\/19410","targetHints":{"allow":["GET"]}}],"collection":[{"href":"https:\/\/xaviforcadell.com\/es\/wp-json\/wp\/v2\/product"}],"about":[{"href":"https:\/\/xaviforcadell.com\/es\/wp-json\/wp\/v2\/types\/product"}],"wp:featuredmedia":[{"embeddable":true,"href":"https:\/\/xaviforcadell.com\/es\/wp-json\/wp\/v2\/media\/14973"}],"wp:attachment":[{"href":"https:\/\/xaviforcadell.com\/es\/wp-json\/wp\/v2\/media?parent=19410"}],"wp:term":[{"taxonomy":"product_brand","embeddable":true,"href":"https:\/\/xaviforcadell.com\/es\/wp-json\/wp\/v2\/product_brand?post=19410"},{"taxonomy":"product_cat","embeddable":true,"href":"https:\/\/xaviforcadell.com\/es\/wp-json\/wp\/v2\/product_cat?post=19410"},{"taxonomy":"product_tag","embeddable":true,"href":"https:\/\/xaviforcadell.com\/es\/wp-json\/wp\/v2\/product_tag?post=19410"}],"curies":[{"name":"wp","href":"https:\/\/api.w.org\/{rel}","templated":true}]}}