{"id":22153,"date":"2022-09-06T22:44:28","date_gmt":"2022-09-06T20:44:28","guid":{"rendered":"https:\/\/xaviforcadell.com\/producto\/percusion-corporal-en-el-ambito-educativo\/"},"modified":"2024-03-16T13:55:06","modified_gmt":"2024-03-16T11:55:06","slug":"percusion-corporal-en-el-ambito-educativo","status":"publish","type":"product","link":"https:\/\/xaviforcadell.com\/es\/producto\/percusion-corporal-en-el-ambito-educativo\/","title":{"rendered":"Percusi\u00f3n Corporal en el \u00e1mbito educativo"},"content":{"rendered":"<div>\n<div>La <em><strong>Percusi\u00f3n Corporal<\/strong><\/em> es un lenguaje no verbal que hemos heredado en la historia y aparece en nuestra sociedad en diferentes formas. Por ejemplo como juegos de manos, \u00a0exploraci\u00f3n de los cuerpos y creaci\u00f3n de sonidos, bailes tradicionales, compa\u00f1\u00edas art\u00edsticas como <em>Mayumana, Stomp y Barbatuques<\/em>, etc\u00e9tera.<\/div>\n<div><\/div>\n<\/div>\n<div><\/div>\n<div>\n<div>En el curr\u00edculum de Catalu\u00f1a la <em><strong>Percusi\u00f3n Corporal<\/strong><\/em> aparece como contenido de educaci\u00f3n musical. Pero no aparece en Educaci\u00f3n F\u00edsica. A\u00fan as\u00ed, el profesorado lo est\u00e1 utilizando en sus clases per impartir la\u00a0<b>dimensi\u00f3n de expresi\u00f3n y comunicaci\u00f3n corporal<\/b>.<\/div>\n<div><\/div>\n<div><\/div>\n<div>En este curso:<\/div>\n<ul>\n<li>Conocer\u00e1s que elementos determinan la percusi\u00f3n corporal y como llevar-los a la pr\u00e1ctica para conseguir tus objetivos como docente.<\/li>\n<li>Revisaremos el curr\u00edculum de cada etapa educativa conjuntamente.<\/li>\n<li>Prepararemos una unidad did\u00e1ctica de percusi\u00f3n corporal que se implementar\u00e1 en clase con el alumnado actual.<\/li>\n<li>Aprender\u00e1s a conocer tus propias sensaciones al implementar la percusi\u00f3n corporal, observar y recoger las reacciones del estudiante y, tambi\u00e9n, experimentar este lenguaje r\u00edtmico expresivo que est\u00e1 cada vez m\u00e1s presente en nuestra Sociedad.<\/li>\n<\/ul>\n<\/div>\n","protected":false},"excerpt":{"rendered":"<p><strong>Fechas<\/strong>: 3, 4, 5, 6 i 13 de julio de 10.00 h a 13.00 h<\/p>\n<p><strong>Modalidad<\/strong>: Online<\/p>\n<p><strong>Duraci\u00f3n:<\/strong> 30h reconocidas por el Departamento de Educaci\u00f3n, de las quales 15h son virtuales en directo y 15h son de trabajo personal.<\/p>\n<p><strong>A quien va dirigido:<\/strong> Profesorado de educaci\u00f3n primaria, secundaria, ciclos formativos, profesorado de universidad y formadores de docentes de materias relacionadas con M\u00fasica, la Educaci\u00f3n F\u00edsica, la Expresi\u00f3n Corporal y las Artes Esc\u00e9nicas.<\/p>\n<p><i><b>Las plazas son limitadas.<\/b><\/i><\/p>\n<p><em><strong>El curso se efectuar\u00e1 cuando haya un m\u00ednimo de 10 personas inscritas.<\/strong><\/em><\/p>\n<p>(<em>&#8220;L&#8217;Escola Eduquem per Cr\u00e9ixer &#8220;<\/em>se reserva el derecho de suspender la formaci\u00f3n si no hay un m\u00ednimo de participantes. En este caso, el importe pagado ser\u00e1 devuelto.)<\/p>\n","protected":false},"featured_media":22158,"template":"","meta":{"site-sidebar-layout":"default","site-content-layout":"default","ast-site-content-layout":"default","site-content-style":"default","site-sidebar-style":"default","ast-global-header-display":"","ast-banner-title-visibility":"","ast-main-header-display":"","ast-hfb-above-header-display":"","ast-hfb-below-header-display":"","ast-hfb-mobile-header-display":"","site-post-title":"","ast-breadcrumbs-content":"","ast-featured-img":"","footer-sml-layout":"","theme-transparent-header-meta":"default","adv-header-id-meta":"","stick-header-meta":"default","header-above-stick-meta":"","header-main-stick-meta":"","header-below-stick-meta":"","astra-migrate-meta-layouts":"default","ast-page-background-enabled":"default","ast-page-background-meta":{"desktop":{"background-color":"var(--ast-global-color-4)","background-image":"","background-repeat":"repeat","background-position":"center center","background-size":"auto","background-attachment":"scroll","background-type":"","background-media":"","overlay-type":"","overlay-color":"","overlay-opacity":"","overlay-gradient":""},"tablet":{"background-color":"","background-image":"","background-repeat":"repeat","background-position":"center center","background-size":"auto","background-attachment":"scroll","background-type":"","background-media":"","overlay-type":"","overlay-color":"","overlay-opacity":"","overlay-gradient":""},"mobile":{"background-color":"","background-image":"","background-repeat":"repeat","background-position":"center center","background-size":"auto","background-attachment":"scroll","background-type":"","background-media":"","overlay-type":"","overlay-color":"","overlay-opacity":"","overlay-gradient":""}},"ast-content-background-meta":{"desktop":{"background-color":"var(--ast-global-color-5)","background-image":"","background-repeat":"repeat","background-position":"center center","background-size":"auto","background-attachment":"scroll","background-type":"","background-media":"","overlay-type":"","overlay-color":"","overlay-opacity":"","overlay-gradient":""},"tablet":{"background-color":"var(--ast-global-color-5)","background-image":"","background-repeat":"repeat","background-position":"center center","background-size":"auto","background-attachment":"scroll","background-type":"","background-media":"","overlay-type":"","overlay-color":"","overlay-opacity":"","overlay-gradient":""},"mobile":{"background-color":"var(--ast-global-color-5)","background-image":"","background-repeat":"repeat","background-position":"center center","background-size":"auto","background-attachment":"scroll","background-type":"","background-media":"","overlay-type":"","overlay-color":"","overlay-opacity":"","overlay-gradient":""}}},"product_brand":[],"product_cat":[86],"product_tag":[],"class_list":{"0":"post-22153","1":"product","2":"type-product","3":"status-publish","4":"has-post-thumbnail","6":"product_cat-expresion-corporal-es","7":"desktop-align-left","8":"tablet-align-left","9":"mobile-align-left","10":"ast-product-gallery-layout-horizontal-slider","11":"ast-product-gallery-with-no-image","12":"ast-product-tabs-layout-horizontal","14":"first","15":"instock","16":"virtual","17":"sold-individually","18":"purchasable","19":"product-type-simple"},"yoast_head":"<!-- This site is optimized with the Yoast SEO plugin v25.5 - https:\/\/yoast.com\/wordpress\/plugins\/seo\/ -->\n<title>Percusi\u00f3n Corporal en el \u00e1mbito educativo - Escola Eduquem per Cr&eacute;ixer<\/title>\n<meta name=\"robots\" content=\"index, follow, max-snippet:-1, max-image-preview:large, max-video-preview:-1\" \/>\n<link rel=\"canonical\" href=\"https:\/\/xaviforcadell.com\/es\/producto\/percusion-corporal-en-el-ambito-educativo\/\" \/>\n<meta property=\"og:locale\" content=\"es_ES\" \/>\n<meta property=\"og:type\" content=\"article\" \/>\n<meta property=\"og:title\" content=\"Percusi\u00f3n Corporal en el \u00e1mbito educativo - Escola Eduquem per Cr&eacute;ixer\" \/>\n<meta property=\"og:description\" content=\"Fechas: 3, 4, 5, 6 i 13 de julio de 10.00 h a 13.00 h  Modalidad: Online  Duraci\u00f3n: 30h reconocidas por el Departamento de Educaci\u00f3n, de las quales 15h son virtuales en directo y 15h son de trabajo personal.  A quien va dirigido: Profesorado de educaci\u00f3n primaria, secundaria, ciclos formativos, profesorado de universidad y formadores de docentes de materias relacionadas con M\u00fasica, la Educaci\u00f3n F\u00edsica, la Expresi\u00f3n Corporal y las Artes Esc\u00e9nicas.  Las plazas son limitadas.  El curso se efectuar\u00e1 cuando haya un m\u00ednimo de 10 personas inscritas.  (&quot;L&#039;Escola Eduquem per Cr\u00e9ixer &quot;se reserva el derecho de suspender la formaci\u00f3n si no hay un m\u00ednimo de participantes. En este caso, el importe pagado ser\u00e1 devuelto.)\" \/>\n<meta property=\"og:url\" content=\"https:\/\/xaviforcadell.com\/es\/producto\/percusion-corporal-en-el-ambito-educativo\/\" \/>\n<meta property=\"og:site_name\" content=\"Escola Eduquem per Cr&eacute;ixer\" \/>\n<meta property=\"article:publisher\" content=\"https:\/\/www.facebook.com\/drxaviforcadell\" \/>\n<meta property=\"article:modified_time\" content=\"2024-03-16T11:55:06+00:00\" \/>\n<meta property=\"og:image\" content=\"https:\/\/xaviforcadell.com\/wp-content\/uploads\/2022\/09\/PCcast.jpg\" \/>\n\t<meta property=\"og:image:width\" content=\"1080\" \/>\n\t<meta property=\"og:image:height\" content=\"1080\" \/>\n\t<meta property=\"og:image:type\" content=\"image\/jpeg\" \/>\n<meta name=\"twitter:card\" content=\"summary_large_image\" \/>\n<meta name=\"twitter:site\" content=\"@drxaviforcadell\" \/>\n<meta name=\"twitter:label1\" content=\"Tiempo de lectura\" \/>\n\t<meta name=\"twitter:data1\" content=\"1 minuto\" \/>\n<script type=\"application\/ld+json\" class=\"yoast-schema-graph\">{\"@context\":\"https:\/\/schema.org\",\"@graph\":[{\"@type\":\"WebPage\",\"@id\":\"https:\/\/xaviforcadell.com\/es\/producto\/percusion-corporal-en-el-ambito-educativo\/\",\"url\":\"https:\/\/xaviforcadell.com\/es\/producto\/percusion-corporal-en-el-ambito-educativo\/\",\"name\":\"Percusi\u00f3n Corporal en el \u00e1mbito educativo - Escola Eduquem per Cr&eacute;ixer\",\"isPartOf\":{\"@id\":\"https:\/\/xaviforcadell.com\/#website\"},\"primaryImageOfPage\":{\"@id\":\"https:\/\/xaviforcadell.com\/es\/producto\/percusion-corporal-en-el-ambito-educativo\/#primaryimage\"},\"image\":{\"@id\":\"https:\/\/xaviforcadell.com\/es\/producto\/percusion-corporal-en-el-ambito-educativo\/#primaryimage\"},\"thumbnailUrl\":\"https:\/\/xaviforcadell.com\/wp-content\/uploads\/2022\/09\/PCcast.jpg\",\"datePublished\":\"2022-09-06T20:44:28+00:00\",\"dateModified\":\"2024-03-16T11:55:06+00:00\",\"breadcrumb\":{\"@id\":\"https:\/\/xaviforcadell.com\/es\/producto\/percusion-corporal-en-el-ambito-educativo\/#breadcrumb\"},\"inLanguage\":\"es\",\"potentialAction\":[{\"@type\":\"ReadAction\",\"target\":[\"https:\/\/xaviforcadell.com\/es\/producto\/percusion-corporal-en-el-ambito-educativo\/\"]}]},{\"@type\":\"ImageObject\",\"inLanguage\":\"es\",\"@id\":\"https:\/\/xaviforcadell.com\/es\/producto\/percusion-corporal-en-el-ambito-educativo\/#primaryimage\",\"url\":\"https:\/\/xaviforcadell.com\/wp-content\/uploads\/2022\/09\/PCcast.jpg\",\"contentUrl\":\"https:\/\/xaviforcadell.com\/wp-content\/uploads\/2022\/09\/PCcast.jpg\",\"width\":1080,\"height\":1080},{\"@type\":\"BreadcrumbList\",\"@id\":\"https:\/\/xaviforcadell.com\/es\/producto\/percusion-corporal-en-el-ambito-educativo\/#breadcrumb\",\"itemListElement\":[{\"@type\":\"ListItem\",\"position\":1,\"name\":\"Portada\",\"item\":\"https:\/\/xaviforcadell.com\/es\/\"},{\"@type\":\"ListItem\",\"position\":2,\"name\":\"Tienda\",\"item\":\"https:\/\/xaviforcadell.com\/es\/pedido-librerias\/\"},{\"@type\":\"ListItem\",\"position\":3,\"name\":\"Percusi\u00f3n Corporal en el \u00e1mbito educativo\"}]},{\"@type\":\"WebSite\",\"@id\":\"https:\/\/xaviforcadell.com\/#website\",\"url\":\"https:\/\/xaviforcadell.com\/\",\"name\":\"Escola Eduquem per Cr&eacute;ixer\",\"description\":\"\",\"publisher\":{\"@id\":\"https:\/\/xaviforcadell.com\/#organization\"},\"potentialAction\":[{\"@type\":\"SearchAction\",\"target\":{\"@type\":\"EntryPoint\",\"urlTemplate\":\"https:\/\/xaviforcadell.com\/?s={search_term_string}\"},\"query-input\":{\"@type\":\"PropertyValueSpecification\",\"valueRequired\":true,\"valueName\":\"search_term_string\"}}],\"inLanguage\":\"es\"},{\"@type\":\"Organization\",\"@id\":\"https:\/\/xaviforcadell.com\/#organization\",\"name\":\"Escola Eduquem Per Cr\u00e9ixer\",\"url\":\"https:\/\/xaviforcadell.com\/\",\"logo\":{\"@type\":\"ImageObject\",\"inLanguage\":\"es\",\"@id\":\"https:\/\/xaviforcadell.com\/#\/schema\/logo\/image\/\",\"url\":\"https:\/\/xaviforcadell.com\/wp-content\/uploads\/2021\/05\/Escola-Xavi-Forcadell-logo-250px.png\",\"contentUrl\":\"https:\/\/xaviforcadell.com\/wp-content\/uploads\/2021\/05\/Escola-Xavi-Forcadell-logo-250px.png\",\"width\":250,\"height\":250,\"caption\":\"Escola Eduquem Per Cr\u00e9ixer\"},\"image\":{\"@id\":\"https:\/\/xaviforcadell.com\/#\/schema\/logo\/image\/\"},\"sameAs\":[\"https:\/\/www.facebook.com\/drxaviforcadell\",\"https:\/\/x.com\/drxaviforcadell\",\"https:\/\/www.instagram.com\/xaviforcadell\",\"https:\/\/www.linkedin.com\/in\/xavi-forcadell\",\"https:\/\/www.youtube.com\/c\/xaviforcadell\"]}]}<\/script>\n<!-- \/ Yoast SEO plugin. -->","yoast_head_json":{"title":"Percusi\u00f3n Corporal en el \u00e1mbito educativo - Escola Eduquem per Cr&eacute;ixer","robots":{"index":"index","follow":"follow","max-snippet":"max-snippet:-1","max-image-preview":"max-image-preview:large","max-video-preview":"max-video-preview:-1"},"canonical":"https:\/\/xaviforcadell.com\/es\/producto\/percusion-corporal-en-el-ambito-educativo\/","og_locale":"es_ES","og_type":"article","og_title":"Percusi\u00f3n Corporal en el \u00e1mbito educativo - Escola Eduquem per Cr&eacute;ixer","og_description":"Fechas: 3, 4, 5, 6 i 13 de julio de 10.00 h a 13.00 h  Modalidad: Online  Duraci\u00f3n: 30h reconocidas por el Departamento de Educaci\u00f3n, de las quales 15h son virtuales en directo y 15h son de trabajo personal.  A quien va dirigido: Profesorado de educaci\u00f3n primaria, secundaria, ciclos formativos, profesorado de universidad y formadores de docentes de materias relacionadas con M\u00fasica, la Educaci\u00f3n F\u00edsica, la Expresi\u00f3n Corporal y las Artes Esc\u00e9nicas.  Las plazas son limitadas.  El curso se efectuar\u00e1 cuando haya un m\u00ednimo de 10 personas inscritas.  (\"L'Escola Eduquem per Cr\u00e9ixer \"se reserva el derecho de suspender la formaci\u00f3n si no hay un m\u00ednimo de participantes. En este caso, el importe pagado ser\u00e1 devuelto.)","og_url":"https:\/\/xaviforcadell.com\/es\/producto\/percusion-corporal-en-el-ambito-educativo\/","og_site_name":"Escola Eduquem per Cr&eacute;ixer","article_publisher":"https:\/\/www.facebook.com\/drxaviforcadell","article_modified_time":"2024-03-16T11:55:06+00:00","og_image":[{"width":1080,"height":1080,"url":"https:\/\/xaviforcadell.com\/wp-content\/uploads\/2022\/09\/PCcast.jpg","type":"image\/jpeg"}],"twitter_card":"summary_large_image","twitter_site":"@drxaviforcadell","twitter_misc":{"Tiempo de lectura":"1 minuto"},"schema":{"@context":"https:\/\/schema.org","@graph":[{"@type":"WebPage","@id":"https:\/\/xaviforcadell.com\/es\/producto\/percusion-corporal-en-el-ambito-educativo\/","url":"https:\/\/xaviforcadell.com\/es\/producto\/percusion-corporal-en-el-ambito-educativo\/","name":"Percusi\u00f3n Corporal en el \u00e1mbito educativo - Escola Eduquem per Cr&eacute;ixer","isPartOf":{"@id":"https:\/\/xaviforcadell.com\/#website"},"primaryImageOfPage":{"@id":"https:\/\/xaviforcadell.com\/es\/producto\/percusion-corporal-en-el-ambito-educativo\/#primaryimage"},"image":{"@id":"https:\/\/xaviforcadell.com\/es\/producto\/percusion-corporal-en-el-ambito-educativo\/#primaryimage"},"thumbnailUrl":"https:\/\/xaviforcadell.com\/wp-content\/uploads\/2022\/09\/PCcast.jpg","datePublished":"2022-09-06T20:44:28+00:00","dateModified":"2024-03-16T11:55:06+00:00","breadcrumb":{"@id":"https:\/\/xaviforcadell.com\/es\/producto\/percusion-corporal-en-el-ambito-educativo\/#breadcrumb"},"inLanguage":"es","potentialAction":[{"@type":"ReadAction","target":["https:\/\/xaviforcadell.com\/es\/producto\/percusion-corporal-en-el-ambito-educativo\/"]}]},{"@type":"ImageObject","inLanguage":"es","@id":"https:\/\/xaviforcadell.com\/es\/producto\/percusion-corporal-en-el-ambito-educativo\/#primaryimage","url":"https:\/\/xaviforcadell.com\/wp-content\/uploads\/2022\/09\/PCcast.jpg","contentUrl":"https:\/\/xaviforcadell.com\/wp-content\/uploads\/2022\/09\/PCcast.jpg","width":1080,"height":1080},{"@type":"BreadcrumbList","@id":"https:\/\/xaviforcadell.com\/es\/producto\/percusion-corporal-en-el-ambito-educativo\/#breadcrumb","itemListElement":[{"@type":"ListItem","position":1,"name":"Portada","item":"https:\/\/xaviforcadell.com\/es\/"},{"@type":"ListItem","position":2,"name":"Tienda","item":"https:\/\/xaviforcadell.com\/es\/pedido-librerias\/"},{"@type":"ListItem","position":3,"name":"Percusi\u00f3n Corporal en el \u00e1mbito educativo"}]},{"@type":"WebSite","@id":"https:\/\/xaviforcadell.com\/#website","url":"https:\/\/xaviforcadell.com\/","name":"Escola Eduquem per Cr&eacute;ixer","description":"","publisher":{"@id":"https:\/\/xaviforcadell.com\/#organization"},"potentialAction":[{"@type":"SearchAction","target":{"@type":"EntryPoint","urlTemplate":"https:\/\/xaviforcadell.com\/?s={search_term_string}"},"query-input":{"@type":"PropertyValueSpecification","valueRequired":true,"valueName":"search_term_string"}}],"inLanguage":"es"},{"@type":"Organization","@id":"https:\/\/xaviforcadell.com\/#organization","name":"Escola Eduquem Per Cr\u00e9ixer","url":"https:\/\/xaviforcadell.com\/","logo":{"@type":"ImageObject","inLanguage":"es","@id":"https:\/\/xaviforcadell.com\/#\/schema\/logo\/image\/","url":"https:\/\/xaviforcadell.com\/wp-content\/uploads\/2021\/05\/Escola-Xavi-Forcadell-logo-250px.png","contentUrl":"https:\/\/xaviforcadell.com\/wp-content\/uploads\/2021\/05\/Escola-Xavi-Forcadell-logo-250px.png","width":250,"height":250,"caption":"Escola Eduquem Per Cr\u00e9ixer"},"image":{"@id":"https:\/\/xaviforcadell.com\/#\/schema\/logo\/image\/"},"sameAs":["https:\/\/www.facebook.com\/drxaviforcadell","https:\/\/x.com\/drxaviforcadell","https:\/\/www.instagram.com\/xaviforcadell","https:\/\/www.linkedin.com\/in\/xavi-forcadell","https:\/\/www.youtube.com\/c\/xaviforcadell"]}]}},"_links":{"self":[{"href":"https:\/\/xaviforcadell.com\/es\/wp-json\/wp\/v2\/product\/22153","targetHints":{"allow":["GET"]}}],"collection":[{"href":"https:\/\/xaviforcadell.com\/es\/wp-json\/wp\/v2\/product"}],"about":[{"href":"https:\/\/xaviforcadell.com\/es\/wp-json\/wp\/v2\/types\/product"}],"wp:featuredmedia":[{"embeddable":true,"href":"https:\/\/xaviforcadell.com\/es\/wp-json\/wp\/v2\/media\/22158"}],"wp:attachment":[{"href":"https:\/\/xaviforcadell.com\/es\/wp-json\/wp\/v2\/media?parent=22153"}],"wp:term":[{"taxonomy":"product_brand","embeddable":true,"href":"https:\/\/xaviforcadell.com\/es\/wp-json\/wp\/v2\/product_brand?post=22153"},{"taxonomy":"product_cat","embeddable":true,"href":"https:\/\/xaviforcadell.com\/es\/wp-json\/wp\/v2\/product_cat?post=22153"},{"taxonomy":"product_tag","embeddable":true,"href":"https:\/\/xaviforcadell.com\/es\/wp-json\/wp\/v2\/product_tag?post=22153"}],"curies":[{"name":"wp","href":"https:\/\/api.w.org\/{rel}","templated":true}]}}