{"id":22154,"date":"2022-09-06T22:53:40","date_gmt":"2022-09-06T20:53:40","guid":{"rendered":"https:\/\/xaviforcadell.com\/producto\/herramientas-para-coreografiar-con-los-estudiantes\/"},"modified":"2024-03-16T13:55:52","modified_gmt":"2024-03-16T11:55:52","slug":"herramientas-para-coreografiar-con-los-estudiantes","status":"publish","type":"product","link":"https:\/\/xaviforcadell.com\/es\/producto\/herramientas-para-coreografiar-con-los-estudiantes\/","title":{"rendered":"Herramientas para COREOGRAFIAR con los estudiantes"},"content":{"rendered":"<div>\n<div>En este curso conocer\u00e1s qu\u00e9 elementos determinan el gesto y\u00a0 estrategias para crear coreograf\u00edas.<\/div>\n<div><\/div>\n<div>El curr\u00edculum nos anima a implementar las danzas o bailes y, a veces, el profesorado siente poca vinculaci\u00f3n con \u00e9sta por falta de experiencias.<\/div>\n<div><\/div>\n<div>Esta formaci\u00f3n aproximar\u00e1 este lenguaje desde la expresi\u00f3n corporal donde experimentaremos las posibilidades de nuestro cuerpo para movernos en un espacio, siguiendo un tiempo y con una calidad de movimiento.<\/div>\n<div><\/div>\n<div>Revisaremos el curr\u00edculum y veremos las necesidades de los participantes a la formaci\u00f3n para enfocar toda la pr\u00e1ctica. Con la finalidad de transferencia y para conocer tus propias sensaciones al aplicar lo que has aprendido, observar y recoger las reacciones de los estudiantes y valorar aspectos de mejora de la propuesta personal se implementar\u00e1 a clase con el alumnado actual.<\/div>\n<\/div>\n","protected":false},"excerpt":{"rendered":"<p><strong>Modalidad: <\/strong>Online<\/p>\n<p><strong>Duraci\u00f3n:<\/strong> 30h <em>(15h sesiones sincr\u00f3nicas y 15h trabajo personal)<\/em><\/p>\n<p><strong>A quien va dirigido:<\/strong> Profesorado de educaci\u00f3n primaria, secundaria, cicles formativos, profesorado de universidad y formadores de docentes de materias relacionadas con la M\u00fasica, la Educaci\u00f3n F\u00edsica, la Expresi\u00f3n Corporal y las Artes Esc\u00e9nicas.<\/p>\n<p><i><b>Las plazas son limitadas.<\/b><\/i> (&#8220;L&#8217;Escola Eduquem per Cr\u00e9ixer&#8221; se reserva el derecho de suspender la formaci\u00f3n si no hay un m\u00ednimo de participantes. En este caso, el importe pagado ser\u00e1 reembolsado.)<\/p>\n","protected":false},"featured_media":22149,"template":"","meta":{"site-sidebar-layout":"default","site-content-layout":"default","ast-site-content-layout":"default","site-content-style":"default","site-sidebar-style":"default","ast-global-header-display":"","ast-banner-title-visibility":"","ast-main-header-display":"","ast-hfb-above-header-display":"","ast-hfb-below-header-display":"","ast-hfb-mobile-header-display":"","site-post-title":"","ast-breadcrumbs-content":null,"ast-featured-img":"","footer-sml-layout":"","theme-transparent-header-meta":"default","adv-header-id-meta":"","stick-header-meta":"default","header-above-stick-meta":"","header-main-stick-meta":"","header-below-stick-meta":"","astra-migrate-meta-layouts":"default","ast-page-background-enabled":"default","ast-page-background-meta":{"desktop":{"background-color":"var(--ast-global-color-4)","background-image":"","background-repeat":"repeat","background-position":"center center","background-size":"auto","background-attachment":"scroll","background-type":"","background-media":"","overlay-type":"","overlay-color":"","overlay-opacity":"","overlay-gradient":""},"tablet":{"background-color":"","background-image":"","background-repeat":"repeat","background-position":"center center","background-size":"auto","background-attachment":"scroll","background-type":"","background-media":"","overlay-type":"","overlay-color":"","overlay-opacity":"","overlay-gradient":""},"mobile":{"background-color":"","background-image":"","background-repeat":"repeat","background-position":"center center","background-size":"auto","background-attachment":"scroll","background-type":"","background-media":"","overlay-type":"","overlay-color":"","overlay-opacity":"","overlay-gradient":""}},"ast-content-background-meta":{"desktop":{"background-color":"var(--ast-global-color-5)","background-image":"","background-repeat":"repeat","background-position":"center center","background-size":"auto","background-attachment":"scroll","background-type":"","background-media":"","overlay-type":"","overlay-color":"","overlay-opacity":"","overlay-gradient":""},"tablet":{"background-color":"var(--ast-global-color-5)","background-image":"","background-repeat":"repeat","background-position":"center center","background-size":"auto","background-attachment":"scroll","background-type":"","background-media":"","overlay-type":"","overlay-color":"","overlay-opacity":"","overlay-gradient":""},"mobile":{"background-color":"var(--ast-global-color-5)","background-image":"","background-repeat":"repeat","background-position":"center center","background-size":"auto","background-attachment":"scroll","background-type":"","background-media":"","overlay-type":"","overlay-color":"","overlay-opacity":"","overlay-gradient":""}}},"product_brand":[],"product_cat":[86],"product_tag":[],"class_list":{"0":"post-22154","1":"product","2":"type-product","3":"status-publish","4":"has-post-thumbnail","6":"product_cat-expresion-corporal-es","7":"desktop-align-left","8":"tablet-align-left","9":"mobile-align-left","10":"ast-product-gallery-layout-horizontal-slider","11":"ast-product-tabs-layout-horizontal","13":"first","14":"outofstock","15":"virtual","16":"sold-individually","17":"purchasable","18":"product-type-course"},"yoast_head":"<!-- This site is optimized with the Yoast SEO plugin v25.5 - https:\/\/yoast.com\/wordpress\/plugins\/seo\/ -->\n<title>Herramientas para COREOGRAFIAR con los estudiantes - Escola Eduquem per Cr&eacute;ixer<\/title>\n<meta name=\"robots\" content=\"index, follow, max-snippet:-1, max-image-preview:large, max-video-preview:-1\" \/>\n<link rel=\"canonical\" href=\"https:\/\/xaviforcadell.com\/es\/producto\/herramientas-para-coreografiar-con-los-estudiantes\/\" \/>\n<meta property=\"og:locale\" content=\"es_ES\" \/>\n<meta property=\"og:type\" content=\"article\" \/>\n<meta property=\"og:title\" content=\"Herramientas para COREOGRAFIAR con los estudiantes - Escola Eduquem per Cr&eacute;ixer\" \/>\n<meta property=\"og:description\" content=\"Modalidad: Online  Duraci\u00f3n: 30h (15h sesiones sincr\u00f3nicas y 15h trabajo personal)  A quien va dirigido: Profesorado de educaci\u00f3n primaria, secundaria, cicles formativos, profesorado de universidad y formadores de docentes de materias relacionadas con la M\u00fasica, la Educaci\u00f3n F\u00edsica, la Expresi\u00f3n Corporal y las Artes Esc\u00e9nicas.  Las plazas son limitadas. (&quot;L&#039;Escola Eduquem per Cr\u00e9ixer&quot; se reserva el derecho de suspender la formaci\u00f3n si no hay un m\u00ednimo de participantes. En este caso, el importe pagado ser\u00e1 reembolsado.)\" \/>\n<meta property=\"og:url\" content=\"https:\/\/xaviforcadell.com\/es\/producto\/herramientas-para-coreografiar-con-los-estudiantes\/\" \/>\n<meta property=\"og:site_name\" content=\"Escola Eduquem per Cr&eacute;ixer\" \/>\n<meta property=\"article:publisher\" content=\"https:\/\/www.facebook.com\/drxaviforcadell\" \/>\n<meta property=\"article:modified_time\" content=\"2024-03-16T11:55:52+00:00\" \/>\n<meta property=\"og:image\" content=\"https:\/\/xaviforcadell.com\/wp-content\/uploads\/2022\/09\/ECcat.jpg\" \/>\n\t<meta property=\"og:image:width\" content=\"1080\" \/>\n\t<meta property=\"og:image:height\" content=\"1080\" \/>\n\t<meta property=\"og:image:type\" content=\"image\/jpeg\" \/>\n<meta name=\"twitter:card\" content=\"summary_large_image\" \/>\n<meta name=\"twitter:site\" content=\"@drxaviforcadell\" \/>\n<meta name=\"twitter:label1\" content=\"Tiempo de lectura\" \/>\n\t<meta name=\"twitter:data1\" content=\"1 minuto\" \/>\n<script type=\"application\/ld+json\" class=\"yoast-schema-graph\">{\"@context\":\"https:\/\/schema.org\",\"@graph\":[{\"@type\":\"WebPage\",\"@id\":\"https:\/\/xaviforcadell.com\/es\/producto\/herramientas-para-coreografiar-con-los-estudiantes\/\",\"url\":\"https:\/\/xaviforcadell.com\/es\/producto\/herramientas-para-coreografiar-con-los-estudiantes\/\",\"name\":\"Herramientas para COREOGRAFIAR con los estudiantes - Escola Eduquem per Cr&eacute;ixer\",\"isPartOf\":{\"@id\":\"https:\/\/xaviforcadell.com\/#website\"},\"primaryImageOfPage\":{\"@id\":\"https:\/\/xaviforcadell.com\/es\/producto\/herramientas-para-coreografiar-con-los-estudiantes\/#primaryimage\"},\"image\":{\"@id\":\"https:\/\/xaviforcadell.com\/es\/producto\/herramientas-para-coreografiar-con-los-estudiantes\/#primaryimage\"},\"thumbnailUrl\":\"https:\/\/xaviforcadell.com\/wp-content\/uploads\/2022\/09\/ECcat.jpg\",\"datePublished\":\"2022-09-06T20:53:40+00:00\",\"dateModified\":\"2024-03-16T11:55:52+00:00\",\"breadcrumb\":{\"@id\":\"https:\/\/xaviforcadell.com\/es\/producto\/herramientas-para-coreografiar-con-los-estudiantes\/#breadcrumb\"},\"inLanguage\":\"es\",\"potentialAction\":[{\"@type\":\"ReadAction\",\"target\":[\"https:\/\/xaviforcadell.com\/es\/producto\/herramientas-para-coreografiar-con-los-estudiantes\/\"]}]},{\"@type\":\"ImageObject\",\"inLanguage\":\"es\",\"@id\":\"https:\/\/xaviforcadell.com\/es\/producto\/herramientas-para-coreografiar-con-los-estudiantes\/#primaryimage\",\"url\":\"https:\/\/xaviforcadell.com\/wp-content\/uploads\/2022\/09\/ECcat.jpg\",\"contentUrl\":\"https:\/\/xaviforcadell.com\/wp-content\/uploads\/2022\/09\/ECcat.jpg\",\"width\":1080,\"height\":1080,\"caption\":\"Herramientas para coreografiar\"},{\"@type\":\"BreadcrumbList\",\"@id\":\"https:\/\/xaviforcadell.com\/es\/producto\/herramientas-para-coreografiar-con-los-estudiantes\/#breadcrumb\",\"itemListElement\":[{\"@type\":\"ListItem\",\"position\":1,\"name\":\"Portada\",\"item\":\"https:\/\/xaviforcadell.com\/es\/\"},{\"@type\":\"ListItem\",\"position\":2,\"name\":\"Tienda\",\"item\":\"https:\/\/xaviforcadell.com\/es\/pedido-librerias\/\"},{\"@type\":\"ListItem\",\"position\":3,\"name\":\"Herramientas para COREOGRAFIAR con los estudiantes\"}]},{\"@type\":\"WebSite\",\"@id\":\"https:\/\/xaviforcadell.com\/#website\",\"url\":\"https:\/\/xaviforcadell.com\/\",\"name\":\"Escola Eduquem per Cr&eacute;ixer\",\"description\":\"\",\"publisher\":{\"@id\":\"https:\/\/xaviforcadell.com\/#organization\"},\"potentialAction\":[{\"@type\":\"SearchAction\",\"target\":{\"@type\":\"EntryPoint\",\"urlTemplate\":\"https:\/\/xaviforcadell.com\/?s={search_term_string}\"},\"query-input\":{\"@type\":\"PropertyValueSpecification\",\"valueRequired\":true,\"valueName\":\"search_term_string\"}}],\"inLanguage\":\"es\"},{\"@type\":\"Organization\",\"@id\":\"https:\/\/xaviforcadell.com\/#organization\",\"name\":\"Escola Eduquem Per Cr\u00e9ixer\",\"url\":\"https:\/\/xaviforcadell.com\/\",\"logo\":{\"@type\":\"ImageObject\",\"inLanguage\":\"es\",\"@id\":\"https:\/\/xaviforcadell.com\/#\/schema\/logo\/image\/\",\"url\":\"https:\/\/xaviforcadell.com\/wp-content\/uploads\/2021\/05\/Escola-Xavi-Forcadell-logo-250px.png\",\"contentUrl\":\"https:\/\/xaviforcadell.com\/wp-content\/uploads\/2021\/05\/Escola-Xavi-Forcadell-logo-250px.png\",\"width\":250,\"height\":250,\"caption\":\"Escola Eduquem Per Cr\u00e9ixer\"},\"image\":{\"@id\":\"https:\/\/xaviforcadell.com\/#\/schema\/logo\/image\/\"},\"sameAs\":[\"https:\/\/www.facebook.com\/drxaviforcadell\",\"https:\/\/x.com\/drxaviforcadell\",\"https:\/\/www.instagram.com\/xaviforcadell\",\"https:\/\/www.linkedin.com\/in\/xavi-forcadell\",\"https:\/\/www.youtube.com\/c\/xaviforcadell\"]}]}<\/script>\n<!-- \/ Yoast SEO plugin. -->","yoast_head_json":{"title":"Herramientas para COREOGRAFIAR con los estudiantes - Escola Eduquem per Cr&eacute;ixer","robots":{"index":"index","follow":"follow","max-snippet":"max-snippet:-1","max-image-preview":"max-image-preview:large","max-video-preview":"max-video-preview:-1"},"canonical":"https:\/\/xaviforcadell.com\/es\/producto\/herramientas-para-coreografiar-con-los-estudiantes\/","og_locale":"es_ES","og_type":"article","og_title":"Herramientas para COREOGRAFIAR con los estudiantes - Escola Eduquem per Cr&eacute;ixer","og_description":"Modalidad: Online  Duraci\u00f3n: 30h (15h sesiones sincr\u00f3nicas y 15h trabajo personal)  A quien va dirigido: Profesorado de educaci\u00f3n primaria, secundaria, cicles formativos, profesorado de universidad y formadores de docentes de materias relacionadas con la M\u00fasica, la Educaci\u00f3n F\u00edsica, la Expresi\u00f3n Corporal y las Artes Esc\u00e9nicas.  Las plazas son limitadas. (\"L'Escola Eduquem per Cr\u00e9ixer\" se reserva el derecho de suspender la formaci\u00f3n si no hay un m\u00ednimo de participantes. En este caso, el importe pagado ser\u00e1 reembolsado.)","og_url":"https:\/\/xaviforcadell.com\/es\/producto\/herramientas-para-coreografiar-con-los-estudiantes\/","og_site_name":"Escola Eduquem per Cr&eacute;ixer","article_publisher":"https:\/\/www.facebook.com\/drxaviforcadell","article_modified_time":"2024-03-16T11:55:52+00:00","og_image":[{"width":1080,"height":1080,"url":"https:\/\/xaviforcadell.com\/wp-content\/uploads\/2022\/09\/ECcat.jpg","type":"image\/jpeg"}],"twitter_card":"summary_large_image","twitter_site":"@drxaviforcadell","twitter_misc":{"Tiempo de lectura":"1 minuto"},"schema":{"@context":"https:\/\/schema.org","@graph":[{"@type":"WebPage","@id":"https:\/\/xaviforcadell.com\/es\/producto\/herramientas-para-coreografiar-con-los-estudiantes\/","url":"https:\/\/xaviforcadell.com\/es\/producto\/herramientas-para-coreografiar-con-los-estudiantes\/","name":"Herramientas para COREOGRAFIAR con los estudiantes - Escola Eduquem per Cr&eacute;ixer","isPartOf":{"@id":"https:\/\/xaviforcadell.com\/#website"},"primaryImageOfPage":{"@id":"https:\/\/xaviforcadell.com\/es\/producto\/herramientas-para-coreografiar-con-los-estudiantes\/#primaryimage"},"image":{"@id":"https:\/\/xaviforcadell.com\/es\/producto\/herramientas-para-coreografiar-con-los-estudiantes\/#primaryimage"},"thumbnailUrl":"https:\/\/xaviforcadell.com\/wp-content\/uploads\/2022\/09\/ECcat.jpg","datePublished":"2022-09-06T20:53:40+00:00","dateModified":"2024-03-16T11:55:52+00:00","breadcrumb":{"@id":"https:\/\/xaviforcadell.com\/es\/producto\/herramientas-para-coreografiar-con-los-estudiantes\/#breadcrumb"},"inLanguage":"es","potentialAction":[{"@type":"ReadAction","target":["https:\/\/xaviforcadell.com\/es\/producto\/herramientas-para-coreografiar-con-los-estudiantes\/"]}]},{"@type":"ImageObject","inLanguage":"es","@id":"https:\/\/xaviforcadell.com\/es\/producto\/herramientas-para-coreografiar-con-los-estudiantes\/#primaryimage","url":"https:\/\/xaviforcadell.com\/wp-content\/uploads\/2022\/09\/ECcat.jpg","contentUrl":"https:\/\/xaviforcadell.com\/wp-content\/uploads\/2022\/09\/ECcat.jpg","width":1080,"height":1080,"caption":"Herramientas para coreografiar"},{"@type":"BreadcrumbList","@id":"https:\/\/xaviforcadell.com\/es\/producto\/herramientas-para-coreografiar-con-los-estudiantes\/#breadcrumb","itemListElement":[{"@type":"ListItem","position":1,"name":"Portada","item":"https:\/\/xaviforcadell.com\/es\/"},{"@type":"ListItem","position":2,"name":"Tienda","item":"https:\/\/xaviforcadell.com\/es\/pedido-librerias\/"},{"@type":"ListItem","position":3,"name":"Herramientas para COREOGRAFIAR con los estudiantes"}]},{"@type":"WebSite","@id":"https:\/\/xaviforcadell.com\/#website","url":"https:\/\/xaviforcadell.com\/","name":"Escola Eduquem per Cr&eacute;ixer","description":"","publisher":{"@id":"https:\/\/xaviforcadell.com\/#organization"},"potentialAction":[{"@type":"SearchAction","target":{"@type":"EntryPoint","urlTemplate":"https:\/\/xaviforcadell.com\/?s={search_term_string}"},"query-input":{"@type":"PropertyValueSpecification","valueRequired":true,"valueName":"search_term_string"}}],"inLanguage":"es"},{"@type":"Organization","@id":"https:\/\/xaviforcadell.com\/#organization","name":"Escola Eduquem Per Cr\u00e9ixer","url":"https:\/\/xaviforcadell.com\/","logo":{"@type":"ImageObject","inLanguage":"es","@id":"https:\/\/xaviforcadell.com\/#\/schema\/logo\/image\/","url":"https:\/\/xaviforcadell.com\/wp-content\/uploads\/2021\/05\/Escola-Xavi-Forcadell-logo-250px.png","contentUrl":"https:\/\/xaviforcadell.com\/wp-content\/uploads\/2021\/05\/Escola-Xavi-Forcadell-logo-250px.png","width":250,"height":250,"caption":"Escola Eduquem Per Cr\u00e9ixer"},"image":{"@id":"https:\/\/xaviforcadell.com\/#\/schema\/logo\/image\/"},"sameAs":["https:\/\/www.facebook.com\/drxaviforcadell","https:\/\/x.com\/drxaviforcadell","https:\/\/www.instagram.com\/xaviforcadell","https:\/\/www.linkedin.com\/in\/xavi-forcadell","https:\/\/www.youtube.com\/c\/xaviforcadell"]}]}},"_links":{"self":[{"href":"https:\/\/xaviforcadell.com\/es\/wp-json\/wp\/v2\/product\/22154","targetHints":{"allow":["GET"]}}],"collection":[{"href":"https:\/\/xaviforcadell.com\/es\/wp-json\/wp\/v2\/product"}],"about":[{"href":"https:\/\/xaviforcadell.com\/es\/wp-json\/wp\/v2\/types\/product"}],"wp:featuredmedia":[{"embeddable":true,"href":"https:\/\/xaviforcadell.com\/es\/wp-json\/wp\/v2\/media\/22149"}],"wp:attachment":[{"href":"https:\/\/xaviforcadell.com\/es\/wp-json\/wp\/v2\/media?parent=22154"}],"wp:term":[{"taxonomy":"product_brand","embeddable":true,"href":"https:\/\/xaviforcadell.com\/es\/wp-json\/wp\/v2\/product_brand?post=22154"},{"taxonomy":"product_cat","embeddable":true,"href":"https:\/\/xaviforcadell.com\/es\/wp-json\/wp\/v2\/product_cat?post=22154"},{"taxonomy":"product_tag","embeddable":true,"href":"https:\/\/xaviforcadell.com\/es\/wp-json\/wp\/v2\/product_tag?post=22154"}],"curies":[{"name":"wp","href":"https:\/\/api.w.org\/{rel}","templated":true}]}}