{"id":29308,"date":"2023-09-07T22:14:59","date_gmt":"2023-09-07T20:14:59","guid":{"rendered":"https:\/\/xaviforcadell.com\/producto\/el-cranc-juganer-tambe-es-nadal-sota-el-mar-edicio-en-catala\/"},"modified":"2023-10-14T20:54:14","modified_gmt":"2023-10-14T18:54:14","slug":"el-cranc-juganer-tambe-es-nadal-sota-el-mar-edicio-en-catala","status":"publish","type":"product","link":"https:\/\/xaviforcadell.com\/es\/producto\/el-cranc-juganer-tambe-es-nadal-sota-el-mar-edicio-en-catala\/","title":{"rendered":"El Cranc Juganer. Tamb\u00e9 \u00e9s Nadal sota el mar. Edici\u00f3n en catal\u00e1n!"},"content":{"rendered":"","protected":false},"excerpt":{"rendered":"<p>\u00a1Despu\u00e9s del \u00e9xito del cuento \u201cEl Cangrejo Juguet\u00f3n\u201d, llega una nueva aventura de este cangrejo que enamora a peque\u00f1os y mayores!<\/p>\n","protected":false},"featured_media":29324,"template":"","meta":{"site-sidebar-layout":"default","site-content-layout":null,"ast-site-content-layout":"default","site-content-style":"default","site-sidebar-style":"default","ast-global-header-display":"","ast-banner-title-visibility":"","ast-main-header-display":"","ast-hfb-above-header-display":"","ast-hfb-below-header-display":"","ast-hfb-mobile-header-display":"","site-post-title":"","ast-breadcrumbs-content":"","ast-featured-img":"","footer-sml-layout":"","theme-transparent-header-meta":"default","adv-header-id-meta":"","stick-header-meta":"default","header-above-stick-meta":"","header-main-stick-meta":"","header-below-stick-meta":"","astra-migrate-meta-layouts":"default","ast-page-background-enabled":"default","ast-page-background-meta":{"desktop":{"background-color":"var(--ast-global-color-4)","background-image":"","background-repeat":"repeat","background-position":"center center","background-size":"auto","background-attachment":"scroll","background-type":"","background-media":"","overlay-type":"","overlay-color":"","overlay-opacity":"","overlay-gradient":""},"tablet":{"background-color":"","background-image":"","background-repeat":"repeat","background-position":"center center","background-size":"auto","background-attachment":"scroll","background-type":"","background-media":"","overlay-type":"","overlay-color":"","overlay-opacity":"","overlay-gradient":""},"mobile":{"background-color":"","background-image":"","background-repeat":"repeat","background-position":"center center","background-size":"auto","background-attachment":"scroll","background-type":"","background-media":"","overlay-type":"","overlay-color":"","overlay-opacity":"","overlay-gradient":""}},"ast-content-background-meta":{"desktop":{"background-color":"var(--ast-global-color-5)","background-image":"","background-repeat":"repeat","background-position":"center center","background-size":"auto","background-attachment":"scroll","background-type":"","background-media":"","overlay-type":"","overlay-color":"","overlay-opacity":"","overlay-gradient":""},"tablet":{"background-color":"var(--ast-global-color-5)","background-image":"","background-repeat":"repeat","background-position":"center center","background-size":"auto","background-attachment":"scroll","background-type":"","background-media":"","overlay-type":"","overlay-color":"","overlay-opacity":"","overlay-gradient":""},"mobile":{"background-color":"var(--ast-global-color-5)","background-image":"","background-repeat":"repeat","background-position":"center center","background-size":"auto","background-attachment":"scroll","background-type":"","background-media":"","overlay-type":"","overlay-color":"","overlay-opacity":"","overlay-gradient":""}}},"product_brand":[],"product_cat":[21],"product_tag":[],"class_list":{"0":"post-29308","1":"product","2":"type-product","3":"status-publish","4":"has-post-thumbnail","6":"product_cat-libros","7":"product_shipping_class-particulars","8":"desktop-align-left","9":"tablet-align-left","10":"mobile-align-left","11":"ast-product-gallery-layout-horizontal-slider","12":"ast-product-gallery-with-no-image","13":"ast-product-tabs-layout-horizontal","15":"first","16":"instock","17":"taxable","18":"shipping-taxable","19":"purchasable","20":"product-type-simple"},"yoast_head":"<!-- This site is optimized with the Yoast SEO plugin v25.5 - https:\/\/yoast.com\/wordpress\/plugins\/seo\/ -->\n<title>El Cranc Juganer. Tamb\u00e9 \u00e9s Nadal sota el mar. Edici\u00f3n en catal\u00e1n! -<\/title>\n<meta name=\"robots\" content=\"index, follow, max-snippet:-1, max-image-preview:large, max-video-preview:-1\" \/>\n<link rel=\"canonical\" href=\"https:\/\/xaviforcadell.com\/es\/producto\/el-cranc-juganer-tambe-es-nadal-sota-el-mar-edicio-en-catala\/\" \/>\n<meta property=\"og:locale\" content=\"es_ES\" \/>\n<meta property=\"og:type\" content=\"article\" \/>\n<meta property=\"og:title\" content=\"El Cranc Juganer. Tamb\u00e9 \u00e9s Nadal sota el mar. Edici\u00f3n en catal\u00e1n! -\" \/>\n<meta property=\"og:description\" content=\"\u00a1Despu\u00e9s del \u00e9xito del cuento \u201cEl Cangrejo Juguet\u00f3n\u201d, llega una nueva aventura de este cangrejo que enamora a peque\u00f1os y mayores!\" \/>\n<meta property=\"og:url\" content=\"https:\/\/xaviforcadell.com\/es\/producto\/el-cranc-juganer-tambe-es-nadal-sota-el-mar-edicio-en-catala\/\" \/>\n<meta property=\"og:site_name\" content=\"Escola Eduquem per Cr&eacute;ixer\" \/>\n<meta property=\"article:publisher\" content=\"https:\/\/www.facebook.com\/drxaviforcadell\" \/>\n<meta property=\"article:modified_time\" content=\"2023-10-14T18:54:14+00:00\" \/>\n<meta property=\"og:image\" content=\"https:\/\/xaviforcadell.com\/wp-content\/uploads\/2023\/09\/Conte-El-Cranc-Juganer-Tambe-es-Nadal-sota-el-mar-scaled.jpg\" \/>\n\t<meta property=\"og:image:width\" content=\"2560\" \/>\n\t<meta property=\"og:image:height\" content=\"2281\" \/>\n\t<meta property=\"og:image:type\" content=\"image\/jpeg\" \/>\n<meta name=\"twitter:card\" content=\"summary_large_image\" \/>\n<meta name=\"twitter:site\" content=\"@drxaviforcadell\" \/>\n<script type=\"application\/ld+json\" class=\"yoast-schema-graph\">{\"@context\":\"https:\/\/schema.org\",\"@graph\":[{\"@type\":\"WebPage\",\"@id\":\"https:\/\/xaviforcadell.com\/es\/producto\/el-cranc-juganer-tambe-es-nadal-sota-el-mar-edicio-en-catala\/\",\"url\":\"https:\/\/xaviforcadell.com\/es\/producto\/el-cranc-juganer-tambe-es-nadal-sota-el-mar-edicio-en-catala\/\",\"name\":\"El Cranc Juganer. Tamb\u00e9 \u00e9s Nadal sota el mar. Edici\u00f3n en catal\u00e1n! -\",\"isPartOf\":{\"@id\":\"https:\/\/xaviforcadell.com\/#website\"},\"primaryImageOfPage\":{\"@id\":\"https:\/\/xaviforcadell.com\/es\/producto\/el-cranc-juganer-tambe-es-nadal-sota-el-mar-edicio-en-catala\/#primaryimage\"},\"image\":{\"@id\":\"https:\/\/xaviforcadell.com\/es\/producto\/el-cranc-juganer-tambe-es-nadal-sota-el-mar-edicio-en-catala\/#primaryimage\"},\"thumbnailUrl\":\"https:\/\/xaviforcadell.com\/wp-content\/uploads\/2023\/09\/Conte-El-Cranc-Juganer-Tambe-es-Nadal-sota-el-mar-scaled.jpg\",\"datePublished\":\"2023-09-07T20:14:59+00:00\",\"dateModified\":\"2023-10-14T18:54:14+00:00\",\"breadcrumb\":{\"@id\":\"https:\/\/xaviforcadell.com\/es\/producto\/el-cranc-juganer-tambe-es-nadal-sota-el-mar-edicio-en-catala\/#breadcrumb\"},\"inLanguage\":\"es\",\"potentialAction\":[{\"@type\":\"ReadAction\",\"target\":[\"https:\/\/xaviforcadell.com\/es\/producto\/el-cranc-juganer-tambe-es-nadal-sota-el-mar-edicio-en-catala\/\"]}]},{\"@type\":\"ImageObject\",\"inLanguage\":\"es\",\"@id\":\"https:\/\/xaviforcadell.com\/es\/producto\/el-cranc-juganer-tambe-es-nadal-sota-el-mar-edicio-en-catala\/#primaryimage\",\"url\":\"https:\/\/xaviforcadell.com\/wp-content\/uploads\/2023\/09\/Conte-El-Cranc-Juganer-Tambe-es-Nadal-sota-el-mar-scaled.jpg\",\"contentUrl\":\"https:\/\/xaviforcadell.com\/wp-content\/uploads\/2023\/09\/Conte-El-Cranc-Juganer-Tambe-es-Nadal-sota-el-mar-scaled.jpg\",\"width\":2560,\"height\":2281},{\"@type\":\"BreadcrumbList\",\"@id\":\"https:\/\/xaviforcadell.com\/es\/producto\/el-cranc-juganer-tambe-es-nadal-sota-el-mar-edicio-en-catala\/#breadcrumb\",\"itemListElement\":[{\"@type\":\"ListItem\",\"position\":1,\"name\":\"Portada\",\"item\":\"https:\/\/xaviforcadell.com\/es\/\"},{\"@type\":\"ListItem\",\"position\":2,\"name\":\"Tienda\",\"item\":\"https:\/\/xaviforcadell.com\/es\/pedido-librerias\/\"},{\"@type\":\"ListItem\",\"position\":3,\"name\":\"El Cranc Juganer. Tamb\u00e9 \u00e9s Nadal sota el mar. Edici\u00f3n en catal\u00e1n!\"}]},{\"@type\":\"WebSite\",\"@id\":\"https:\/\/xaviforcadell.com\/#website\",\"url\":\"https:\/\/xaviforcadell.com\/\",\"name\":\"Escola Eduquem per Cr&eacute;ixer\",\"description\":\"\",\"publisher\":{\"@id\":\"https:\/\/xaviforcadell.com\/#organization\"},\"potentialAction\":[{\"@type\":\"SearchAction\",\"target\":{\"@type\":\"EntryPoint\",\"urlTemplate\":\"https:\/\/xaviforcadell.com\/?s={search_term_string}\"},\"query-input\":{\"@type\":\"PropertyValueSpecification\",\"valueRequired\":true,\"valueName\":\"search_term_string\"}}],\"inLanguage\":\"es\"},{\"@type\":\"Organization\",\"@id\":\"https:\/\/xaviforcadell.com\/#organization\",\"name\":\"Escola Eduquem Per Cr\u00e9ixer\",\"url\":\"https:\/\/xaviforcadell.com\/\",\"logo\":{\"@type\":\"ImageObject\",\"inLanguage\":\"es\",\"@id\":\"https:\/\/xaviforcadell.com\/#\/schema\/logo\/image\/\",\"url\":\"https:\/\/xaviforcadell.com\/wp-content\/uploads\/2021\/05\/Escola-Xavi-Forcadell-logo-250px.png\",\"contentUrl\":\"https:\/\/xaviforcadell.com\/wp-content\/uploads\/2021\/05\/Escola-Xavi-Forcadell-logo-250px.png\",\"width\":250,\"height\":250,\"caption\":\"Escola Eduquem Per Cr\u00e9ixer\"},\"image\":{\"@id\":\"https:\/\/xaviforcadell.com\/#\/schema\/logo\/image\/\"},\"sameAs\":[\"https:\/\/www.facebook.com\/drxaviforcadell\",\"https:\/\/x.com\/drxaviforcadell\",\"https:\/\/www.instagram.com\/xaviforcadell\",\"https:\/\/www.linkedin.com\/in\/xavi-forcadell\",\"https:\/\/www.youtube.com\/c\/xaviforcadell\"]}]}<\/script>\n<!-- \/ Yoast SEO plugin. -->","yoast_head_json":{"title":"El Cranc Juganer. Tamb\u00e9 \u00e9s Nadal sota el mar. Edici\u00f3n en catal\u00e1n! -","robots":{"index":"index","follow":"follow","max-snippet":"max-snippet:-1","max-image-preview":"max-image-preview:large","max-video-preview":"max-video-preview:-1"},"canonical":"https:\/\/xaviforcadell.com\/es\/producto\/el-cranc-juganer-tambe-es-nadal-sota-el-mar-edicio-en-catala\/","og_locale":"es_ES","og_type":"article","og_title":"El Cranc Juganer. Tamb\u00e9 \u00e9s Nadal sota el mar. Edici\u00f3n en catal\u00e1n! -","og_description":"\u00a1Despu\u00e9s del \u00e9xito del cuento \u201cEl Cangrejo Juguet\u00f3n\u201d, llega una nueva aventura de este cangrejo que enamora a peque\u00f1os y mayores!","og_url":"https:\/\/xaviforcadell.com\/es\/producto\/el-cranc-juganer-tambe-es-nadal-sota-el-mar-edicio-en-catala\/","og_site_name":"Escola Eduquem per Cr&eacute;ixer","article_publisher":"https:\/\/www.facebook.com\/drxaviforcadell","article_modified_time":"2023-10-14T18:54:14+00:00","og_image":[{"width":2560,"height":2281,"url":"https:\/\/xaviforcadell.com\/wp-content\/uploads\/2023\/09\/Conte-El-Cranc-Juganer-Tambe-es-Nadal-sota-el-mar-scaled.jpg","type":"image\/jpeg"}],"twitter_card":"summary_large_image","twitter_site":"@drxaviforcadell","schema":{"@context":"https:\/\/schema.org","@graph":[{"@type":"WebPage","@id":"https:\/\/xaviforcadell.com\/es\/producto\/el-cranc-juganer-tambe-es-nadal-sota-el-mar-edicio-en-catala\/","url":"https:\/\/xaviforcadell.com\/es\/producto\/el-cranc-juganer-tambe-es-nadal-sota-el-mar-edicio-en-catala\/","name":"El Cranc Juganer. Tamb\u00e9 \u00e9s Nadal sota el mar. Edici\u00f3n en catal\u00e1n! -","isPartOf":{"@id":"https:\/\/xaviforcadell.com\/#website"},"primaryImageOfPage":{"@id":"https:\/\/xaviforcadell.com\/es\/producto\/el-cranc-juganer-tambe-es-nadal-sota-el-mar-edicio-en-catala\/#primaryimage"},"image":{"@id":"https:\/\/xaviforcadell.com\/es\/producto\/el-cranc-juganer-tambe-es-nadal-sota-el-mar-edicio-en-catala\/#primaryimage"},"thumbnailUrl":"https:\/\/xaviforcadell.com\/wp-content\/uploads\/2023\/09\/Conte-El-Cranc-Juganer-Tambe-es-Nadal-sota-el-mar-scaled.jpg","datePublished":"2023-09-07T20:14:59+00:00","dateModified":"2023-10-14T18:54:14+00:00","breadcrumb":{"@id":"https:\/\/xaviforcadell.com\/es\/producto\/el-cranc-juganer-tambe-es-nadal-sota-el-mar-edicio-en-catala\/#breadcrumb"},"inLanguage":"es","potentialAction":[{"@type":"ReadAction","target":["https:\/\/xaviforcadell.com\/es\/producto\/el-cranc-juganer-tambe-es-nadal-sota-el-mar-edicio-en-catala\/"]}]},{"@type":"ImageObject","inLanguage":"es","@id":"https:\/\/xaviforcadell.com\/es\/producto\/el-cranc-juganer-tambe-es-nadal-sota-el-mar-edicio-en-catala\/#primaryimage","url":"https:\/\/xaviforcadell.com\/wp-content\/uploads\/2023\/09\/Conte-El-Cranc-Juganer-Tambe-es-Nadal-sota-el-mar-scaled.jpg","contentUrl":"https:\/\/xaviforcadell.com\/wp-content\/uploads\/2023\/09\/Conte-El-Cranc-Juganer-Tambe-es-Nadal-sota-el-mar-scaled.jpg","width":2560,"height":2281},{"@type":"BreadcrumbList","@id":"https:\/\/xaviforcadell.com\/es\/producto\/el-cranc-juganer-tambe-es-nadal-sota-el-mar-edicio-en-catala\/#breadcrumb","itemListElement":[{"@type":"ListItem","position":1,"name":"Portada","item":"https:\/\/xaviforcadell.com\/es\/"},{"@type":"ListItem","position":2,"name":"Tienda","item":"https:\/\/xaviforcadell.com\/es\/pedido-librerias\/"},{"@type":"ListItem","position":3,"name":"El Cranc Juganer. Tamb\u00e9 \u00e9s Nadal sota el mar. Edici\u00f3n en catal\u00e1n!"}]},{"@type":"WebSite","@id":"https:\/\/xaviforcadell.com\/#website","url":"https:\/\/xaviforcadell.com\/","name":"Escola Eduquem per Cr&eacute;ixer","description":"","publisher":{"@id":"https:\/\/xaviforcadell.com\/#organization"},"potentialAction":[{"@type":"SearchAction","target":{"@type":"EntryPoint","urlTemplate":"https:\/\/xaviforcadell.com\/?s={search_term_string}"},"query-input":{"@type":"PropertyValueSpecification","valueRequired":true,"valueName":"search_term_string"}}],"inLanguage":"es"},{"@type":"Organization","@id":"https:\/\/xaviforcadell.com\/#organization","name":"Escola Eduquem Per Cr\u00e9ixer","url":"https:\/\/xaviforcadell.com\/","logo":{"@type":"ImageObject","inLanguage":"es","@id":"https:\/\/xaviforcadell.com\/#\/schema\/logo\/image\/","url":"https:\/\/xaviforcadell.com\/wp-content\/uploads\/2021\/05\/Escola-Xavi-Forcadell-logo-250px.png","contentUrl":"https:\/\/xaviforcadell.com\/wp-content\/uploads\/2021\/05\/Escola-Xavi-Forcadell-logo-250px.png","width":250,"height":250,"caption":"Escola Eduquem Per Cr\u00e9ixer"},"image":{"@id":"https:\/\/xaviforcadell.com\/#\/schema\/logo\/image\/"},"sameAs":["https:\/\/www.facebook.com\/drxaviforcadell","https:\/\/x.com\/drxaviforcadell","https:\/\/www.instagram.com\/xaviforcadell","https:\/\/www.linkedin.com\/in\/xavi-forcadell","https:\/\/www.youtube.com\/c\/xaviforcadell"]}]}},"_links":{"self":[{"href":"https:\/\/xaviforcadell.com\/es\/wp-json\/wp\/v2\/product\/29308","targetHints":{"allow":["GET"]}}],"collection":[{"href":"https:\/\/xaviforcadell.com\/es\/wp-json\/wp\/v2\/product"}],"about":[{"href":"https:\/\/xaviforcadell.com\/es\/wp-json\/wp\/v2\/types\/product"}],"wp:featuredmedia":[{"embeddable":true,"href":"https:\/\/xaviforcadell.com\/es\/wp-json\/wp\/v2\/media\/29324"}],"wp:attachment":[{"href":"https:\/\/xaviforcadell.com\/es\/wp-json\/wp\/v2\/media?parent=29308"}],"wp:term":[{"taxonomy":"product_brand","embeddable":true,"href":"https:\/\/xaviforcadell.com\/es\/wp-json\/wp\/v2\/product_brand?post=29308"},{"taxonomy":"product_cat","embeddable":true,"href":"https:\/\/xaviforcadell.com\/es\/wp-json\/wp\/v2\/product_cat?post=29308"},{"taxonomy":"product_tag","embeddable":true,"href":"https:\/\/xaviforcadell.com\/es\/wp-json\/wp\/v2\/product_tag?post=29308"}],"curies":[{"name":"wp","href":"https:\/\/api.w.org\/{rel}","templated":true}]}}