{"id":29312,"date":"2023-09-07T22:35:59","date_gmt":"2023-09-07T20:35:59","guid":{"rendered":"https:\/\/xaviforcadell.com\/producto\/el-cangrejo-jugueton-tambien-es-navidad-bajo-el-mar\/"},"modified":"2023-11-18T20:05:24","modified_gmt":"2023-11-18T18:05:24","slug":"el-cangrejo-jugueton-tambien-es-navidad-bajo-el-mar","status":"publish","type":"product","link":"https:\/\/xaviforcadell.com\/es\/producto\/el-cangrejo-jugueton-tambien-es-navidad-bajo-el-mar\/","title":{"rendered":"El Cangrejo Juguet\u00f3n. \u00a1Tambi\u00e9n es Navidad bajo el mar!"},"content":{"rendered":"","protected":false},"excerpt":{"rendered":"<p>\u00a1Despu\u00e9s del \u00e9xito del cuento \u201c<strong><em>El Cangrejo Juguet\u00f3n<\/em><\/strong>\u201d, llega una nueva aventura de este cangrejo que enamora a peque\u00f1os y mayores!<\/p>\n<p>A trav\u00e9s de esta nueva historia los ni\u00f1os y ni\u00f1as <strong><em>descubrir\u00e1n la actividad secreta<\/em><\/strong> que realiza el Cangrejo Juguet\u00f3n para celebrar la Navidad y que <strong><em>les mostrar\u00e1 un sentimiento muy necesario en la sociedad actual<\/em><\/strong>.<\/p>\n<p>Recuerda de ver el v\u00eddeo del <strong><em>Valor Educativo<\/em><\/strong> que podr\u00e1s pedir en la p\u00e1gina web del cuento.<\/p>\n<p>\u00a1Favorezcamos que los ni\u00f1os y ni\u00f1as vivan la <strong>Magia de los cuentos <\/strong>a trav\u00e9s de las aventuras del Cangrejo Juguet\u00f3n!<\/p>\n","protected":false},"featured_media":29322,"template":"","meta":{"site-sidebar-layout":"default","site-content-layout":null,"ast-site-content-layout":"default","site-content-style":"default","site-sidebar-style":"default","ast-global-header-display":"","ast-banner-title-visibility":"","ast-main-header-display":"","ast-hfb-above-header-display":"","ast-hfb-below-header-display":"","ast-hfb-mobile-header-display":"","site-post-title":"","ast-breadcrumbs-content":"","ast-featured-img":"","footer-sml-layout":"","theme-transparent-header-meta":"default","adv-header-id-meta":"","stick-header-meta":"default","header-above-stick-meta":"","header-main-stick-meta":"","header-below-stick-meta":"","astra-migrate-meta-layouts":"default","ast-page-background-enabled":"default","ast-page-background-meta":{"desktop":{"background-color":"var(--ast-global-color-4)","background-image":"","background-repeat":"repeat","background-position":"center center","background-size":"auto","background-attachment":"scroll","background-type":"","background-media":"","overlay-type":"","overlay-color":"","overlay-opacity":"","overlay-gradient":""},"tablet":{"background-color":"","background-image":"","background-repeat":"repeat","background-position":"center center","background-size":"auto","background-attachment":"scroll","background-type":"","background-media":"","overlay-type":"","overlay-color":"","overlay-opacity":"","overlay-gradient":""},"mobile":{"background-color":"","background-image":"","background-repeat":"repeat","background-position":"center center","background-size":"auto","background-attachment":"scroll","background-type":"","background-media":"","overlay-type":"","overlay-color":"","overlay-opacity":"","overlay-gradient":""}},"ast-content-background-meta":{"desktop":{"background-color":"var(--ast-global-color-5)","background-image":"","background-repeat":"repeat","background-position":"center center","background-size":"auto","background-attachment":"scroll","background-type":"","background-media":"","overlay-type":"","overlay-color":"","overlay-opacity":"","overlay-gradient":""},"tablet":{"background-color":"var(--ast-global-color-5)","background-image":"","background-repeat":"repeat","background-position":"center center","background-size":"auto","background-attachment":"scroll","background-type":"","background-media":"","overlay-type":"","overlay-color":"","overlay-opacity":"","overlay-gradient":""},"mobile":{"background-color":"var(--ast-global-color-5)","background-image":"","background-repeat":"repeat","background-position":"center center","background-size":"auto","background-attachment":"scroll","background-type":"","background-media":"","overlay-type":"","overlay-color":"","overlay-opacity":"","overlay-gradient":""}}},"product_brand":[],"product_cat":[21],"product_tag":[],"class_list":{"0":"post-29312","1":"product","2":"type-product","3":"status-publish","4":"has-post-thumbnail","6":"product_cat-libros","7":"product_shipping_class-particulars","8":"desktop-align-left","9":"tablet-align-left","10":"mobile-align-left","11":"ast-product-gallery-layout-horizontal-slider","12":"ast-product-gallery-with-no-image","13":"ast-product-tabs-layout-horizontal","15":"first","16":"instock","17":"taxable","18":"shipping-taxable","19":"purchasable","20":"product-type-simple"},"yoast_head":"<!-- This site is optimized with the Yoast SEO plugin v25.5 - https:\/\/yoast.com\/wordpress\/plugins\/seo\/ -->\n<title>El Cangrejo Juguet\u00f3n. \u00a1Tambi\u00e9n es Navidad bajo el mar!<\/title>\n<meta name=\"robots\" content=\"index, follow, max-snippet:-1, max-image-preview:large, max-video-preview:-1\" \/>\n<link rel=\"canonical\" href=\"https:\/\/xaviforcadell.com\/es\/producto\/el-cangrejo-jugueton-tambien-es-navidad-bajo-el-mar\/\" \/>\n<meta property=\"og:locale\" content=\"es_ES\" \/>\n<meta property=\"og:type\" content=\"article\" \/>\n<meta property=\"og:title\" content=\"El Cangrejo Juguet\u00f3n. \u00a1Tambi\u00e9n es Navidad bajo el mar!\" \/>\n<meta property=\"og:description\" content=\"\u00a1Despu\u00e9s del \u00e9xito del cuento \u201cEl Cangrejo Juguet\u00f3n\u201d, llega una nueva aventura de este cangrejo que enamora a peque\u00f1os y mayores!  A trav\u00e9s de esta nueva historia los ni\u00f1os y ni\u00f1as descubrir\u00e1n la actividad secreta que realiza el Cangrejo Juguet\u00f3n para celebrar la Navidad y que les mostrar\u00e1 un sentimiento muy necesario en la sociedad actual.  Recuerda de ver el v\u00eddeo del Valor Educativo que podr\u00e1s pedir en la p\u00e1gina web del cuento.  \u00a1Favorezcamos que los ni\u00f1os y ni\u00f1as vivan la Magia de los cuentos a trav\u00e9s de las aventuras del Cangrejo Juguet\u00f3n!\" \/>\n<meta property=\"og:url\" content=\"https:\/\/xaviforcadell.com\/es\/producto\/el-cangrejo-jugueton-tambien-es-navidad-bajo-el-mar\/\" \/>\n<meta property=\"og:site_name\" content=\"Escola Eduquem per Cr&eacute;ixer\" \/>\n<meta property=\"article:publisher\" content=\"https:\/\/www.facebook.com\/drxaviforcadell\" \/>\n<meta property=\"article:modified_time\" content=\"2023-11-18T18:05:24+00:00\" \/>\n<meta property=\"og:image\" content=\"https:\/\/xaviforcadell.com\/wp-content\/uploads\/2023\/09\/Cuento-El-Cangrejo-Jugueton-Tambien-es-Navidad-bajo-el-mar-scaled.jpg\" \/>\n\t<meta property=\"og:image:width\" content=\"2560\" \/>\n\t<meta property=\"og:image:height\" content=\"2276\" \/>\n\t<meta property=\"og:image:type\" content=\"image\/jpeg\" \/>\n<meta name=\"twitter:card\" content=\"summary_large_image\" \/>\n<meta name=\"twitter:site\" content=\"@drxaviforcadell\" \/>\n<script type=\"application\/ld+json\" class=\"yoast-schema-graph\">{\"@context\":\"https:\/\/schema.org\",\"@graph\":[{\"@type\":\"WebPage\",\"@id\":\"https:\/\/xaviforcadell.com\/es\/producto\/el-cangrejo-jugueton-tambien-es-navidad-bajo-el-mar\/\",\"url\":\"https:\/\/xaviforcadell.com\/es\/producto\/el-cangrejo-jugueton-tambien-es-navidad-bajo-el-mar\/\",\"name\":\"El Cangrejo Juguet\u00f3n. \u00a1Tambi\u00e9n es Navidad bajo el mar!\",\"isPartOf\":{\"@id\":\"https:\/\/xaviforcadell.com\/#website\"},\"primaryImageOfPage\":{\"@id\":\"https:\/\/xaviforcadell.com\/es\/producto\/el-cangrejo-jugueton-tambien-es-navidad-bajo-el-mar\/#primaryimage\"},\"image\":{\"@id\":\"https:\/\/xaviforcadell.com\/es\/producto\/el-cangrejo-jugueton-tambien-es-navidad-bajo-el-mar\/#primaryimage\"},\"thumbnailUrl\":\"https:\/\/xaviforcadell.com\/wp-content\/uploads\/2023\/09\/Cuento-El-Cangrejo-Jugueton-Tambien-es-Navidad-bajo-el-mar-scaled.jpg\",\"datePublished\":\"2023-09-07T20:35:59+00:00\",\"dateModified\":\"2023-11-18T18:05:24+00:00\",\"breadcrumb\":{\"@id\":\"https:\/\/xaviforcadell.com\/es\/producto\/el-cangrejo-jugueton-tambien-es-navidad-bajo-el-mar\/#breadcrumb\"},\"inLanguage\":\"es\",\"potentialAction\":[{\"@type\":\"ReadAction\",\"target\":[\"https:\/\/xaviforcadell.com\/es\/producto\/el-cangrejo-jugueton-tambien-es-navidad-bajo-el-mar\/\"]}]},{\"@type\":\"ImageObject\",\"inLanguage\":\"es\",\"@id\":\"https:\/\/xaviforcadell.com\/es\/producto\/el-cangrejo-jugueton-tambien-es-navidad-bajo-el-mar\/#primaryimage\",\"url\":\"https:\/\/xaviforcadell.com\/wp-content\/uploads\/2023\/09\/Cuento-El-Cangrejo-Jugueton-Tambien-es-Navidad-bajo-el-mar-scaled.jpg\",\"contentUrl\":\"https:\/\/xaviforcadell.com\/wp-content\/uploads\/2023\/09\/Cuento-El-Cangrejo-Jugueton-Tambien-es-Navidad-bajo-el-mar-scaled.jpg\",\"width\":2560,\"height\":2276,\"caption\":\"Cuento El Cangrejo Juguet\u00f3n Tambi\u00e9n es Navidad bajo el mar\"},{\"@type\":\"BreadcrumbList\",\"@id\":\"https:\/\/xaviforcadell.com\/es\/producto\/el-cangrejo-jugueton-tambien-es-navidad-bajo-el-mar\/#breadcrumb\",\"itemListElement\":[{\"@type\":\"ListItem\",\"position\":1,\"name\":\"Portada\",\"item\":\"https:\/\/xaviforcadell.com\/es\/\"},{\"@type\":\"ListItem\",\"position\":2,\"name\":\"Tienda\",\"item\":\"https:\/\/xaviforcadell.com\/es\/pedido-librerias\/\"},{\"@type\":\"ListItem\",\"position\":3,\"name\":\"El Cangrejo Juguet\u00f3n. \u00a1Tambi\u00e9n es Navidad bajo el mar!\"}]},{\"@type\":\"WebSite\",\"@id\":\"https:\/\/xaviforcadell.com\/#website\",\"url\":\"https:\/\/xaviforcadell.com\/\",\"name\":\"Escola Eduquem per Cr&eacute;ixer\",\"description\":\"\",\"publisher\":{\"@id\":\"https:\/\/xaviforcadell.com\/#organization\"},\"potentialAction\":[{\"@type\":\"SearchAction\",\"target\":{\"@type\":\"EntryPoint\",\"urlTemplate\":\"https:\/\/xaviforcadell.com\/?s={search_term_string}\"},\"query-input\":{\"@type\":\"PropertyValueSpecification\",\"valueRequired\":true,\"valueName\":\"search_term_string\"}}],\"inLanguage\":\"es\"},{\"@type\":\"Organization\",\"@id\":\"https:\/\/xaviforcadell.com\/#organization\",\"name\":\"Escola Eduquem Per Cr\u00e9ixer\",\"url\":\"https:\/\/xaviforcadell.com\/\",\"logo\":{\"@type\":\"ImageObject\",\"inLanguage\":\"es\",\"@id\":\"https:\/\/xaviforcadell.com\/#\/schema\/logo\/image\/\",\"url\":\"https:\/\/xaviforcadell.com\/wp-content\/uploads\/2021\/05\/Escola-Xavi-Forcadell-logo-250px.png\",\"contentUrl\":\"https:\/\/xaviforcadell.com\/wp-content\/uploads\/2021\/05\/Escola-Xavi-Forcadell-logo-250px.png\",\"width\":250,\"height\":250,\"caption\":\"Escola Eduquem Per Cr\u00e9ixer\"},\"image\":{\"@id\":\"https:\/\/xaviforcadell.com\/#\/schema\/logo\/image\/\"},\"sameAs\":[\"https:\/\/www.facebook.com\/drxaviforcadell\",\"https:\/\/x.com\/drxaviforcadell\",\"https:\/\/www.instagram.com\/xaviforcadell\",\"https:\/\/www.linkedin.com\/in\/xavi-forcadell\",\"https:\/\/www.youtube.com\/c\/xaviforcadell\"]}]}<\/script>\n<!-- \/ Yoast SEO plugin. -->","yoast_head_json":{"title":"El Cangrejo Juguet\u00f3n. \u00a1Tambi\u00e9n es Navidad bajo el mar!","robots":{"index":"index","follow":"follow","max-snippet":"max-snippet:-1","max-image-preview":"max-image-preview:large","max-video-preview":"max-video-preview:-1"},"canonical":"https:\/\/xaviforcadell.com\/es\/producto\/el-cangrejo-jugueton-tambien-es-navidad-bajo-el-mar\/","og_locale":"es_ES","og_type":"article","og_title":"El Cangrejo Juguet\u00f3n. \u00a1Tambi\u00e9n es Navidad bajo el mar!","og_description":"\u00a1Despu\u00e9s del \u00e9xito del cuento \u201cEl Cangrejo Juguet\u00f3n\u201d, llega una nueva aventura de este cangrejo que enamora a peque\u00f1os y mayores!  A trav\u00e9s de esta nueva historia los ni\u00f1os y ni\u00f1as descubrir\u00e1n la actividad secreta que realiza el Cangrejo Juguet\u00f3n para celebrar la Navidad y que les mostrar\u00e1 un sentimiento muy necesario en la sociedad actual.  Recuerda de ver el v\u00eddeo del Valor Educativo que podr\u00e1s pedir en la p\u00e1gina web del cuento.  \u00a1Favorezcamos que los ni\u00f1os y ni\u00f1as vivan la Magia de los cuentos a trav\u00e9s de las aventuras del Cangrejo Juguet\u00f3n!","og_url":"https:\/\/xaviforcadell.com\/es\/producto\/el-cangrejo-jugueton-tambien-es-navidad-bajo-el-mar\/","og_site_name":"Escola Eduquem per Cr&eacute;ixer","article_publisher":"https:\/\/www.facebook.com\/drxaviforcadell","article_modified_time":"2023-11-18T18:05:24+00:00","og_image":[{"width":2560,"height":2276,"url":"https:\/\/xaviforcadell.com\/wp-content\/uploads\/2023\/09\/Cuento-El-Cangrejo-Jugueton-Tambien-es-Navidad-bajo-el-mar-scaled.jpg","type":"image\/jpeg"}],"twitter_card":"summary_large_image","twitter_site":"@drxaviforcadell","schema":{"@context":"https:\/\/schema.org","@graph":[{"@type":"WebPage","@id":"https:\/\/xaviforcadell.com\/es\/producto\/el-cangrejo-jugueton-tambien-es-navidad-bajo-el-mar\/","url":"https:\/\/xaviforcadell.com\/es\/producto\/el-cangrejo-jugueton-tambien-es-navidad-bajo-el-mar\/","name":"El Cangrejo Juguet\u00f3n. \u00a1Tambi\u00e9n es Navidad bajo el mar!","isPartOf":{"@id":"https:\/\/xaviforcadell.com\/#website"},"primaryImageOfPage":{"@id":"https:\/\/xaviforcadell.com\/es\/producto\/el-cangrejo-jugueton-tambien-es-navidad-bajo-el-mar\/#primaryimage"},"image":{"@id":"https:\/\/xaviforcadell.com\/es\/producto\/el-cangrejo-jugueton-tambien-es-navidad-bajo-el-mar\/#primaryimage"},"thumbnailUrl":"https:\/\/xaviforcadell.com\/wp-content\/uploads\/2023\/09\/Cuento-El-Cangrejo-Jugueton-Tambien-es-Navidad-bajo-el-mar-scaled.jpg","datePublished":"2023-09-07T20:35:59+00:00","dateModified":"2023-11-18T18:05:24+00:00","breadcrumb":{"@id":"https:\/\/xaviforcadell.com\/es\/producto\/el-cangrejo-jugueton-tambien-es-navidad-bajo-el-mar\/#breadcrumb"},"inLanguage":"es","potentialAction":[{"@type":"ReadAction","target":["https:\/\/xaviforcadell.com\/es\/producto\/el-cangrejo-jugueton-tambien-es-navidad-bajo-el-mar\/"]}]},{"@type":"ImageObject","inLanguage":"es","@id":"https:\/\/xaviforcadell.com\/es\/producto\/el-cangrejo-jugueton-tambien-es-navidad-bajo-el-mar\/#primaryimage","url":"https:\/\/xaviforcadell.com\/wp-content\/uploads\/2023\/09\/Cuento-El-Cangrejo-Jugueton-Tambien-es-Navidad-bajo-el-mar-scaled.jpg","contentUrl":"https:\/\/xaviforcadell.com\/wp-content\/uploads\/2023\/09\/Cuento-El-Cangrejo-Jugueton-Tambien-es-Navidad-bajo-el-mar-scaled.jpg","width":2560,"height":2276,"caption":"Cuento El Cangrejo Juguet\u00f3n Tambi\u00e9n es Navidad bajo el mar"},{"@type":"BreadcrumbList","@id":"https:\/\/xaviforcadell.com\/es\/producto\/el-cangrejo-jugueton-tambien-es-navidad-bajo-el-mar\/#breadcrumb","itemListElement":[{"@type":"ListItem","position":1,"name":"Portada","item":"https:\/\/xaviforcadell.com\/es\/"},{"@type":"ListItem","position":2,"name":"Tienda","item":"https:\/\/xaviforcadell.com\/es\/pedido-librerias\/"},{"@type":"ListItem","position":3,"name":"El Cangrejo Juguet\u00f3n. \u00a1Tambi\u00e9n es Navidad bajo el mar!"}]},{"@type":"WebSite","@id":"https:\/\/xaviforcadell.com\/#website","url":"https:\/\/xaviforcadell.com\/","name":"Escola Eduquem per Cr&eacute;ixer","description":"","publisher":{"@id":"https:\/\/xaviforcadell.com\/#organization"},"potentialAction":[{"@type":"SearchAction","target":{"@type":"EntryPoint","urlTemplate":"https:\/\/xaviforcadell.com\/?s={search_term_string}"},"query-input":{"@type":"PropertyValueSpecification","valueRequired":true,"valueName":"search_term_string"}}],"inLanguage":"es"},{"@type":"Organization","@id":"https:\/\/xaviforcadell.com\/#organization","name":"Escola Eduquem Per Cr\u00e9ixer","url":"https:\/\/xaviforcadell.com\/","logo":{"@type":"ImageObject","inLanguage":"es","@id":"https:\/\/xaviforcadell.com\/#\/schema\/logo\/image\/","url":"https:\/\/xaviforcadell.com\/wp-content\/uploads\/2021\/05\/Escola-Xavi-Forcadell-logo-250px.png","contentUrl":"https:\/\/xaviforcadell.com\/wp-content\/uploads\/2021\/05\/Escola-Xavi-Forcadell-logo-250px.png","width":250,"height":250,"caption":"Escola Eduquem Per Cr\u00e9ixer"},"image":{"@id":"https:\/\/xaviforcadell.com\/#\/schema\/logo\/image\/"},"sameAs":["https:\/\/www.facebook.com\/drxaviforcadell","https:\/\/x.com\/drxaviforcadell","https:\/\/www.instagram.com\/xaviforcadell","https:\/\/www.linkedin.com\/in\/xavi-forcadell","https:\/\/www.youtube.com\/c\/xaviforcadell"]}]}},"_links":{"self":[{"href":"https:\/\/xaviforcadell.com\/es\/wp-json\/wp\/v2\/product\/29312","targetHints":{"allow":["GET"]}}],"collection":[{"href":"https:\/\/xaviforcadell.com\/es\/wp-json\/wp\/v2\/product"}],"about":[{"href":"https:\/\/xaviforcadell.com\/es\/wp-json\/wp\/v2\/types\/product"}],"wp:featuredmedia":[{"embeddable":true,"href":"https:\/\/xaviforcadell.com\/es\/wp-json\/wp\/v2\/media\/29322"}],"wp:attachment":[{"href":"https:\/\/xaviforcadell.com\/es\/wp-json\/wp\/v2\/media?parent=29312"}],"wp:term":[{"taxonomy":"product_brand","embeddable":true,"href":"https:\/\/xaviforcadell.com\/es\/wp-json\/wp\/v2\/product_brand?post=29312"},{"taxonomy":"product_cat","embeddable":true,"href":"https:\/\/xaviforcadell.com\/es\/wp-json\/wp\/v2\/product_cat?post=29312"},{"taxonomy":"product_tag","embeddable":true,"href":"https:\/\/xaviforcadell.com\/es\/wp-json\/wp\/v2\/product_tag?post=29312"}],"curies":[{"name":"wp","href":"https:\/\/api.w.org\/{rel}","templated":true}]}}