{"id":31775,"date":"2024-03-18T16:56:09","date_gmt":"2024-03-18T14:56:10","guid":{"rendered":"https:\/\/xaviforcadell.com\/?post_type=product&#038;p=31775"},"modified":"2024-04-08T00:08:37","modified_gmt":"2024-04-07T22:08:37","slug":"como-poner-limites-a-las-pantallas","status":"publish","type":"product","link":"https:\/\/xaviforcadell.com\/es\/producto\/como-poner-limites-a-las-pantallas\/","title":{"rendered":"C\u00f3mo poner L\u00edmites a las Pantallas"},"content":{"rendered":"","protected":false},"excerpt":{"rendered":"<p>&nbsp;<\/p>\n<h6 style=\"text-align: center;\"><strong>\u00a1FELICITARTE POR TUS GANAS DE SEGUIR MEJORANDO EN ESTA TASCA EXIGENTE DE EDUCAR!<\/strong><\/h6>\n<p>&nbsp;<\/p>\n<p>En esta formaci\u00f3n <strong>descubrir\u00e1s una serie de Estrategias Pr\u00e1cticas<\/strong> que te ayudar\u00e1n en tu acompa\u00f1amiento de los ni\u00f1os, ni\u00f1as y adolescentes en relaci\u00f3n a las pantallas y, tambi\u00e9n en otros aspectos que te preocupan:<\/p>\n<ul>\n<li><strong><em>Acompa\u00f1ar y gestionar las emociones intensas que aparecen con las pantallas y, tambi\u00e9n, en otros momentos.<\/em><\/strong><\/li>\n<li><strong><em>Resolver los conflictos derivados de las pantallas y otras situaciones a trav\u00e9s de 7 pasos muy claros para llevar a la pr\u00e1ctica.<\/em><\/strong><\/li>\n<li><strong><em>Marcar los l\u00edmites y normas de forma tranquila y adecuada para que el ni\u00f1o, la ni\u00f1a o el\/la adolescente los respeten.<\/em><\/strong><\/li>\n<li><strong><em>Motivar al ni\u00f1o, la ni\u00f1a o adolescente por las tareas acad\u00e9micas: lectura, estudio, deberes, b\u00fasqueda de informaci\u00f3n, ganas de aprender.<\/em><\/strong><\/li>\n<li><strong><em>Mejorar su autoestima y autoconfianza.<\/em><\/strong><\/li>\n<\/ul>\n<h6>El <strong>Contenido es 100% PR\u00c1CTICO<\/strong>, ya que se basa en la propia experiencia de estar con miles de ni\u00f1os, ni\u00f1as y adolescentes en las diferentes etapas educativas.<\/h6>\n<p>&nbsp;<\/p>\n<p><strong>Las sesiones<\/strong> ser\u00e1n los siguientes <strong>jueves a las 18h<\/strong>:<\/p>\n<ul>\n<li><em>11 de abril: <strong>Acompa\u00f1amiento y Gesti\u00f3n de las Emociones.<\/strong><\/em><\/li>\n<li><em>18 de abril: <strong>Resoluci\u00f3n de los diferentes conflictos con los ni\u00f1os y adolescentes a trav\u00e9s de los 7 pasos.<\/strong><\/em><\/li>\n<li><em>25 de abril: <strong>Marcar los L\u00edmites y las Normas de forma que se respeten.<\/strong><\/em><\/li>\n<li><em style=\"font-size: 16px;\">2 de mayo: <strong>Propuestas Metodol\u00f3gicas que favorecen el aprendizaje y la motivaci\u00f3n por las tareas acad\u00e9micas.<\/strong><\/em><\/li>\n<\/ul>\n<p>Cada sesi\u00f3n tendr\u00e1 una duraci\u00f3n de 2 horas y media y en total ser\u00e1n <strong>10 horas de formaci\u00f3n<\/strong>.<\/p>\n<p>&nbsp;<\/p>\n<p>Quiz\u00e1s te est\u00e1s preguntando:<\/p>\n<p><em><strong>&#8211; &#8220;Xavi, \u00bfc\u00f3mo s\u00e9 que su contenido me ayudar\u00e1?&#8221;<\/strong><\/em><br \/>\n<strong>Las estrategias que te compartir\u00e9 las he llevado a la pr\u00e1ctica con miles de ni\u00f1os, ni\u00f1as y adolescentes y FUNCIONAN<\/strong>. C\u00f3mo as\u00ed expresan las familias y docentes que las han llevado a la pr\u00e1ctica.<\/p>\n<p><em><strong>&#8211; &#8220;Si tengo la agenda que echa humo, \u00bfc\u00f3mo podr\u00e9 aprovechar la formaci\u00f3n?&#8221;<\/strong><\/em><br \/>\nTendr\u00e1s las <strong>grabaciones<\/strong> de las sesiones <strong>disponibles en el Campus Virtual<\/strong> de la formaci\u00f3n, para que puedas verlas\u00a0 tranquilamente.<\/p>\n<p><em><strong>&#8211; &#8220;\u00bfC\u00f3mo me resolver\u00e1s las dudas que pueda tener?&#8221;<\/strong><\/em><br \/>\n<strong>En las sesiones en directo me podr\u00e1s compartir las dudas y preguntas que tengas<\/strong>, puesto que mi objetivo es que comprendas c\u00f3mo llevar a la pr\u00e1ctica las diferentes estrategias y puedas disfrutar de sus beneficios.<\/p>\n<p>&nbsp;<\/p>\n<h6><strong>IMPORTANTE: \u00a1Las personas m\u00e1s r\u00e1pidas al inscribirse tendr\u00e1n dos ventajas! Ya que si te inscribes antes de la medianoche de este domingo, 7 de abril conseguir\u00e1s:<\/strong><\/h6>\n<ul>\n<li>Un Descuento de 50\u20ac en la inscripci\u00f3n.<\/li>\n<li>Y acceso Gratuito para siempre en la formaci\u00f3n \u201c<em>\u00bfC\u00f3mo gestionar las vacaciones familiares?<\/em>\u201d que te ayudar\u00e1 a favorecer la convivencia en casa.<\/li>\n<\/ul>\n<blockquote><p><strong>\u00a1Seguramente, hay muy pocas formaciones que traten estos temas tan importantes en la Educaci\u00f3n y de una forma tan pr\u00e1ctica!<\/strong><\/p>\n<p><strong>\u00bfQuieres aprovecharlo tranquilamente desde tu casa?<\/strong><\/p><\/blockquote>\n<h6>\u00a1Reserva tu plaza y nos vemos el jueves, 11 de abril en la primera sesi\u00f3n!<\/h6>\n<p>&nbsp;<\/p>\n","protected":false},"featured_media":31831,"template":"","meta":{"site-sidebar-layout":"default","site-content-layout":null,"ast-site-content-layout":"default","site-content-style":"default","site-sidebar-style":"default","ast-global-header-display":"","ast-banner-title-visibility":"","ast-main-header-display":"","ast-hfb-above-header-display":"","ast-hfb-below-header-display":null,"ast-hfb-mobile-header-display":"","site-post-title":"","ast-breadcrumbs-content":null,"ast-featured-img":"","footer-sml-layout":"","theme-transparent-header-meta":"default","adv-header-id-meta":"","stick-header-meta":"default","header-above-stick-meta":"","header-main-stick-meta":"","header-below-stick-meta":null,"astra-migrate-meta-layouts":"set","ast-page-background-enabled":"default","ast-page-background-meta":{"desktop":{"background-color":"var(--ast-global-color-4)","background-image":"","background-repeat":"repeat","background-position":"center center","background-size":"auto","background-attachment":"scroll","background-type":"","background-media":"","overlay-type":"","overlay-color":"","overlay-opacity":"","overlay-gradient":""},"tablet":{"background-color":"","background-image":"","background-repeat":"repeat","background-position":"center center","background-size":"auto","background-attachment":"scroll","background-type":"","background-media":"","overlay-type":"","overlay-color":"","overlay-opacity":"","overlay-gradient":""},"mobile":{"background-color":"","background-image":"","background-repeat":"repeat","background-position":"center center","background-size":"auto","background-attachment":"scroll","background-type":"","background-media":"","overlay-type":"","overlay-color":"","overlay-opacity":"","overlay-gradient":""}},"ast-content-background-meta":{"desktop":{"background-color":"var(--ast-global-color-5)","background-image":"","background-repeat":"repeat","background-position":"center center","background-size":"auto","background-attachment":"scroll","background-type":"","background-media":"","overlay-type":"","overlay-color":"","overlay-opacity":"","overlay-gradient":""},"tablet":{"background-color":"var(--ast-global-color-5)","background-image":"","background-repeat":"repeat","background-position":"center center","background-size":"auto","background-attachment":"scroll","background-type":"","background-media":"","overlay-type":"","overlay-color":"","overlay-opacity":"","overlay-gradient":""},"mobile":{"background-color":"var(--ast-global-color-5)","background-image":"","background-repeat":"repeat","background-position":"center center","background-size":"auto","background-attachment":"scroll","background-type":"","background-media":"","overlay-type":"","overlay-color":"","overlay-opacity":"","overlay-gradient":""}}},"product_brand":[],"product_cat":[50],"product_tag":[],"class_list":{"0":"post-31775","1":"product","2":"type-product","3":"status-publish","4":"has-post-thumbnail","6":"product_cat-cursos-es","7":"desktop-align-left","8":"tablet-align-left","9":"mobile-align-left","10":"ast-product-gallery-layout-horizontal-slider","11":"ast-product-gallery-with-no-image","12":"ast-product-tabs-layout-horizontal","14":"first","15":"onbackorder","16":"purchasable","17":"product-type-simple"},"yoast_head":"<!-- This site is optimized with the Yoast SEO plugin v25.5 - https:\/\/yoast.com\/wordpress\/plugins\/seo\/ -->\n<title>C\u00f3mo poner L\u00edmites a las Pantallas - Escola Eduquem per Cr&eacute;ixer<\/title>\n<meta name=\"description\" content=\"Descubre las claves del papel del adulto que har\u00e1n que las pantallas dejen de ser un problema con tus hijos, hijas y alumnado.\" \/>\n<meta name=\"robots\" content=\"index, follow, max-snippet:-1, max-image-preview:large, max-video-preview:-1\" \/>\n<link rel=\"canonical\" href=\"https:\/\/xaviforcadell.com\/es\/producto\/como-poner-limites-a-las-pantallas\/\" \/>\n<meta property=\"og:locale\" content=\"es_ES\" \/>\n<meta property=\"og:type\" content=\"article\" \/>\n<meta property=\"og:title\" content=\"C\u00f3mo poner L\u00edmites a las Pantallas - Escola Eduquem per Cr&eacute;ixer\" \/>\n<meta property=\"og:description\" content=\"Descubre las claves del papel del adulto que har\u00e1n que las pantallas dejen de ser un problema con tus hijos, hijas y alumnado.\" \/>\n<meta property=\"og:url\" content=\"https:\/\/xaviforcadell.com\/es\/producto\/como-poner-limites-a-las-pantallas\/\" \/>\n<meta property=\"og:site_name\" content=\"Escola Eduquem per Cr&eacute;ixer\" \/>\n<meta property=\"article:publisher\" content=\"https:\/\/www.facebook.com\/drxaviforcadell\" \/>\n<meta property=\"article:modified_time\" content=\"2024-04-07T22:08:37+00:00\" \/>\n<meta property=\"og:image\" content=\"https:\/\/xaviforcadell.com\/wp-content\/uploads\/2024\/03\/Poner-Limites-a-las-pantallas.jpg\" \/>\n\t<meta property=\"og:image:width\" content=\"1080\" \/>\n\t<meta property=\"og:image:height\" content=\"1080\" \/>\n\t<meta property=\"og:image:type\" content=\"image\/jpeg\" \/>\n<meta name=\"twitter:card\" content=\"summary_large_image\" \/>\n<meta name=\"twitter:site\" content=\"@drxaviforcadell\" \/>\n<meta name=\"twitter:label1\" content=\"Tiempo de lectura\" \/>\n\t<meta name=\"twitter:data1\" content=\"1 minuto\" \/>\n<script type=\"application\/ld+json\" class=\"yoast-schema-graph\">{\"@context\":\"https:\/\/schema.org\",\"@graph\":[{\"@type\":\"WebPage\",\"@id\":\"https:\/\/xaviforcadell.com\/es\/producto\/como-poner-limites-a-las-pantallas\/\",\"url\":\"https:\/\/xaviforcadell.com\/es\/producto\/como-poner-limites-a-las-pantallas\/\",\"name\":\"C\u00f3mo poner L\u00edmites a las Pantallas - Escola Eduquem per Cr&eacute;ixer\",\"isPartOf\":{\"@id\":\"https:\/\/xaviforcadell.com\/#website\"},\"primaryImageOfPage\":{\"@id\":\"https:\/\/xaviforcadell.com\/es\/producto\/como-poner-limites-a-las-pantallas\/#primaryimage\"},\"image\":{\"@id\":\"https:\/\/xaviforcadell.com\/es\/producto\/como-poner-limites-a-las-pantallas\/#primaryimage\"},\"thumbnailUrl\":\"https:\/\/xaviforcadell.com\/wp-content\/uploads\/2024\/03\/Poner-Limites-a-las-pantallas.jpg\",\"datePublished\":\"2024-03-18T14:56:10+00:00\",\"dateModified\":\"2024-04-07T22:08:37+00:00\",\"description\":\"Descubre las claves del papel del adulto que har\u00e1n que las pantallas dejen de ser un problema con tus hijos, hijas y alumnado.\",\"breadcrumb\":{\"@id\":\"https:\/\/xaviforcadell.com\/es\/producto\/como-poner-limites-a-las-pantallas\/#breadcrumb\"},\"inLanguage\":\"es\",\"potentialAction\":[{\"@type\":\"ReadAction\",\"target\":[\"https:\/\/xaviforcadell.com\/es\/producto\/como-poner-limites-a-las-pantallas\/\"]}]},{\"@type\":\"ImageObject\",\"inLanguage\":\"es\",\"@id\":\"https:\/\/xaviforcadell.com\/es\/producto\/como-poner-limites-a-las-pantallas\/#primaryimage\",\"url\":\"https:\/\/xaviforcadell.com\/wp-content\/uploads\/2024\/03\/Poner-Limites-a-las-pantallas.jpg\",\"contentUrl\":\"https:\/\/xaviforcadell.com\/wp-content\/uploads\/2024\/03\/Poner-Limites-a-las-pantallas.jpg\",\"width\":1080,\"height\":1080,\"caption\":\"Poner L\u00edmites a las pantallas\"},{\"@type\":\"BreadcrumbList\",\"@id\":\"https:\/\/xaviforcadell.com\/es\/producto\/como-poner-limites-a-las-pantallas\/#breadcrumb\",\"itemListElement\":[{\"@type\":\"ListItem\",\"position\":1,\"name\":\"Portada\",\"item\":\"https:\/\/xaviforcadell.com\/es\/\"},{\"@type\":\"ListItem\",\"position\":2,\"name\":\"Tienda\",\"item\":\"https:\/\/xaviforcadell.com\/es\/pedido-librerias\/\"},{\"@type\":\"ListItem\",\"position\":3,\"name\":\"C\u00f3mo poner L\u00edmites a las Pantallas\"}]},{\"@type\":\"WebSite\",\"@id\":\"https:\/\/xaviforcadell.com\/#website\",\"url\":\"https:\/\/xaviforcadell.com\/\",\"name\":\"Escola Eduquem per Cr&eacute;ixer\",\"description\":\"\",\"publisher\":{\"@id\":\"https:\/\/xaviforcadell.com\/#organization\"},\"potentialAction\":[{\"@type\":\"SearchAction\",\"target\":{\"@type\":\"EntryPoint\",\"urlTemplate\":\"https:\/\/xaviforcadell.com\/?s={search_term_string}\"},\"query-input\":{\"@type\":\"PropertyValueSpecification\",\"valueRequired\":true,\"valueName\":\"search_term_string\"}}],\"inLanguage\":\"es\"},{\"@type\":\"Organization\",\"@id\":\"https:\/\/xaviforcadell.com\/#organization\",\"name\":\"Escola Eduquem Per Cr\u00e9ixer\",\"url\":\"https:\/\/xaviforcadell.com\/\",\"logo\":{\"@type\":\"ImageObject\",\"inLanguage\":\"es\",\"@id\":\"https:\/\/xaviforcadell.com\/#\/schema\/logo\/image\/\",\"url\":\"https:\/\/xaviforcadell.com\/wp-content\/uploads\/2021\/05\/Escola-Xavi-Forcadell-logo-250px.png\",\"contentUrl\":\"https:\/\/xaviforcadell.com\/wp-content\/uploads\/2021\/05\/Escola-Xavi-Forcadell-logo-250px.png\",\"width\":250,\"height\":250,\"caption\":\"Escola Eduquem Per Cr\u00e9ixer\"},\"image\":{\"@id\":\"https:\/\/xaviforcadell.com\/#\/schema\/logo\/image\/\"},\"sameAs\":[\"https:\/\/www.facebook.com\/drxaviforcadell\",\"https:\/\/x.com\/drxaviforcadell\",\"https:\/\/www.instagram.com\/xaviforcadell\",\"https:\/\/www.linkedin.com\/in\/xavi-forcadell\",\"https:\/\/www.youtube.com\/c\/xaviforcadell\"]}]}<\/script>\n<!-- \/ Yoast SEO plugin. -->","yoast_head_json":{"title":"C\u00f3mo poner L\u00edmites a las Pantallas - Escola Eduquem per Cr&eacute;ixer","description":"Descubre las claves del papel del adulto que har\u00e1n que las pantallas dejen de ser un problema con tus hijos, hijas y alumnado.","robots":{"index":"index","follow":"follow","max-snippet":"max-snippet:-1","max-image-preview":"max-image-preview:large","max-video-preview":"max-video-preview:-1"},"canonical":"https:\/\/xaviforcadell.com\/es\/producto\/como-poner-limites-a-las-pantallas\/","og_locale":"es_ES","og_type":"article","og_title":"C\u00f3mo poner L\u00edmites a las Pantallas - Escola Eduquem per Cr&eacute;ixer","og_description":"Descubre las claves del papel del adulto que har\u00e1n que las pantallas dejen de ser un problema con tus hijos, hijas y alumnado.","og_url":"https:\/\/xaviforcadell.com\/es\/producto\/como-poner-limites-a-las-pantallas\/","og_site_name":"Escola Eduquem per Cr&eacute;ixer","article_publisher":"https:\/\/www.facebook.com\/drxaviforcadell","article_modified_time":"2024-04-07T22:08:37+00:00","og_image":[{"width":1080,"height":1080,"url":"https:\/\/xaviforcadell.com\/wp-content\/uploads\/2024\/03\/Poner-Limites-a-las-pantallas.jpg","type":"image\/jpeg"}],"twitter_card":"summary_large_image","twitter_site":"@drxaviforcadell","twitter_misc":{"Tiempo de lectura":"1 minuto"},"schema":{"@context":"https:\/\/schema.org","@graph":[{"@type":"WebPage","@id":"https:\/\/xaviforcadell.com\/es\/producto\/como-poner-limites-a-las-pantallas\/","url":"https:\/\/xaviforcadell.com\/es\/producto\/como-poner-limites-a-las-pantallas\/","name":"C\u00f3mo poner L\u00edmites a las Pantallas - Escola Eduquem per Cr&eacute;ixer","isPartOf":{"@id":"https:\/\/xaviforcadell.com\/#website"},"primaryImageOfPage":{"@id":"https:\/\/xaviforcadell.com\/es\/producto\/como-poner-limites-a-las-pantallas\/#primaryimage"},"image":{"@id":"https:\/\/xaviforcadell.com\/es\/producto\/como-poner-limites-a-las-pantallas\/#primaryimage"},"thumbnailUrl":"https:\/\/xaviforcadell.com\/wp-content\/uploads\/2024\/03\/Poner-Limites-a-las-pantallas.jpg","datePublished":"2024-03-18T14:56:10+00:00","dateModified":"2024-04-07T22:08:37+00:00","description":"Descubre las claves del papel del adulto que har\u00e1n que las pantallas dejen de ser un problema con tus hijos, hijas y alumnado.","breadcrumb":{"@id":"https:\/\/xaviforcadell.com\/es\/producto\/como-poner-limites-a-las-pantallas\/#breadcrumb"},"inLanguage":"es","potentialAction":[{"@type":"ReadAction","target":["https:\/\/xaviforcadell.com\/es\/producto\/como-poner-limites-a-las-pantallas\/"]}]},{"@type":"ImageObject","inLanguage":"es","@id":"https:\/\/xaviforcadell.com\/es\/producto\/como-poner-limites-a-las-pantallas\/#primaryimage","url":"https:\/\/xaviforcadell.com\/wp-content\/uploads\/2024\/03\/Poner-Limites-a-las-pantallas.jpg","contentUrl":"https:\/\/xaviforcadell.com\/wp-content\/uploads\/2024\/03\/Poner-Limites-a-las-pantallas.jpg","width":1080,"height":1080,"caption":"Poner L\u00edmites a las pantallas"},{"@type":"BreadcrumbList","@id":"https:\/\/xaviforcadell.com\/es\/producto\/como-poner-limites-a-las-pantallas\/#breadcrumb","itemListElement":[{"@type":"ListItem","position":1,"name":"Portada","item":"https:\/\/xaviforcadell.com\/es\/"},{"@type":"ListItem","position":2,"name":"Tienda","item":"https:\/\/xaviforcadell.com\/es\/pedido-librerias\/"},{"@type":"ListItem","position":3,"name":"C\u00f3mo poner L\u00edmites a las Pantallas"}]},{"@type":"WebSite","@id":"https:\/\/xaviforcadell.com\/#website","url":"https:\/\/xaviforcadell.com\/","name":"Escola Eduquem per Cr&eacute;ixer","description":"","publisher":{"@id":"https:\/\/xaviforcadell.com\/#organization"},"potentialAction":[{"@type":"SearchAction","target":{"@type":"EntryPoint","urlTemplate":"https:\/\/xaviforcadell.com\/?s={search_term_string}"},"query-input":{"@type":"PropertyValueSpecification","valueRequired":true,"valueName":"search_term_string"}}],"inLanguage":"es"},{"@type":"Organization","@id":"https:\/\/xaviforcadell.com\/#organization","name":"Escola Eduquem Per Cr\u00e9ixer","url":"https:\/\/xaviforcadell.com\/","logo":{"@type":"ImageObject","inLanguage":"es","@id":"https:\/\/xaviforcadell.com\/#\/schema\/logo\/image\/","url":"https:\/\/xaviforcadell.com\/wp-content\/uploads\/2021\/05\/Escola-Xavi-Forcadell-logo-250px.png","contentUrl":"https:\/\/xaviforcadell.com\/wp-content\/uploads\/2021\/05\/Escola-Xavi-Forcadell-logo-250px.png","width":250,"height":250,"caption":"Escola Eduquem Per Cr\u00e9ixer"},"image":{"@id":"https:\/\/xaviforcadell.com\/#\/schema\/logo\/image\/"},"sameAs":["https:\/\/www.facebook.com\/drxaviforcadell","https:\/\/x.com\/drxaviforcadell","https:\/\/www.instagram.com\/xaviforcadell","https:\/\/www.linkedin.com\/in\/xavi-forcadell","https:\/\/www.youtube.com\/c\/xaviforcadell"]}]}},"_links":{"self":[{"href":"https:\/\/xaviforcadell.com\/es\/wp-json\/wp\/v2\/product\/31775","targetHints":{"allow":["GET"]}}],"collection":[{"href":"https:\/\/xaviforcadell.com\/es\/wp-json\/wp\/v2\/product"}],"about":[{"href":"https:\/\/xaviforcadell.com\/es\/wp-json\/wp\/v2\/types\/product"}],"wp:featuredmedia":[{"embeddable":true,"href":"https:\/\/xaviforcadell.com\/es\/wp-json\/wp\/v2\/media\/31831"}],"wp:attachment":[{"href":"https:\/\/xaviforcadell.com\/es\/wp-json\/wp\/v2\/media?parent=31775"}],"wp:term":[{"taxonomy":"product_brand","embeddable":true,"href":"https:\/\/xaviforcadell.com\/es\/wp-json\/wp\/v2\/product_brand?post=31775"},{"taxonomy":"product_cat","embeddable":true,"href":"https:\/\/xaviforcadell.com\/es\/wp-json\/wp\/v2\/product_cat?post=31775"},{"taxonomy":"product_tag","embeddable":true,"href":"https:\/\/xaviforcadell.com\/es\/wp-json\/wp\/v2\/product_tag?post=31775"}],"curies":[{"name":"wp","href":"https:\/\/api.w.org\/{rel}","templated":true}]}}