{"id":4057,"date":"2021-05-08T20:06:42","date_gmt":"2021-05-08T18:06:42","guid":{"rendered":"https:\/\/xaviforcadell.com\/producto\/cuento-el-cranc-juganer\/"},"modified":"2023-10-13T20:50:47","modified_gmt":"2023-10-13T18:50:47","slug":"conte-el-cranc-juganer","status":"publish","type":"product","link":"https:\/\/xaviforcadell.com\/es\/producto\/conte-el-cranc-juganer\/","title":{"rendered":"Conte &#8220;El Cranc juganer&#8221;"},"content":{"rendered":"<h6>\u00a1Muchas gracias por tu inter\u00e9s en el cuento &#8220;<em>El Cranc Juganer&#8221; (edici\u00f3 en catal\u00e0)<\/em>! ?<\/h6>\n<h6>\nNos hace mucha ilusi\u00f3n que tengas curiosidad por descubrir esta historia, la cual favorece que los ni\u00f1os vivan y expresen las emociones, y vean la importancia del valor de la amistad y el respeto hacia los dem\u00e1s. ?<\/h6>\n<h6>\nEn esta <em><a href=\"https:\/\/xaviforcadell.com\/es\/cangrejojugueton\/\">p\u00e1gina web<\/a><\/em> encontrar\u00e1s m\u00e1s informaci\u00f3n sobre el contenido del cuento y su Valor Educativo.<br \/>\nY en nuestras redes sociales @crancjuganer, descubrir\u00e1s m\u00e1s sobre este Cangrejo que te enamorar\u00e1! ?<\/h6>\n<h6>\nSi deseas recibir alg\u00fan ejemplar directamente en tu domicilio, s\u00f3lo tienes que completar este pedido e indicar la direcci\u00f3n correspondiente.<\/h6>\n<h6>\n\u00a1Un abrazo de parte del Cangrejo Juguet\u00f3n! ?<\/h6>\n","protected":false},"excerpt":{"rendered":"<p>Un cuento para que l@s ni\u00f1@s <em><strong>vivan las emociones<\/strong><\/em> a trav\u00e9s de su historia!<br \/>\nY <em><strong>les ayuda a<\/strong><\/em> <em><strong>darse duenta de las relaciones<\/strong><\/em> que tienen con los dem\u00e1s.<br \/>\nNo olvides ver el v\u00eddeo del <em><strong>Valor Educativo<\/strong><\/em> que podr\u00e1s pedir en la p\u00e1gina del cuento!<br \/>\nQue l@s ni\u00f1@s vivan la <em><strong>Magia de los cuentos<\/strong><\/em> a trav\u00e9s de las aventuras del Cangrejo Juguet\u00f3n!<\/p>\n","protected":false},"featured_media":300,"template":"","meta":{"site-sidebar-layout":"default","site-content-layout":null,"ast-site-content-layout":"default","site-content-style":"default","site-sidebar-style":"default","ast-global-header-display":"","ast-banner-title-visibility":"","ast-main-header-display":"","ast-hfb-above-header-display":"","ast-hfb-below-header-display":"","ast-hfb-mobile-header-display":"","site-post-title":"","ast-breadcrumbs-content":"","ast-featured-img":"","footer-sml-layout":"","theme-transparent-header-meta":"default","adv-header-id-meta":"","stick-header-meta":"default","header-above-stick-meta":"","header-main-stick-meta":"","header-below-stick-meta":"","astra-migrate-meta-layouts":"default","ast-page-background-enabled":"default","ast-page-background-meta":{"desktop":{"background-color":"var(--ast-global-color-4)","background-image":"","background-repeat":"repeat","background-position":"center center","background-size":"auto","background-attachment":"scroll","background-type":"","background-media":"","overlay-type":"","overlay-color":"","overlay-opacity":"","overlay-gradient":""},"tablet":{"background-color":"","background-image":"","background-repeat":"repeat","background-position":"center center","background-size":"auto","background-attachment":"scroll","background-type":"","background-media":"","overlay-type":"","overlay-color":"","overlay-opacity":"","overlay-gradient":""},"mobile":{"background-color":"","background-image":"","background-repeat":"repeat","background-position":"center center","background-size":"auto","background-attachment":"scroll","background-type":"","background-media":"","overlay-type":"","overlay-color":"","overlay-opacity":"","overlay-gradient":""}},"ast-content-background-meta":{"desktop":{"background-color":"var(--ast-global-color-5)","background-image":"","background-repeat":"repeat","background-position":"center center","background-size":"auto","background-attachment":"scroll","background-type":"","background-media":"","overlay-type":"","overlay-color":"","overlay-opacity":"","overlay-gradient":""},"tablet":{"background-color":"var(--ast-global-color-5)","background-image":"","background-repeat":"repeat","background-position":"center center","background-size":"auto","background-attachment":"scroll","background-type":"","background-media":"","overlay-type":"","overlay-color":"","overlay-opacity":"","overlay-gradient":""},"mobile":{"background-color":"var(--ast-global-color-5)","background-image":"","background-repeat":"repeat","background-position":"center center","background-size":"auto","background-attachment":"scroll","background-type":"","background-media":"","overlay-type":"","overlay-color":"","overlay-opacity":"","overlay-gradient":""}}},"product_brand":[],"product_cat":[21],"product_tag":[],"class_list":{"0":"post-4057","1":"product","2":"type-product","3":"status-publish","4":"has-post-thumbnail","6":"product_cat-libros","7":"product_shipping_class-particulars","8":"desktop-align-left","9":"tablet-align-left","10":"mobile-align-left","11":"ast-product-gallery-layout-horizontal-slider","12":"ast-product-gallery-with-no-image","13":"ast-product-tabs-layout-horizontal","15":"first","16":"instock","17":"taxable","18":"shipping-taxable","19":"purchasable","20":"product-type-simple"},"yoast_head":"<!-- This site is optimized with the Yoast SEO plugin v25.5 - https:\/\/yoast.com\/wordpress\/plugins\/seo\/ -->\n<title>Conte &quot;El Cranc juganer&quot; - Escola Eduquem per Cr&eacute;ixer<\/title>\n<meta name=\"robots\" content=\"index, follow, max-snippet:-1, max-image-preview:large, max-video-preview:-1\" \/>\n<link rel=\"canonical\" href=\"https:\/\/xaviforcadell.com\/es\/producto\/conte-el-cranc-juganer\/\" \/>\n<meta property=\"og:locale\" content=\"es_ES\" \/>\n<meta property=\"og:type\" content=\"article\" \/>\n<meta property=\"og:title\" content=\"Conte &quot;El Cranc juganer&quot; - Escola Eduquem per Cr&eacute;ixer\" \/>\n<meta property=\"og:description\" content=\"Un cuento para que l@s ni\u00f1@s vivan las emociones a trav\u00e9s de su historia! Y les ayuda a darse duenta de las relaciones que tienen con los dem\u00e1s. No olvides ver el v\u00eddeo del Valor Educativo que podr\u00e1s pedir en la p\u00e1gina del cuento! Que l@s ni\u00f1@s vivan la Magia de los cuentos a trav\u00e9s de las aventuras del Cangrejo Juguet\u00f3n!\" \/>\n<meta property=\"og:url\" content=\"https:\/\/xaviforcadell.com\/es\/producto\/conte-el-cranc-juganer\/\" \/>\n<meta property=\"og:site_name\" content=\"Escola Eduquem per Cr&eacute;ixer\" \/>\n<meta property=\"article:publisher\" content=\"https:\/\/www.facebook.com\/drxaviforcadell\" \/>\n<meta property=\"article:modified_time\" content=\"2023-10-13T18:50:47+00:00\" \/>\n<meta property=\"og:image\" content=\"https:\/\/xaviforcadell.com\/wp-content\/uploads\/2021\/05\/EOjZMogzQnUz3WPtdrAg_a0362faccc5b2a195216e5498c9f519e0.png\" \/>\n\t<meta property=\"og:image:width\" content=\"819\" \/>\n\t<meta property=\"og:image:height\" content=\"819\" \/>\n\t<meta property=\"og:image:type\" content=\"image\/png\" \/>\n<meta name=\"twitter:card\" content=\"summary_large_image\" \/>\n<meta name=\"twitter:site\" content=\"@drxaviforcadell\" \/>\n<meta name=\"twitter:label1\" content=\"Tiempo de lectura\" \/>\n\t<meta name=\"twitter:data1\" content=\"1 minuto\" \/>\n<script type=\"application\/ld+json\" class=\"yoast-schema-graph\">{\"@context\":\"https:\/\/schema.org\",\"@graph\":[{\"@type\":\"WebPage\",\"@id\":\"https:\/\/xaviforcadell.com\/es\/producto\/conte-el-cranc-juganer\/\",\"url\":\"https:\/\/xaviforcadell.com\/es\/producto\/conte-el-cranc-juganer\/\",\"name\":\"Conte \\\"El Cranc juganer\\\" - Escola Eduquem per Cr&eacute;ixer\",\"isPartOf\":{\"@id\":\"https:\/\/xaviforcadell.com\/#website\"},\"primaryImageOfPage\":{\"@id\":\"https:\/\/xaviforcadell.com\/es\/producto\/conte-el-cranc-juganer\/#primaryimage\"},\"image\":{\"@id\":\"https:\/\/xaviforcadell.com\/es\/producto\/conte-el-cranc-juganer\/#primaryimage\"},\"thumbnailUrl\":\"https:\/\/xaviforcadell.com\/wp-content\/uploads\/2021\/05\/EOjZMogzQnUz3WPtdrAg_a0362faccc5b2a195216e5498c9f519e0.png\",\"datePublished\":\"2021-05-08T18:06:42+00:00\",\"dateModified\":\"2023-10-13T18:50:47+00:00\",\"breadcrumb\":{\"@id\":\"https:\/\/xaviforcadell.com\/es\/producto\/conte-el-cranc-juganer\/#breadcrumb\"},\"inLanguage\":\"es\",\"potentialAction\":[{\"@type\":\"ReadAction\",\"target\":[\"https:\/\/xaviforcadell.com\/es\/producto\/conte-el-cranc-juganer\/\"]}]},{\"@type\":\"ImageObject\",\"inLanguage\":\"es\",\"@id\":\"https:\/\/xaviforcadell.com\/es\/producto\/conte-el-cranc-juganer\/#primaryimage\",\"url\":\"https:\/\/xaviforcadell.com\/wp-content\/uploads\/2021\/05\/EOjZMogzQnUz3WPtdrAg_a0362faccc5b2a195216e5498c9f519e0.png\",\"contentUrl\":\"https:\/\/xaviforcadell.com\/wp-content\/uploads\/2021\/05\/EOjZMogzQnUz3WPtdrAg_a0362faccc5b2a195216e5498c9f519e0.png\",\"width\":819,\"height\":819},{\"@type\":\"BreadcrumbList\",\"@id\":\"https:\/\/xaviforcadell.com\/es\/producto\/conte-el-cranc-juganer\/#breadcrumb\",\"itemListElement\":[{\"@type\":\"ListItem\",\"position\":1,\"name\":\"Portada\",\"item\":\"https:\/\/xaviforcadell.com\/es\/\"},{\"@type\":\"ListItem\",\"position\":2,\"name\":\"Tienda\",\"item\":\"https:\/\/xaviforcadell.com\/es\/pedido-librerias\/\"},{\"@type\":\"ListItem\",\"position\":3,\"name\":\"Conte &#8220;El Cranc juganer&#8221;\"}]},{\"@type\":\"WebSite\",\"@id\":\"https:\/\/xaviforcadell.com\/#website\",\"url\":\"https:\/\/xaviforcadell.com\/\",\"name\":\"Escola Eduquem per Cr&eacute;ixer\",\"description\":\"\",\"publisher\":{\"@id\":\"https:\/\/xaviforcadell.com\/#organization\"},\"potentialAction\":[{\"@type\":\"SearchAction\",\"target\":{\"@type\":\"EntryPoint\",\"urlTemplate\":\"https:\/\/xaviforcadell.com\/?s={search_term_string}\"},\"query-input\":{\"@type\":\"PropertyValueSpecification\",\"valueRequired\":true,\"valueName\":\"search_term_string\"}}],\"inLanguage\":\"es\"},{\"@type\":\"Organization\",\"@id\":\"https:\/\/xaviforcadell.com\/#organization\",\"name\":\"Escola Eduquem Per Cr\u00e9ixer\",\"url\":\"https:\/\/xaviforcadell.com\/\",\"logo\":{\"@type\":\"ImageObject\",\"inLanguage\":\"es\",\"@id\":\"https:\/\/xaviforcadell.com\/#\/schema\/logo\/image\/\",\"url\":\"https:\/\/xaviforcadell.com\/wp-content\/uploads\/2021\/05\/Escola-Xavi-Forcadell-logo-250px.png\",\"contentUrl\":\"https:\/\/xaviforcadell.com\/wp-content\/uploads\/2021\/05\/Escola-Xavi-Forcadell-logo-250px.png\",\"width\":250,\"height\":250,\"caption\":\"Escola Eduquem Per Cr\u00e9ixer\"},\"image\":{\"@id\":\"https:\/\/xaviforcadell.com\/#\/schema\/logo\/image\/\"},\"sameAs\":[\"https:\/\/www.facebook.com\/drxaviforcadell\",\"https:\/\/x.com\/drxaviforcadell\",\"https:\/\/www.instagram.com\/xaviforcadell\",\"https:\/\/www.linkedin.com\/in\/xavi-forcadell\",\"https:\/\/www.youtube.com\/c\/xaviforcadell\"]}]}<\/script>\n<!-- \/ Yoast SEO plugin. -->","yoast_head_json":{"title":"Conte \"El Cranc juganer\" - Escola Eduquem per Cr&eacute;ixer","robots":{"index":"index","follow":"follow","max-snippet":"max-snippet:-1","max-image-preview":"max-image-preview:large","max-video-preview":"max-video-preview:-1"},"canonical":"https:\/\/xaviforcadell.com\/es\/producto\/conte-el-cranc-juganer\/","og_locale":"es_ES","og_type":"article","og_title":"Conte \"El Cranc juganer\" - Escola Eduquem per Cr&eacute;ixer","og_description":"Un cuento para que l@s ni\u00f1@s vivan las emociones a trav\u00e9s de su historia! Y les ayuda a darse duenta de las relaciones que tienen con los dem\u00e1s. No olvides ver el v\u00eddeo del Valor Educativo que podr\u00e1s pedir en la p\u00e1gina del cuento! Que l@s ni\u00f1@s vivan la Magia de los cuentos a trav\u00e9s de las aventuras del Cangrejo Juguet\u00f3n!","og_url":"https:\/\/xaviforcadell.com\/es\/producto\/conte-el-cranc-juganer\/","og_site_name":"Escola Eduquem per Cr&eacute;ixer","article_publisher":"https:\/\/www.facebook.com\/drxaviforcadell","article_modified_time":"2023-10-13T18:50:47+00:00","og_image":[{"width":819,"height":819,"url":"https:\/\/xaviforcadell.com\/wp-content\/uploads\/2021\/05\/EOjZMogzQnUz3WPtdrAg_a0362faccc5b2a195216e5498c9f519e0.png","type":"image\/png"}],"twitter_card":"summary_large_image","twitter_site":"@drxaviforcadell","twitter_misc":{"Tiempo de lectura":"1 minuto"},"schema":{"@context":"https:\/\/schema.org","@graph":[{"@type":"WebPage","@id":"https:\/\/xaviforcadell.com\/es\/producto\/conte-el-cranc-juganer\/","url":"https:\/\/xaviforcadell.com\/es\/producto\/conte-el-cranc-juganer\/","name":"Conte \"El Cranc juganer\" - Escola Eduquem per Cr&eacute;ixer","isPartOf":{"@id":"https:\/\/xaviforcadell.com\/#website"},"primaryImageOfPage":{"@id":"https:\/\/xaviforcadell.com\/es\/producto\/conte-el-cranc-juganer\/#primaryimage"},"image":{"@id":"https:\/\/xaviforcadell.com\/es\/producto\/conte-el-cranc-juganer\/#primaryimage"},"thumbnailUrl":"https:\/\/xaviforcadell.com\/wp-content\/uploads\/2021\/05\/EOjZMogzQnUz3WPtdrAg_a0362faccc5b2a195216e5498c9f519e0.png","datePublished":"2021-05-08T18:06:42+00:00","dateModified":"2023-10-13T18:50:47+00:00","breadcrumb":{"@id":"https:\/\/xaviforcadell.com\/es\/producto\/conte-el-cranc-juganer\/#breadcrumb"},"inLanguage":"es","potentialAction":[{"@type":"ReadAction","target":["https:\/\/xaviforcadell.com\/es\/producto\/conte-el-cranc-juganer\/"]}]},{"@type":"ImageObject","inLanguage":"es","@id":"https:\/\/xaviforcadell.com\/es\/producto\/conte-el-cranc-juganer\/#primaryimage","url":"https:\/\/xaviforcadell.com\/wp-content\/uploads\/2021\/05\/EOjZMogzQnUz3WPtdrAg_a0362faccc5b2a195216e5498c9f519e0.png","contentUrl":"https:\/\/xaviforcadell.com\/wp-content\/uploads\/2021\/05\/EOjZMogzQnUz3WPtdrAg_a0362faccc5b2a195216e5498c9f519e0.png","width":819,"height":819},{"@type":"BreadcrumbList","@id":"https:\/\/xaviforcadell.com\/es\/producto\/conte-el-cranc-juganer\/#breadcrumb","itemListElement":[{"@type":"ListItem","position":1,"name":"Portada","item":"https:\/\/xaviforcadell.com\/es\/"},{"@type":"ListItem","position":2,"name":"Tienda","item":"https:\/\/xaviforcadell.com\/es\/pedido-librerias\/"},{"@type":"ListItem","position":3,"name":"Conte &#8220;El Cranc juganer&#8221;"}]},{"@type":"WebSite","@id":"https:\/\/xaviforcadell.com\/#website","url":"https:\/\/xaviforcadell.com\/","name":"Escola Eduquem per Cr&eacute;ixer","description":"","publisher":{"@id":"https:\/\/xaviforcadell.com\/#organization"},"potentialAction":[{"@type":"SearchAction","target":{"@type":"EntryPoint","urlTemplate":"https:\/\/xaviforcadell.com\/?s={search_term_string}"},"query-input":{"@type":"PropertyValueSpecification","valueRequired":true,"valueName":"search_term_string"}}],"inLanguage":"es"},{"@type":"Organization","@id":"https:\/\/xaviforcadell.com\/#organization","name":"Escola Eduquem Per Cr\u00e9ixer","url":"https:\/\/xaviforcadell.com\/","logo":{"@type":"ImageObject","inLanguage":"es","@id":"https:\/\/xaviforcadell.com\/#\/schema\/logo\/image\/","url":"https:\/\/xaviforcadell.com\/wp-content\/uploads\/2021\/05\/Escola-Xavi-Forcadell-logo-250px.png","contentUrl":"https:\/\/xaviforcadell.com\/wp-content\/uploads\/2021\/05\/Escola-Xavi-Forcadell-logo-250px.png","width":250,"height":250,"caption":"Escola Eduquem Per Cr\u00e9ixer"},"image":{"@id":"https:\/\/xaviforcadell.com\/#\/schema\/logo\/image\/"},"sameAs":["https:\/\/www.facebook.com\/drxaviforcadell","https:\/\/x.com\/drxaviforcadell","https:\/\/www.instagram.com\/xaviforcadell","https:\/\/www.linkedin.com\/in\/xavi-forcadell","https:\/\/www.youtube.com\/c\/xaviforcadell"]}]}},"_links":{"self":[{"href":"https:\/\/xaviforcadell.com\/es\/wp-json\/wp\/v2\/product\/4057","targetHints":{"allow":["GET"]}}],"collection":[{"href":"https:\/\/xaviforcadell.com\/es\/wp-json\/wp\/v2\/product"}],"about":[{"href":"https:\/\/xaviforcadell.com\/es\/wp-json\/wp\/v2\/types\/product"}],"wp:featuredmedia":[{"embeddable":true,"href":"https:\/\/xaviforcadell.com\/es\/wp-json\/wp\/v2\/media\/300"}],"wp:attachment":[{"href":"https:\/\/xaviforcadell.com\/es\/wp-json\/wp\/v2\/media?parent=4057"}],"wp:term":[{"taxonomy":"product_brand","embeddable":true,"href":"https:\/\/xaviforcadell.com\/es\/wp-json\/wp\/v2\/product_brand?post=4057"},{"taxonomy":"product_cat","embeddable":true,"href":"https:\/\/xaviforcadell.com\/es\/wp-json\/wp\/v2\/product_cat?post=4057"},{"taxonomy":"product_tag","embeddable":true,"href":"https:\/\/xaviforcadell.com\/es\/wp-json\/wp\/v2\/product_tag?post=4057"}],"curies":[{"name":"wp","href":"https:\/\/api.w.org\/{rel}","templated":true}]}}