{"id":4059,"date":"2021-07-08T17:42:44","date_gmt":"2021-07-08T15:42:44","guid":{"rendered":"https:\/\/xaviforcadell.com\/producto\/la-psicomotricidad-herramientas-y-recursos-para-llevarla-a-la-practica\/"},"modified":"2024-03-16T14:35:02","modified_gmt":"2024-03-16T12:35:02","slug":"la-psicomotricidad-herramientas-y-recursos-para-llevarla-a-la-practica","status":"publish","type":"product","link":"https:\/\/xaviforcadell.com\/es\/producto\/la-psicomotricidad-herramientas-y-recursos-para-llevarla-a-la-practica\/","title":{"rendered":"La Psicomotricidad: Herramientas y recursos para llevarla a la pr\u00e1ctica"},"content":{"rendered":"<p>La <strong>Psicomotricidad<\/strong> cada vez est\u00e1 m\u00e1s presente en los centros educativos, a causa del <strong>reconocimiento de sus beneficios<\/strong> en el desarrollo global del ni\u00f1o.<\/p>\n<p>Se ha constatado que favorece, de forma integral y arm\u00f3nica, una <strong>mejora a nivel cognitivo, motor, emocional y social.<\/strong><\/p>\n<p>Para llevarla a cabo de forma satisfactoria y conseguir sus objetivos, se hace <strong>necesario tener una formaci\u00f3n espec\u00edfica.<\/strong><\/p>\n<p>Durante este curso, se realizar\u00e1n sesiones que combinar\u00e1n la <strong>parte te\u00f3rica y pr\u00e1ctica<\/strong>, puesto que hay conceptos de la Psicomotricidad que solo se pueden asimilar con la <strong>propia vivencia.<\/strong><\/p>\n<p>Las diferentes sesiones buscar\u00e1n profundizar en los cimientos, la metodolog\u00eda y la tecnicidad de la Psicomotricidad, para<strong> comprender su especificidad<\/strong> y <strong>tener herramientas y recursos<\/strong> para elaborar programaciones psicomotrices, estructurar las sesiones y hacer intervenciones ajustadas y efectivas.<\/p>\n<p>Tambi\u00e9n se dar\u00e1n pautas para realizar <strong>la observaci\u00f3n y la evaluaci\u00f3n<\/strong> de la expresividad motriz del ni\u00f1o, as\u00ed como de la propia intervenci\u00f3n.<\/p>\n<p>&nbsp;<\/p>\n<p><b>FECHAS:<\/b><\/p>\n<ul>\n<li><strong>Duraci\u00f3n de la formaci\u00f3n:<\/strong> del 8 de enero al 10 de abril de 2024<\/li>\n<li><strong>Sesiones en directo<\/strong>: los mi\u00e9rcoles: 17 y 31 de enero; 14 y 28 de febrero; 13 de marzo de las 18 a las 20.30h.<\/li>\n<li><strong>Sesiones asincr\u00f3nicas<\/strong>: acceso del 8 de enero al 10 de abril de 2024.<\/li>\n<li><strong>Trabajo personal<\/strong>:\u00a0 a trav\u00e9s del Campus Virtual.<\/li>\n<li><strong>Acceso en el Campus Virtual<\/strong>: del 8 de enero al 10 de abril de 2024.<\/li>\n<\/ul>\n<p><b>OBJECTIVOS GENERALES DEL CURSO<\/b><\/p>\n<ul>\n<li>Profundizar en los conocimientos te\u00f3ricos y la metodolog\u00eda de la Psicomotricidad.<\/li>\n<li>Dar herramientas y recursos de intervenci\u00f3n psicomotriz, en el \u00e1mbito educativo y preventivo.<\/li>\n<li>Concretar estrategias para la observaci\u00f3n y la evaluaci\u00f3n de la expresividad psicomotriz del ni\u00f1o.<\/li>\n<li>Elaborar una propuesta de sesi\u00f3n de Psicomotricidad.<\/li>\n<li>Favorecer la revisi\u00f3n de la propia intervenci\u00f3n psicomotriz.<\/li>\n<\/ul>\n<p>&nbsp;<\/p>\n<p><b>INSCRIPCIONES:<\/b><\/p>\n<ul>\n<li><strong>Inscripci\u00f3n: <\/strong>255 \u20ac<\/li>\n<li><strong>Promoci\u00f3n hasta el 31 de diciembre: <\/strong>197 \u20ac<\/li>\n<li><strong><span style=\"font-size: 16px;\">Las plazas son limitadas.<\/span><\/strong><\/li>\n<\/ul>\n<h4><strong>TESTIMONIOS:<\/strong><\/h4>\n<p>\u201c\u00a1Es una formaci\u00f3n muy enriquecedora, que <strong>te aporta much\u00edsimo a nivel profesional y tambi\u00e9n personal!<\/strong> Y explicada de forma din\u00e1mica, distendida, interactiva,&#8230; por un <strong>formador que es un gran experto en Psicomotricidad<\/strong>, que transmite pasi\u00f3n y ganas de vivir la Psicomotricidad. Me ha ayudado a conocerme m\u00e1s a m\u00ed misma, a <strong>ser m\u00e1s consciente de mis intervenciones<\/strong> y\u00a0<strong>conectar mejor cpn el alumnado<\/strong>&#8230;\u201d<\/p>\n<p>\u201cNo me esperaba recibir tanta informaci\u00f3n en el <strong>marco te\u00f3rico<\/strong> (\u00a1hace falta y es <strong>muy necesario!<\/strong>), la\u00a0<strong>importancia del rol del psicomotricista<\/strong> (haber tomado consciencia y la importancia que tiene por como puede afectar en nuestra tarea diaria) y referente a las <strong>sesiones pr\u00e1cticas<\/strong> han sido una <strong>aut\u00e9ntica sorpresa<\/strong>, porque <strong>tampoco me lo esperaba y menos on-line!<\/strong>\u201d<\/p>\n<p>\u201cGracias a esta formaci\u00f3n <strong>he conocido las potencialidades de la psicomotricidad<\/strong>. Pueden trabajarse tant\u00edsimas cosas en las diferentes sesiones&#8230; <strong>El curso es muy vivencial<\/strong> y Xavi es capaz de crear un <strong>clima de confianza<\/strong> en que todos se sienten libres de expresarse y preguntar.\u201d<\/p>\n<p>Para cualquier <strong>pregunta o duda<\/strong>, nos puedes escribir a <em><strong>info@xaviforcadell.com<\/strong><\/em>.<\/p>\n<p><strong>\u00a1Muchas gracias por tu inter\u00e9s en esta formaci\u00f3n!<\/strong><\/p>\n","protected":false},"excerpt":{"rendered":"<ul>\n<li><em><strong>\u00bfEst\u00e1s con ni\u00f1@s de 0 a 8 a\u00f1os?<\/strong><\/em><\/li>\n<li><em><strong>\u00bfTe gustar\u00eda comprenderlos m\u00e1s?<\/strong><\/em><\/li>\n<li><em><strong>\u00bfQuieres tener m\u00e1s herramientas para acompa\u00f1arlos en el juego?<\/strong><\/em><\/li>\n<li><em><strong>\u00bfTienes ganas de tener m\u00e1s recursos para aplicar en tus sesiones de Psicomotricidad?<\/strong><\/em><\/li>\n<\/ul>\n<p>\u00a1Te espero en esta <strong>Formaci\u00f3n Reconocida por el Departamento de Educaci\u00f3n con 50\u202fh!<\/strong><\/p>\n<p><strong>Destinatarios:<\/strong> docentes y familias de ni\u00f1@s de 0 a 8 a\u00f1os.<\/p>\n<p><strong>Fechas: <\/strong>del 8 de enero al 10 de abril de 2024.<\/p>\n","protected":false},"featured_media":13283,"template":"","meta":{"site-sidebar-layout":"default","site-content-layout":null,"ast-site-content-layout":"default","site-content-style":"default","site-sidebar-style":"default","ast-global-header-display":"","ast-banner-title-visibility":"","ast-main-header-display":"","ast-hfb-above-header-display":"","ast-hfb-below-header-display":"","ast-hfb-mobile-header-display":"","site-post-title":"","ast-breadcrumbs-content":"","ast-featured-img":"","footer-sml-layout":"","theme-transparent-header-meta":"default","adv-header-id-meta":"","stick-header-meta":"default","header-above-stick-meta":"","header-main-stick-meta":"","header-below-stick-meta":"","astra-migrate-meta-layouts":"default","ast-page-background-enabled":"default","ast-page-background-meta":{"desktop":{"background-color":"var(--ast-global-color-4)","background-image":"","background-repeat":"repeat","background-position":"center center","background-size":"auto","background-attachment":"scroll","background-type":"","background-media":"","overlay-type":"","overlay-color":"","overlay-opacity":"","overlay-gradient":""},"tablet":{"background-color":"","background-image":"","background-repeat":"repeat","background-position":"center center","background-size":"auto","background-attachment":"scroll","background-type":"","background-media":"","overlay-type":"","overlay-color":"","overlay-opacity":"","overlay-gradient":""},"mobile":{"background-color":"","background-image":"","background-repeat":"repeat","background-position":"center center","background-size":"auto","background-attachment":"scroll","background-type":"","background-media":"","overlay-type":"","overlay-color":"","overlay-opacity":"","overlay-gradient":""}},"ast-content-background-meta":{"desktop":{"background-color":"var(--ast-global-color-5)","background-image":"","background-repeat":"repeat","background-position":"center center","background-size":"auto","background-attachment":"scroll","background-type":"","background-media":"","overlay-type":"","overlay-color":"","overlay-opacity":"","overlay-gradient":""},"tablet":{"background-color":"var(--ast-global-color-5)","background-image":"","background-repeat":"repeat","background-position":"center center","background-size":"auto","background-attachment":"scroll","background-type":"","background-media":"","overlay-type":"","overlay-color":"","overlay-opacity":"","overlay-gradient":""},"mobile":{"background-color":"var(--ast-global-color-5)","background-image":"","background-repeat":"repeat","background-position":"center center","background-size":"auto","background-attachment":"scroll","background-type":"","background-media":"","overlay-type":"","overlay-color":"","overlay-opacity":"","overlay-gradient":""}}},"product_brand":[],"product_cat":[50],"product_tag":[],"class_list":{"0":"post-4059","1":"product","2":"type-product","3":"status-publish","4":"has-post-thumbnail","6":"product_cat-cursos-es","7":"desktop-align-left","8":"tablet-align-left","9":"mobile-align-left","10":"ast-product-gallery-layout-horizontal-slider","11":"ast-product-gallery-with-no-image","12":"ast-product-tabs-layout-horizontal","14":"first","15":"instock","16":"virtual","17":"sold-individually","18":"purchasable","19":"product-type-simple"},"yoast_head":"<!-- This site is optimized with the Yoast SEO plugin v25.5 - https:\/\/yoast.com\/wordpress\/plugins\/seo\/ -->\n<title>La Psicomotricidad: Herramientas y recursos para llevarla a la pr\u00e1ctica<\/title>\n<meta name=\"robots\" content=\"index, follow, max-snippet:-1, max-image-preview:large, max-video-preview:-1\" \/>\n<link rel=\"canonical\" href=\"https:\/\/xaviforcadell.com\/es\/producto\/la-psicomotricidad-herramientas-y-recursos-para-llevarla-a-la-practica\/\" \/>\n<meta property=\"og:locale\" content=\"es_ES\" \/>\n<meta property=\"og:type\" content=\"article\" \/>\n<meta property=\"og:title\" content=\"La Psicomotricidad: Herramientas y recursos para llevarla a la pr\u00e1ctica\" \/>\n<meta property=\"og:description\" content=\"\u00bfEst\u00e1s con ni\u00f1@s de 0 a 8 a\u00f1os?  \u00bfTe gustar\u00eda comprenderlos m\u00e1s?  \u00bfQuieres tener m\u00e1s herramientas para acompa\u00f1arlos en el juego?  \u00bfTienes ganas de tener m\u00e1s recursos para aplicar en tus sesiones de Psicomotricidad?  \u00a1Te espero en esta Formaci\u00f3n Reconocida por el Departamento de Educaci\u00f3n con 50\u202fh!  Destinatarios: docentes y familias de ni\u00f1@s de 0 a 8 a\u00f1os.  Fechas: del 8 de enero al 10 de abril de 2024.\" \/>\n<meta property=\"og:url\" content=\"https:\/\/xaviforcadell.com\/es\/producto\/la-psicomotricidad-herramientas-y-recursos-para-llevarla-a-la-practica\/\" \/>\n<meta property=\"og:site_name\" content=\"Escola Eduquem per Cr&eacute;ixer\" \/>\n<meta property=\"article:publisher\" content=\"https:\/\/www.facebook.com\/drxaviforcadell\" \/>\n<meta property=\"article:modified_time\" content=\"2024-03-16T12:35:02+00:00\" \/>\n<meta property=\"og:image\" content=\"https:\/\/xaviforcadell.com\/wp-content\/uploads\/2022\/03\/Muralla.jpg\" \/>\n\t<meta property=\"og:image:width\" content=\"243\" \/>\n\t<meta property=\"og:image:height\" content=\"225\" \/>\n\t<meta property=\"og:image:type\" content=\"image\/jpeg\" \/>\n<meta name=\"twitter:card\" content=\"summary_large_image\" \/>\n<meta name=\"twitter:site\" content=\"@drxaviforcadell\" \/>\n<meta name=\"twitter:label1\" content=\"Tiempo de lectura\" \/>\n\t<meta name=\"twitter:data1\" content=\"3 minutos\" \/>\n<script type=\"application\/ld+json\" class=\"yoast-schema-graph\">{\"@context\":\"https:\/\/schema.org\",\"@graph\":[{\"@type\":\"WebPage\",\"@id\":\"https:\/\/xaviforcadell.com\/es\/producto\/la-psicomotricidad-herramientas-y-recursos-para-llevarla-a-la-practica\/\",\"url\":\"https:\/\/xaviforcadell.com\/es\/producto\/la-psicomotricidad-herramientas-y-recursos-para-llevarla-a-la-practica\/\",\"name\":\"La Psicomotricidad: Herramientas y recursos para llevarla a la pr\u00e1ctica\",\"isPartOf\":{\"@id\":\"https:\/\/xaviforcadell.com\/#website\"},\"primaryImageOfPage\":{\"@id\":\"https:\/\/xaviforcadell.com\/es\/producto\/la-psicomotricidad-herramientas-y-recursos-para-llevarla-a-la-practica\/#primaryimage\"},\"image\":{\"@id\":\"https:\/\/xaviforcadell.com\/es\/producto\/la-psicomotricidad-herramientas-y-recursos-para-llevarla-a-la-practica\/#primaryimage\"},\"thumbnailUrl\":\"https:\/\/xaviforcadell.com\/wp-content\/uploads\/2022\/03\/Muralla.jpg\",\"datePublished\":\"2021-07-08T15:42:44+00:00\",\"dateModified\":\"2024-03-16T12:35:02+00:00\",\"breadcrumb\":{\"@id\":\"https:\/\/xaviforcadell.com\/es\/producto\/la-psicomotricidad-herramientas-y-recursos-para-llevarla-a-la-practica\/#breadcrumb\"},\"inLanguage\":\"es\",\"potentialAction\":[{\"@type\":\"ReadAction\",\"target\":[\"https:\/\/xaviforcadell.com\/es\/producto\/la-psicomotricidad-herramientas-y-recursos-para-llevarla-a-la-practica\/\"]}]},{\"@type\":\"ImageObject\",\"inLanguage\":\"es\",\"@id\":\"https:\/\/xaviforcadell.com\/es\/producto\/la-psicomotricidad-herramientas-y-recursos-para-llevarla-a-la-practica\/#primaryimage\",\"url\":\"https:\/\/xaviforcadell.com\/wp-content\/uploads\/2022\/03\/Muralla.jpg\",\"contentUrl\":\"https:\/\/xaviforcadell.com\/wp-content\/uploads\/2022\/03\/Muralla.jpg\",\"width\":243,\"height\":225,\"caption\":\"Formaci\u00f3 Psicomotricidad 1r Nivel\"},{\"@type\":\"BreadcrumbList\",\"@id\":\"https:\/\/xaviforcadell.com\/es\/producto\/la-psicomotricidad-herramientas-y-recursos-para-llevarla-a-la-practica\/#breadcrumb\",\"itemListElement\":[{\"@type\":\"ListItem\",\"position\":1,\"name\":\"Portada\",\"item\":\"https:\/\/xaviforcadell.com\/es\/\"},{\"@type\":\"ListItem\",\"position\":2,\"name\":\"Tienda\",\"item\":\"https:\/\/xaviforcadell.com\/es\/pedido-librerias\/\"},{\"@type\":\"ListItem\",\"position\":3,\"name\":\"La Psicomotricidad: Herramientas y recursos para llevarla a la pr\u00e1ctica\"}]},{\"@type\":\"WebSite\",\"@id\":\"https:\/\/xaviforcadell.com\/#website\",\"url\":\"https:\/\/xaviforcadell.com\/\",\"name\":\"Escola Eduquem per Cr&eacute;ixer\",\"description\":\"\",\"publisher\":{\"@id\":\"https:\/\/xaviforcadell.com\/#organization\"},\"potentialAction\":[{\"@type\":\"SearchAction\",\"target\":{\"@type\":\"EntryPoint\",\"urlTemplate\":\"https:\/\/xaviforcadell.com\/?s={search_term_string}\"},\"query-input\":{\"@type\":\"PropertyValueSpecification\",\"valueRequired\":true,\"valueName\":\"search_term_string\"}}],\"inLanguage\":\"es\"},{\"@type\":\"Organization\",\"@id\":\"https:\/\/xaviforcadell.com\/#organization\",\"name\":\"Escola Eduquem Per Cr\u00e9ixer\",\"url\":\"https:\/\/xaviforcadell.com\/\",\"logo\":{\"@type\":\"ImageObject\",\"inLanguage\":\"es\",\"@id\":\"https:\/\/xaviforcadell.com\/#\/schema\/logo\/image\/\",\"url\":\"https:\/\/xaviforcadell.com\/wp-content\/uploads\/2021\/05\/Escola-Xavi-Forcadell-logo-250px.png\",\"contentUrl\":\"https:\/\/xaviforcadell.com\/wp-content\/uploads\/2021\/05\/Escola-Xavi-Forcadell-logo-250px.png\",\"width\":250,\"height\":250,\"caption\":\"Escola Eduquem Per Cr\u00e9ixer\"},\"image\":{\"@id\":\"https:\/\/xaviforcadell.com\/#\/schema\/logo\/image\/\"},\"sameAs\":[\"https:\/\/www.facebook.com\/drxaviforcadell\",\"https:\/\/x.com\/drxaviforcadell\",\"https:\/\/www.instagram.com\/xaviforcadell\",\"https:\/\/www.linkedin.com\/in\/xavi-forcadell\",\"https:\/\/www.youtube.com\/c\/xaviforcadell\"]}]}<\/script>\n<!-- \/ Yoast SEO plugin. -->","yoast_head_json":{"title":"La Psicomotricidad: Herramientas y recursos para llevarla a la pr\u00e1ctica","robots":{"index":"index","follow":"follow","max-snippet":"max-snippet:-1","max-image-preview":"max-image-preview:large","max-video-preview":"max-video-preview:-1"},"canonical":"https:\/\/xaviforcadell.com\/es\/producto\/la-psicomotricidad-herramientas-y-recursos-para-llevarla-a-la-practica\/","og_locale":"es_ES","og_type":"article","og_title":"La Psicomotricidad: Herramientas y recursos para llevarla a la pr\u00e1ctica","og_description":"\u00bfEst\u00e1s con ni\u00f1@s de 0 a 8 a\u00f1os?  \u00bfTe gustar\u00eda comprenderlos m\u00e1s?  \u00bfQuieres tener m\u00e1s herramientas para acompa\u00f1arlos en el juego?  \u00bfTienes ganas de tener m\u00e1s recursos para aplicar en tus sesiones de Psicomotricidad?  \u00a1Te espero en esta Formaci\u00f3n Reconocida por el Departamento de Educaci\u00f3n con 50\u202fh!  Destinatarios: docentes y familias de ni\u00f1@s de 0 a 8 a\u00f1os.  Fechas: del 8 de enero al 10 de abril de 2024.","og_url":"https:\/\/xaviforcadell.com\/es\/producto\/la-psicomotricidad-herramientas-y-recursos-para-llevarla-a-la-practica\/","og_site_name":"Escola Eduquem per Cr&eacute;ixer","article_publisher":"https:\/\/www.facebook.com\/drxaviforcadell","article_modified_time":"2024-03-16T12:35:02+00:00","og_image":[{"width":243,"height":225,"url":"https:\/\/xaviforcadell.com\/wp-content\/uploads\/2022\/03\/Muralla.jpg","type":"image\/jpeg"}],"twitter_card":"summary_large_image","twitter_site":"@drxaviforcadell","twitter_misc":{"Tiempo de lectura":"3 minutos"},"schema":{"@context":"https:\/\/schema.org","@graph":[{"@type":"WebPage","@id":"https:\/\/xaviforcadell.com\/es\/producto\/la-psicomotricidad-herramientas-y-recursos-para-llevarla-a-la-practica\/","url":"https:\/\/xaviforcadell.com\/es\/producto\/la-psicomotricidad-herramientas-y-recursos-para-llevarla-a-la-practica\/","name":"La Psicomotricidad: Herramientas y recursos para llevarla a la pr\u00e1ctica","isPartOf":{"@id":"https:\/\/xaviforcadell.com\/#website"},"primaryImageOfPage":{"@id":"https:\/\/xaviforcadell.com\/es\/producto\/la-psicomotricidad-herramientas-y-recursos-para-llevarla-a-la-practica\/#primaryimage"},"image":{"@id":"https:\/\/xaviforcadell.com\/es\/producto\/la-psicomotricidad-herramientas-y-recursos-para-llevarla-a-la-practica\/#primaryimage"},"thumbnailUrl":"https:\/\/xaviforcadell.com\/wp-content\/uploads\/2022\/03\/Muralla.jpg","datePublished":"2021-07-08T15:42:44+00:00","dateModified":"2024-03-16T12:35:02+00:00","breadcrumb":{"@id":"https:\/\/xaviforcadell.com\/es\/producto\/la-psicomotricidad-herramientas-y-recursos-para-llevarla-a-la-practica\/#breadcrumb"},"inLanguage":"es","potentialAction":[{"@type":"ReadAction","target":["https:\/\/xaviforcadell.com\/es\/producto\/la-psicomotricidad-herramientas-y-recursos-para-llevarla-a-la-practica\/"]}]},{"@type":"ImageObject","inLanguage":"es","@id":"https:\/\/xaviforcadell.com\/es\/producto\/la-psicomotricidad-herramientas-y-recursos-para-llevarla-a-la-practica\/#primaryimage","url":"https:\/\/xaviforcadell.com\/wp-content\/uploads\/2022\/03\/Muralla.jpg","contentUrl":"https:\/\/xaviforcadell.com\/wp-content\/uploads\/2022\/03\/Muralla.jpg","width":243,"height":225,"caption":"Formaci\u00f3 Psicomotricidad 1r Nivel"},{"@type":"BreadcrumbList","@id":"https:\/\/xaviforcadell.com\/es\/producto\/la-psicomotricidad-herramientas-y-recursos-para-llevarla-a-la-practica\/#breadcrumb","itemListElement":[{"@type":"ListItem","position":1,"name":"Portada","item":"https:\/\/xaviforcadell.com\/es\/"},{"@type":"ListItem","position":2,"name":"Tienda","item":"https:\/\/xaviforcadell.com\/es\/pedido-librerias\/"},{"@type":"ListItem","position":3,"name":"La Psicomotricidad: Herramientas y recursos para llevarla a la pr\u00e1ctica"}]},{"@type":"WebSite","@id":"https:\/\/xaviforcadell.com\/#website","url":"https:\/\/xaviforcadell.com\/","name":"Escola Eduquem per Cr&eacute;ixer","description":"","publisher":{"@id":"https:\/\/xaviforcadell.com\/#organization"},"potentialAction":[{"@type":"SearchAction","target":{"@type":"EntryPoint","urlTemplate":"https:\/\/xaviforcadell.com\/?s={search_term_string}"},"query-input":{"@type":"PropertyValueSpecification","valueRequired":true,"valueName":"search_term_string"}}],"inLanguage":"es"},{"@type":"Organization","@id":"https:\/\/xaviforcadell.com\/#organization","name":"Escola Eduquem Per Cr\u00e9ixer","url":"https:\/\/xaviforcadell.com\/","logo":{"@type":"ImageObject","inLanguage":"es","@id":"https:\/\/xaviforcadell.com\/#\/schema\/logo\/image\/","url":"https:\/\/xaviforcadell.com\/wp-content\/uploads\/2021\/05\/Escola-Xavi-Forcadell-logo-250px.png","contentUrl":"https:\/\/xaviforcadell.com\/wp-content\/uploads\/2021\/05\/Escola-Xavi-Forcadell-logo-250px.png","width":250,"height":250,"caption":"Escola Eduquem Per Cr\u00e9ixer"},"image":{"@id":"https:\/\/xaviforcadell.com\/#\/schema\/logo\/image\/"},"sameAs":["https:\/\/www.facebook.com\/drxaviforcadell","https:\/\/x.com\/drxaviforcadell","https:\/\/www.instagram.com\/xaviforcadell","https:\/\/www.linkedin.com\/in\/xavi-forcadell","https:\/\/www.youtube.com\/c\/xaviforcadell"]}]}},"_links":{"self":[{"href":"https:\/\/xaviforcadell.com\/es\/wp-json\/wp\/v2\/product\/4059","targetHints":{"allow":["GET"]}}],"collection":[{"href":"https:\/\/xaviforcadell.com\/es\/wp-json\/wp\/v2\/product"}],"about":[{"href":"https:\/\/xaviforcadell.com\/es\/wp-json\/wp\/v2\/types\/product"}],"wp:featuredmedia":[{"embeddable":true,"href":"https:\/\/xaviforcadell.com\/es\/wp-json\/wp\/v2\/media\/13283"}],"wp:attachment":[{"href":"https:\/\/xaviforcadell.com\/es\/wp-json\/wp\/v2\/media?parent=4059"}],"wp:term":[{"taxonomy":"product_brand","embeddable":true,"href":"https:\/\/xaviforcadell.com\/es\/wp-json\/wp\/v2\/product_brand?post=4059"},{"taxonomy":"product_cat","embeddable":true,"href":"https:\/\/xaviforcadell.com\/es\/wp-json\/wp\/v2\/product_cat?post=4059"},{"taxonomy":"product_tag","embeddable":true,"href":"https:\/\/xaviforcadell.com\/es\/wp-json\/wp\/v2\/product_tag?post=4059"}],"curies":[{"name":"wp","href":"https:\/\/api.w.org\/{rel}","templated":true}]}}