{"id":6720,"date":"2021-10-11T16:47:36","date_gmt":"2021-10-11T14:47:36","guid":{"rendered":"https:\/\/xaviforcadell.com\/?post_type=product&#038;p=6720"},"modified":"2023-01-01T00:11:05","modified_gmt":"2022-12-31T22:11:05","slug":"psicomotricidad-herramientas-y-recursos-para-llevarla-a-la-practica-primavera","status":"publish","type":"product","link":"https:\/\/xaviforcadell.com\/es\/producto\/psicomotricidad-herramientas-y-recursos-para-llevarla-a-la-practica-primavera\/","title":{"rendered":"Psicomotricidad: Herramientas y recursos para llevarla a la pr\u00e1ctica &#8211; Primavera"},"content":{"rendered":"<p>La <strong>Psicomotricidad<\/strong> cada vez est\u00e1 m\u00e1s presente en los centros educativos, a causa del <strong>reconocimiento de sus beneficios<\/strong> en el desarrollo global del ni\u00f1o.<\/p>\n<p>Se ha constatado que favorece, de forma integral y arm\u00f3nica, una <strong>mejora a nivel cognitivo, motor, emocional y social.<\/strong><\/p>\n<p>Para llevarla a cabo de forma satisfactoria y conseguir sus objetivos, es <strong>necesario tener una formaci\u00f3n espec\u00edfica.<\/strong><\/p>\n<p>En <em><strong>La Psicomotricidad: Herramientas y recursos para llevarla a la pr\u00e1ctica<\/strong><\/em>, se realizar\u00e1n sesiones que combinar\u00e1n la <strong>parte te\u00f3rica y pr\u00e1ctica<\/strong>, puesto que hay conceptos de la Psicomotricidad que solo se pueden asimilar con la <strong>propia vivencia<\/strong>.<\/p>\n<p>Las diferentes sesiones buscar\u00e1n profundizar en los cimientos, la metodolog\u00eda y la tecnicidad de la Psicomotricidad, para <strong>comprender su especificidad<\/strong> y <strong>tener herramientas y recursos<\/strong> para elaborar programaciones psicomotrices, estructurar las sesiones y hacer intervenciones ajustadas y efectivas.<\/p>\n<p>Tambi\u00e9n se dar\u00e1n pautas para realizar la <strong>observaci\u00f3n y la evaluaci\u00f3n<\/strong> de la expresividad motriz del ni\u00f1o, as\u00ed como de la propia intervenci\u00f3n.<\/p>\n<h4><b>FECHAS:<\/b><\/h4>\n<ul>\n<li><strong>Sesiones en directo<\/strong>: del 13 de abril al 15 de junio de 2023.<\/li>\n<li><strong>Conexi\u00f3n sincr\u00f3nica<\/strong>: 25 horas ( los jueves, de 18h a 20:30)<\/li>\n<li><strong>Trabajo personal:<\/strong> 25 horas a trav\u00e9s del Campus Virtual.<\/li>\n<li><strong>Acceso en el Campus Virtual<\/strong>: del 6 de abril al 30 de junio de 2023.<\/li>\n<\/ul>\n<h4><b>OBJECTIVOS GENERALES DEL CURSO<\/b><\/h4>\n<ul>\n<li>Profundizar en los conocimientos te\u00f3ricos y la metodolog\u00eda de la Psicomotricidad.<\/li>\n<li>Dar herramientas y recursos de intervenci\u00f3n psicomotriz, en el \u00e1mbito educativo y preventivo.<\/li>\n<li>Concretar estrategias para la observaci\u00f3n y la evaluaci\u00f3n de la expresividad psicomotriz del ni\u00f1o.<\/li>\n<li>Elaborar una propuesta de sesi\u00f3n de Psicomotricidad.<\/li>\n<li>Favorecer la revisi\u00f3n de la propia intervenci\u00f3n psicomotriz.<\/li>\n<\/ul>\n<h4><b>INSCRIPCIONES:<\/b><\/h4>\n<ul>\n<li><span style=\"font-size: large;\">Hasta el 31 de diciembre: 197\u20ac<\/span><\/li>\n<li><span style=\"font-size: large;\">Hasta el 28 de febrero: 225\u20ac<\/span><\/li>\n<li><span style=\"font-size: large;\">A partir del 13 de marzo: 255\u20ac<\/span><\/li>\n<li style=\"list-style-type: none;\"><\/li>\n<\/ul>\n<blockquote><p>Las plazas son limitadas.<\/p><\/blockquote>\n<h4><strong>TESTIMONIOS:<\/strong><\/h4>\n<p>\u201c\u00c9s una formaci\u00f3n muy enriquecedora, que <strong>te aporta much\u00edsimo a nivel\u00a0 profesional y tambi\u00e9n personal!<\/strong> Y explicada de forma din\u00e1mica, distendida, interactiva,&#8230; por un <strong>formador que es un gran experto en Psicomotricidad<\/strong>, que transmite pasi\u00f3n y ganas de vivir la Psicomotricidad. Me ha ayudado a conocerme m\u00e1s a mi misma, a <strong>ser m\u00e1s consciente de mis intervenciones<\/strong> y\u00a0<strong>conectar mejor con el alumnado<\/strong>&#8230;\u201d<\/p>\n<p>\u201cNo me esperaba recibir tanta informaci\u00f3n en el <strong>marco te\u00f3rico<\/strong> (hace falta y es <strong>muy necesaria!<\/strong>), la\u00a0<strong>importancia del rol del psicomotricista<\/strong> (haber tomado conciencia y la importancia que tiene por como puede afectar en nuestra tarea diaria) y las <strong>sesiones pr\u00e1cticas<\/strong> han sido una <strong>autentica sorpresa<\/strong>, porque <strong>tampoco me lo esperaba y a\u00fan menos online!<\/strong>\u201d<\/p>\n<p>\u201cGracias a esta formaci\u00f3n <strong>he conocido las potencialidades de la psicomotricitat<\/strong>. Se pueden trabajar tant\u00edsimas cosas en las diferentes sesiones&#8230; <strong>El curso es muy vivencial<\/strong> y Xavi es capaz de crear un <strong>clima de confianza<\/strong> en que todo el mundo se siente libre de expresarse y preguntar.\u201d<\/p>\n","protected":false},"excerpt":{"rendered":"<p>La Psicomotricidad cada vez est\u00e1 m\u00e1s presente en los centros educativos, a causa del reconocimiento de sus beneficios en el [&hellip;]<\/p>\n","protected":false},"featured_media":7375,"template":"","meta":{"site-sidebar-layout":"default","site-content-layout":"default","ast-site-content-layout":"default","site-content-style":"default","site-sidebar-style":"default","ast-global-header-display":"","ast-banner-title-visibility":"","ast-main-header-display":"","ast-hfb-above-header-display":"","ast-hfb-below-header-display":"","ast-hfb-mobile-header-display":"","site-post-title":"","ast-breadcrumbs-content":"","ast-featured-img":"","footer-sml-layout":"","theme-transparent-header-meta":"default","adv-header-id-meta":"","stick-header-meta":"default","header-above-stick-meta":"","header-main-stick-meta":"","header-below-stick-meta":"","astra-migrate-meta-layouts":"default","ast-page-background-enabled":"default","ast-page-background-meta":{"desktop":{"background-color":"var(--ast-global-color-4)","background-image":"","background-repeat":"repeat","background-position":"center center","background-size":"auto","background-attachment":"scroll","background-type":"","background-media":"","overlay-type":"","overlay-color":"","overlay-opacity":"","overlay-gradient":""},"tablet":{"background-color":"","background-image":"","background-repeat":"repeat","background-position":"center center","background-size":"auto","background-attachment":"scroll","background-type":"","background-media":"","overlay-type":"","overlay-color":"","overlay-opacity":"","overlay-gradient":""},"mobile":{"background-color":"","background-image":"","background-repeat":"repeat","background-position":"center center","background-size":"auto","background-attachment":"scroll","background-type":"","background-media":"","overlay-type":"","overlay-color":"","overlay-opacity":"","overlay-gradient":""}},"ast-content-background-meta":{"desktop":{"background-color":"var(--ast-global-color-5)","background-image":"","background-repeat":"repeat","background-position":"center center","background-size":"auto","background-attachment":"scroll","background-type":"","background-media":"","overlay-type":"","overlay-color":"","overlay-opacity":"","overlay-gradient":""},"tablet":{"background-color":"var(--ast-global-color-5)","background-image":"","background-repeat":"repeat","background-position":"center center","background-size":"auto","background-attachment":"scroll","background-type":"","background-media":"","overlay-type":"","overlay-color":"","overlay-opacity":"","overlay-gradient":""},"mobile":{"background-color":"var(--ast-global-color-5)","background-image":"","background-repeat":"repeat","background-position":"center center","background-size":"auto","background-attachment":"scroll","background-type":"","background-media":"","overlay-type":"","overlay-color":"","overlay-opacity":"","overlay-gradient":""}}},"product_brand":[],"product_cat":[50],"product_tag":[],"class_list":{"0":"post-6720","1":"product","2":"type-product","3":"status-publish","4":"has-post-thumbnail","6":"product_cat-cursos-es","7":"desktop-align-left","8":"tablet-align-left","9":"mobile-align-left","10":"ast-product-gallery-layout-horizontal-slider","11":"ast-product-gallery-with-no-image","12":"ast-product-tabs-layout-horizontal","14":"first","15":"outofstock","16":"virtual","17":"sold-individually","18":"purchasable","19":"product-type-course"},"yoast_head":"<!-- This site is optimized with the Yoast SEO plugin v25.5 - https:\/\/yoast.com\/wordpress\/plugins\/seo\/ -->\n<title>Psicomotricidad: Herramientas y recursos para llevarla a la pr\u00e1ctica - Primavera - Escola Eduquem per Cr&eacute;ixer<\/title>\n<meta name=\"robots\" content=\"index, follow, max-snippet:-1, max-image-preview:large, max-video-preview:-1\" \/>\n<link rel=\"canonical\" href=\"https:\/\/xaviforcadell.com\/es\/producto\/psicomotricidad-herramientas-y-recursos-para-llevarla-a-la-practica-primavera\/\" \/>\n<meta property=\"og:locale\" content=\"es_ES\" \/>\n<meta property=\"og:type\" content=\"article\" \/>\n<meta property=\"og:title\" content=\"Psicomotricidad: Herramientas y recursos para llevarla a la pr\u00e1ctica - Primavera - Escola Eduquem per Cr&eacute;ixer\" \/>\n<meta property=\"og:description\" content=\"La Psicomotricidad cada vez est\u00e1 m\u00e1s presente en los centros educativos, a causa del reconocimiento de sus beneficios en el [&hellip;]\" \/>\n<meta property=\"og:url\" content=\"https:\/\/xaviforcadell.com\/es\/producto\/psicomotricidad-herramientas-y-recursos-para-llevarla-a-la-practica-primavera\/\" \/>\n<meta property=\"og:site_name\" content=\"Escola Eduquem per Cr&eacute;ixer\" \/>\n<meta property=\"article:publisher\" content=\"https:\/\/www.facebook.com\/drxaviforcadell\" \/>\n<meta property=\"article:modified_time\" content=\"2022-12-31T22:11:05+00:00\" \/>\n<meta property=\"og:image\" content=\"https:\/\/xaviforcadell.com\/wp-content\/uploads\/2021\/10\/Foto-Edicio-Marc-1r-nivell-scaled.jpg\" \/>\n\t<meta property=\"og:image:width\" content=\"2560\" \/>\n\t<meta property=\"og:image:height\" content=\"1747\" \/>\n\t<meta property=\"og:image:type\" content=\"image\/jpeg\" \/>\n<meta name=\"twitter:card\" content=\"summary_large_image\" \/>\n<meta name=\"twitter:site\" content=\"@drxaviforcadell\" \/>\n<meta name=\"twitter:label1\" content=\"Tiempo de lectura\" \/>\n\t<meta name=\"twitter:data1\" content=\"2 minutos\" \/>\n<script type=\"application\/ld+json\" class=\"yoast-schema-graph\">{\"@context\":\"https:\/\/schema.org\",\"@graph\":[{\"@type\":\"WebPage\",\"@id\":\"https:\/\/xaviforcadell.com\/es\/producto\/psicomotricidad-herramientas-y-recursos-para-llevarla-a-la-practica-primavera\/\",\"url\":\"https:\/\/xaviforcadell.com\/es\/producto\/psicomotricidad-herramientas-y-recursos-para-llevarla-a-la-practica-primavera\/\",\"name\":\"Psicomotricidad: Herramientas y recursos para llevarla a la pr\u00e1ctica - Primavera - Escola Eduquem per Cr&eacute;ixer\",\"isPartOf\":{\"@id\":\"https:\/\/xaviforcadell.com\/#website\"},\"primaryImageOfPage\":{\"@id\":\"https:\/\/xaviforcadell.com\/es\/producto\/psicomotricidad-herramientas-y-recursos-para-llevarla-a-la-practica-primavera\/#primaryimage\"},\"image\":{\"@id\":\"https:\/\/xaviforcadell.com\/es\/producto\/psicomotricidad-herramientas-y-recursos-para-llevarla-a-la-practica-primavera\/#primaryimage\"},\"thumbnailUrl\":\"https:\/\/xaviforcadell.com\/wp-content\/uploads\/2021\/10\/Foto-Edicio-Marc-1r-nivell-scaled.jpg\",\"datePublished\":\"2021-10-11T14:47:36+00:00\",\"dateModified\":\"2022-12-31T22:11:05+00:00\",\"breadcrumb\":{\"@id\":\"https:\/\/xaviforcadell.com\/es\/producto\/psicomotricidad-herramientas-y-recursos-para-llevarla-a-la-practica-primavera\/#breadcrumb\"},\"inLanguage\":\"es\",\"potentialAction\":[{\"@type\":\"ReadAction\",\"target\":[\"https:\/\/xaviforcadell.com\/es\/producto\/psicomotricidad-herramientas-y-recursos-para-llevarla-a-la-practica-primavera\/\"]}]},{\"@type\":\"ImageObject\",\"inLanguage\":\"es\",\"@id\":\"https:\/\/xaviforcadell.com\/es\/producto\/psicomotricidad-herramientas-y-recursos-para-llevarla-a-la-practica-primavera\/#primaryimage\",\"url\":\"https:\/\/xaviforcadell.com\/wp-content\/uploads\/2021\/10\/Foto-Edicio-Marc-1r-nivell-scaled.jpg\",\"contentUrl\":\"https:\/\/xaviforcadell.com\/wp-content\/uploads\/2021\/10\/Foto-Edicio-Marc-1r-nivell-scaled.jpg\",\"width\":2560,\"height\":1747,\"caption\":\"Herramientas recursos pr\u00e1cticos para Psicomotricidad\"},{\"@type\":\"BreadcrumbList\",\"@id\":\"https:\/\/xaviforcadell.com\/es\/producto\/psicomotricidad-herramientas-y-recursos-para-llevarla-a-la-practica-primavera\/#breadcrumb\",\"itemListElement\":[{\"@type\":\"ListItem\",\"position\":1,\"name\":\"Portada\",\"item\":\"https:\/\/xaviforcadell.com\/es\/\"},{\"@type\":\"ListItem\",\"position\":2,\"name\":\"Tienda\",\"item\":\"https:\/\/xaviforcadell.com\/es\/pedido-librerias\/\"},{\"@type\":\"ListItem\",\"position\":3,\"name\":\"Psicomotricidad: Herramientas y recursos para llevarla a la pr\u00e1ctica &#8211; Primavera\"}]},{\"@type\":\"WebSite\",\"@id\":\"https:\/\/xaviforcadell.com\/#website\",\"url\":\"https:\/\/xaviforcadell.com\/\",\"name\":\"Escola Eduquem per Cr&eacute;ixer\",\"description\":\"\",\"publisher\":{\"@id\":\"https:\/\/xaviforcadell.com\/#organization\"},\"potentialAction\":[{\"@type\":\"SearchAction\",\"target\":{\"@type\":\"EntryPoint\",\"urlTemplate\":\"https:\/\/xaviforcadell.com\/?s={search_term_string}\"},\"query-input\":{\"@type\":\"PropertyValueSpecification\",\"valueRequired\":true,\"valueName\":\"search_term_string\"}}],\"inLanguage\":\"es\"},{\"@type\":\"Organization\",\"@id\":\"https:\/\/xaviforcadell.com\/#organization\",\"name\":\"Escola Eduquem Per Cr\u00e9ixer\",\"url\":\"https:\/\/xaviforcadell.com\/\",\"logo\":{\"@type\":\"ImageObject\",\"inLanguage\":\"es\",\"@id\":\"https:\/\/xaviforcadell.com\/#\/schema\/logo\/image\/\",\"url\":\"https:\/\/xaviforcadell.com\/wp-content\/uploads\/2021\/05\/Escola-Xavi-Forcadell-logo-250px.png\",\"contentUrl\":\"https:\/\/xaviforcadell.com\/wp-content\/uploads\/2021\/05\/Escola-Xavi-Forcadell-logo-250px.png\",\"width\":250,\"height\":250,\"caption\":\"Escola Eduquem Per Cr\u00e9ixer\"},\"image\":{\"@id\":\"https:\/\/xaviforcadell.com\/#\/schema\/logo\/image\/\"},\"sameAs\":[\"https:\/\/www.facebook.com\/drxaviforcadell\",\"https:\/\/x.com\/drxaviforcadell\",\"https:\/\/www.instagram.com\/xaviforcadell\",\"https:\/\/www.linkedin.com\/in\/xavi-forcadell\",\"https:\/\/www.youtube.com\/c\/xaviforcadell\"]}]}<\/script>\n<!-- \/ Yoast SEO plugin. -->","yoast_head_json":{"title":"Psicomotricidad: Herramientas y recursos para llevarla a la pr\u00e1ctica - Primavera - Escola Eduquem per Cr&eacute;ixer","robots":{"index":"index","follow":"follow","max-snippet":"max-snippet:-1","max-image-preview":"max-image-preview:large","max-video-preview":"max-video-preview:-1"},"canonical":"https:\/\/xaviforcadell.com\/es\/producto\/psicomotricidad-herramientas-y-recursos-para-llevarla-a-la-practica-primavera\/","og_locale":"es_ES","og_type":"article","og_title":"Psicomotricidad: Herramientas y recursos para llevarla a la pr\u00e1ctica - Primavera - Escola Eduquem per Cr&eacute;ixer","og_description":"La Psicomotricidad cada vez est\u00e1 m\u00e1s presente en los centros educativos, a causa del reconocimiento de sus beneficios en el [&hellip;]","og_url":"https:\/\/xaviforcadell.com\/es\/producto\/psicomotricidad-herramientas-y-recursos-para-llevarla-a-la-practica-primavera\/","og_site_name":"Escola Eduquem per Cr&eacute;ixer","article_publisher":"https:\/\/www.facebook.com\/drxaviforcadell","article_modified_time":"2022-12-31T22:11:05+00:00","og_image":[{"width":2560,"height":1747,"url":"https:\/\/xaviforcadell.com\/wp-content\/uploads\/2021\/10\/Foto-Edicio-Marc-1r-nivell-scaled.jpg","type":"image\/jpeg"}],"twitter_card":"summary_large_image","twitter_site":"@drxaviforcadell","twitter_misc":{"Tiempo de lectura":"2 minutos"},"schema":{"@context":"https:\/\/schema.org","@graph":[{"@type":"WebPage","@id":"https:\/\/xaviforcadell.com\/es\/producto\/psicomotricidad-herramientas-y-recursos-para-llevarla-a-la-practica-primavera\/","url":"https:\/\/xaviforcadell.com\/es\/producto\/psicomotricidad-herramientas-y-recursos-para-llevarla-a-la-practica-primavera\/","name":"Psicomotricidad: Herramientas y recursos para llevarla a la pr\u00e1ctica - Primavera - Escola Eduquem per Cr&eacute;ixer","isPartOf":{"@id":"https:\/\/xaviforcadell.com\/#website"},"primaryImageOfPage":{"@id":"https:\/\/xaviforcadell.com\/es\/producto\/psicomotricidad-herramientas-y-recursos-para-llevarla-a-la-practica-primavera\/#primaryimage"},"image":{"@id":"https:\/\/xaviforcadell.com\/es\/producto\/psicomotricidad-herramientas-y-recursos-para-llevarla-a-la-practica-primavera\/#primaryimage"},"thumbnailUrl":"https:\/\/xaviforcadell.com\/wp-content\/uploads\/2021\/10\/Foto-Edicio-Marc-1r-nivell-scaled.jpg","datePublished":"2021-10-11T14:47:36+00:00","dateModified":"2022-12-31T22:11:05+00:00","breadcrumb":{"@id":"https:\/\/xaviforcadell.com\/es\/producto\/psicomotricidad-herramientas-y-recursos-para-llevarla-a-la-practica-primavera\/#breadcrumb"},"inLanguage":"es","potentialAction":[{"@type":"ReadAction","target":["https:\/\/xaviforcadell.com\/es\/producto\/psicomotricidad-herramientas-y-recursos-para-llevarla-a-la-practica-primavera\/"]}]},{"@type":"ImageObject","inLanguage":"es","@id":"https:\/\/xaviforcadell.com\/es\/producto\/psicomotricidad-herramientas-y-recursos-para-llevarla-a-la-practica-primavera\/#primaryimage","url":"https:\/\/xaviforcadell.com\/wp-content\/uploads\/2021\/10\/Foto-Edicio-Marc-1r-nivell-scaled.jpg","contentUrl":"https:\/\/xaviforcadell.com\/wp-content\/uploads\/2021\/10\/Foto-Edicio-Marc-1r-nivell-scaled.jpg","width":2560,"height":1747,"caption":"Herramientas recursos pr\u00e1cticos para Psicomotricidad"},{"@type":"BreadcrumbList","@id":"https:\/\/xaviforcadell.com\/es\/producto\/psicomotricidad-herramientas-y-recursos-para-llevarla-a-la-practica-primavera\/#breadcrumb","itemListElement":[{"@type":"ListItem","position":1,"name":"Portada","item":"https:\/\/xaviforcadell.com\/es\/"},{"@type":"ListItem","position":2,"name":"Tienda","item":"https:\/\/xaviforcadell.com\/es\/pedido-librerias\/"},{"@type":"ListItem","position":3,"name":"Psicomotricidad: Herramientas y recursos para llevarla a la pr\u00e1ctica &#8211; Primavera"}]},{"@type":"WebSite","@id":"https:\/\/xaviforcadell.com\/#website","url":"https:\/\/xaviforcadell.com\/","name":"Escola Eduquem per Cr&eacute;ixer","description":"","publisher":{"@id":"https:\/\/xaviforcadell.com\/#organization"},"potentialAction":[{"@type":"SearchAction","target":{"@type":"EntryPoint","urlTemplate":"https:\/\/xaviforcadell.com\/?s={search_term_string}"},"query-input":{"@type":"PropertyValueSpecification","valueRequired":true,"valueName":"search_term_string"}}],"inLanguage":"es"},{"@type":"Organization","@id":"https:\/\/xaviforcadell.com\/#organization","name":"Escola Eduquem Per Cr\u00e9ixer","url":"https:\/\/xaviforcadell.com\/","logo":{"@type":"ImageObject","inLanguage":"es","@id":"https:\/\/xaviforcadell.com\/#\/schema\/logo\/image\/","url":"https:\/\/xaviforcadell.com\/wp-content\/uploads\/2021\/05\/Escola-Xavi-Forcadell-logo-250px.png","contentUrl":"https:\/\/xaviforcadell.com\/wp-content\/uploads\/2021\/05\/Escola-Xavi-Forcadell-logo-250px.png","width":250,"height":250,"caption":"Escola Eduquem Per Cr\u00e9ixer"},"image":{"@id":"https:\/\/xaviforcadell.com\/#\/schema\/logo\/image\/"},"sameAs":["https:\/\/www.facebook.com\/drxaviforcadell","https:\/\/x.com\/drxaviforcadell","https:\/\/www.instagram.com\/xaviforcadell","https:\/\/www.linkedin.com\/in\/xavi-forcadell","https:\/\/www.youtube.com\/c\/xaviforcadell"]}]}},"_links":{"self":[{"href":"https:\/\/xaviforcadell.com\/es\/wp-json\/wp\/v2\/product\/6720","targetHints":{"allow":["GET"]}}],"collection":[{"href":"https:\/\/xaviforcadell.com\/es\/wp-json\/wp\/v2\/product"}],"about":[{"href":"https:\/\/xaviforcadell.com\/es\/wp-json\/wp\/v2\/types\/product"}],"wp:featuredmedia":[{"embeddable":true,"href":"https:\/\/xaviforcadell.com\/es\/wp-json\/wp\/v2\/media\/7375"}],"wp:attachment":[{"href":"https:\/\/xaviforcadell.com\/es\/wp-json\/wp\/v2\/media?parent=6720"}],"wp:term":[{"taxonomy":"product_brand","embeddable":true,"href":"https:\/\/xaviforcadell.com\/es\/wp-json\/wp\/v2\/product_brand?post=6720"},{"taxonomy":"product_cat","embeddable":true,"href":"https:\/\/xaviforcadell.com\/es\/wp-json\/wp\/v2\/product_cat?post=6720"},{"taxonomy":"product_tag","embeddable":true,"href":"https:\/\/xaviforcadell.com\/es\/wp-json\/wp\/v2\/product_tag?post=6720"}],"curies":[{"name":"wp","href":"https:\/\/api.w.org\/{rel}","templated":true}]}}