{"id":6749,"date":"2021-10-11T18:27:54","date_gmt":"2021-10-11T16:27:54","guid":{"rendered":"https:\/\/xaviforcadell.com\/?post_type=product&#038;p=6749"},"modified":"2022-12-01T00:10:24","modified_gmt":"2022-11-30T22:10:24","slug":"la-psicomotricidad-profundizamos-en-las-competencias-del-psicomotricista-edicion-enero-2022","status":"publish","type":"product","link":"https:\/\/xaviforcadell.com\/es\/producto\/la-psicomotricidad-profundizamos-en-las-competencias-del-psicomotricista-edicion-enero-2022\/","title":{"rendered":"La Psicomotricidad: Profundizamos en las competencias del Psicomotricista &#8211; Edici\u00f3n Enero 2022"},"content":{"rendered":"<blockquote><p><strong>\u00bfQuieres seguir descubriendo m\u00e1s sobre esta disciplina que te ha enamorado?<\/strong><\/p>\n<p><strong>\u00bfTe gustar\u00eda tener m\u00e1s estrategias para acompa\u00f1ar a l@s ni\u00f1@s durante las sesiones?<\/strong><\/p>\n<p><strong>\u00bfQuieres llevarte un listado de materiales de Psicomotricidad con la descripci\u00f3n de sus posibilidades, para que lo puedas llevar a la pr\u00e1ctica?<\/strong><\/p>\n<p><strong>\u00bfTienes inter\u00e9s en seguir mejorando tu rol como psicomotricista?<\/strong><\/p><\/blockquote>\n<p><span style=\"font-weight: 400;\">En el 2\u00ba nivel de la formaci\u00f3n ponemos la mirada en las diferentes <em><strong>Competencias que debe tener el docente que quiere realizar esta disciplina<\/strong><\/em>, para llevar a cabo intervenciones adecuadas y que favorezcan el desarrollo integral de l@s ni\u00f1@s. <\/span><\/p>\n<p><span style=\"font-weight: 400;\">Ya sabes bien que:<\/span><\/p>\n<blockquote><p><strong>El \u00e9xito de las sesiones de Psicomotricidad depende en un 75% de la intervenci\u00f3n del psicomotricista.\u00a0<\/strong><\/p><\/blockquote>\n<p>En esta formaci\u00f3n, te llevar\u00e1s:<\/p>\n<ul>\n<li><span style=\"font-weight: 400;\"><em><strong>La Programaci\u00f3n del Proceso de Ense\u00f1anza y Aprendizaje de la Psicomotricidad en el centro educativo:<\/strong> consejos para realizarla, estructura a seguir&#8230;<\/em><\/span><\/li>\n<li><em><strong>El Manejo del Dispositivo de la Sesi\u00f3n: <\/strong>elecci\u00f3n de los materiales, organizaci\u00f3n de los espacios,\u00a0 como gestionar el tiempo de la sesi\u00f3n.<\/em><\/li>\n<li><span style=\"font-weight: 400;\"><em><strong>Crear un Ambiente Acogedor, Seguro y Flexible:<\/strong> generar la magia de las sesiones, que el\/la ni\u00f1o\/a se sienta confiado&#8230;<\/em><\/span><\/li>\n<li><span style=\"font-weight: 400;\"><em><strong>Acompa\u00f1ar al ni\u00f1@ en el Desarrollo de su Juego: <\/strong>tener estrategias para saber como intervenir, de que manera hacer evolucionar sus propuestas, como comunicar-me&#8230;<\/em><\/span><\/li>\n<li><span style=\"font-weight: 400;\"><em><strong>Realizar la Observaci\u00f3n y Avaluaci\u00f3n del ni\u00f1@: <\/strong>los diferentes elementos a tener en cuenta, como llevarla a cabo&#8230;<\/em><\/span><\/li>\n<li><span style=\"font-weight: 400;\"><em><strong>Favorecer el an\u00e1lisis y reflexi\u00f3n sobre la propia pr\u00e1ctica:<\/strong><\/em> para seguir mejorando el propio rol como psicomotricista.<\/span><\/li>\n<\/ul>\n<p><span style=\"font-weight: 400;\">Durante la formaci\u00f3n, tendr\u00e1s <em><strong>acceso al CAMPUS VIRTUAL de la formaci\u00f3n<\/strong><\/em>, en el que encontrar\u00e1s el material que te ayudar\u00e1 a comprender y ampliar el trabajo realizado en las sesiones en directo.<\/span><\/p>\n<p>Reserva en tu agenda los <strong>mi\u00e9rcoles<\/strong><strong> (18-20:30h) del 18 de ENERO al 22 de MARZO <\/strong>para seguir profundizando en esta disciplina que tanto ayuda a l@s ni\u00f1@s en su desarrollo y que te da herramientas para saber como hacerlo!<\/p>\n<p><em><strong>Inscripciones:<\/strong><\/em><\/p>\n<ul>\n<li><strong>Promoci\u00f3n hasta el 30 de noviembre 197\u20ac<\/strong><\/li>\n<li>A partir del 1 de diciembre 255\u20ac<\/li>\n<li><strong>Las plazas son limitadas<\/strong><\/li>\n<\/ul>\n","protected":false},"excerpt":{"rendered":"<p>\u00bfQuieres seguir descubriendo m\u00e1s sobre esta disciplina que te ha enamorado? \u00bfTe gustar\u00eda tener m\u00e1s estrategias para acompa\u00f1ar a l@s [&hellip;]<\/p>\n","protected":false},"featured_media":2755,"template":"","meta":{"site-sidebar-layout":"default","site-content-layout":"default","ast-site-content-layout":"default","site-content-style":"default","site-sidebar-style":"default","ast-global-header-display":"","ast-banner-title-visibility":"","ast-main-header-display":"","ast-hfb-above-header-display":"","ast-hfb-below-header-display":"","ast-hfb-mobile-header-display":"","site-post-title":"","ast-breadcrumbs-content":"","ast-featured-img":"","footer-sml-layout":"","theme-transparent-header-meta":"default","adv-header-id-meta":"","stick-header-meta":"default","header-above-stick-meta":"","header-main-stick-meta":"","header-below-stick-meta":"","astra-migrate-meta-layouts":"default","ast-page-background-enabled":"default","ast-page-background-meta":{"desktop":{"background-color":"var(--ast-global-color-4)","background-image":"","background-repeat":"repeat","background-position":"center center","background-size":"auto","background-attachment":"scroll","background-type":"","background-media":"","overlay-type":"","overlay-color":"","overlay-opacity":"","overlay-gradient":""},"tablet":{"background-color":"","background-image":"","background-repeat":"repeat","background-position":"center center","background-size":"auto","background-attachment":"scroll","background-type":"","background-media":"","overlay-type":"","overlay-color":"","overlay-opacity":"","overlay-gradient":""},"mobile":{"background-color":"","background-image":"","background-repeat":"repeat","background-position":"center center","background-size":"auto","background-attachment":"scroll","background-type":"","background-media":"","overlay-type":"","overlay-color":"","overlay-opacity":"","overlay-gradient":""}},"ast-content-background-meta":{"desktop":{"background-color":"var(--ast-global-color-5)","background-image":"","background-repeat":"repeat","background-position":"center center","background-size":"auto","background-attachment":"scroll","background-type":"","background-media":"","overlay-type":"","overlay-color":"","overlay-opacity":"","overlay-gradient":""},"tablet":{"background-color":"var(--ast-global-color-5)","background-image":"","background-repeat":"repeat","background-position":"center center","background-size":"auto","background-attachment":"scroll","background-type":"","background-media":"","overlay-type":"","overlay-color":"","overlay-opacity":"","overlay-gradient":""},"mobile":{"background-color":"var(--ast-global-color-5)","background-image":"","background-repeat":"repeat","background-position":"center center","background-size":"auto","background-attachment":"scroll","background-type":"","background-media":"","overlay-type":"","overlay-color":"","overlay-opacity":"","overlay-gradient":""}}},"product_brand":[],"product_cat":[50],"product_tag":[],"class_list":{"0":"post-6749","1":"product","2":"type-product","3":"status-publish","4":"has-post-thumbnail","6":"product_cat-cursos-es","7":"desktop-align-left","8":"tablet-align-left","9":"mobile-align-left","10":"ast-product-gallery-layout-horizontal-slider","11":"ast-product-tabs-layout-horizontal","13":"first","14":"instock","15":"virtual","16":"sold-individually","17":"purchasable","18":"product-type-simple"},"yoast_head":"<!-- This site is optimized with the Yoast SEO plugin v25.5 - https:\/\/yoast.com\/wordpress\/plugins\/seo\/ -->\n<title>La Psicomotricidad: Profundizamos en las competencias del Psicomotricista - Edici\u00f3n Enero 2022<\/title>\n<meta name=\"description\" content=\"En aquesta formaci\u00f3, possem la mirada en les compet\u00e8ncies que ha de tenir el docent que realitza aquesta disciplina.\" \/>\n<meta name=\"robots\" content=\"index, follow, max-snippet:-1, max-image-preview:large, max-video-preview:-1\" \/>\n<link rel=\"canonical\" href=\"https:\/\/xaviforcadell.com\/es\/producto\/la-psicomotricidad-profundizamos-en-las-competencias-del-psicomotricista-edicion-enero-2022\/\" \/>\n<meta property=\"og:locale\" content=\"es_ES\" \/>\n<meta property=\"og:type\" content=\"article\" \/>\n<meta property=\"og:title\" content=\"La Psicomotricidad: Profundizamos en las competencias del Psicomotricista - Edici\u00f3n Enero 2022\" \/>\n<meta property=\"og:description\" content=\"En aquesta formaci\u00f3, possem la mirada en les compet\u00e8ncies que ha de tenir el docent que realitza aquesta disciplina.\" \/>\n<meta property=\"og:url\" content=\"https:\/\/xaviforcadell.com\/es\/producto\/la-psicomotricidad-profundizamos-en-las-competencias-del-psicomotricista-edicion-enero-2022\/\" \/>\n<meta property=\"og:site_name\" content=\"Escola Eduquem per Cr&eacute;ixer\" \/>\n<meta property=\"article:publisher\" content=\"https:\/\/www.facebook.com\/drxaviforcadell\" \/>\n<meta property=\"article:modified_time\" content=\"2022-11-30T22:10:24+00:00\" \/>\n<meta property=\"og:image\" content=\"https:\/\/xaviforcadell.com\/wp-content\/uploads\/2021\/07\/20190306_110236-scaled.jpg\" \/>\n\t<meta property=\"og:image:width\" content=\"2560\" \/>\n\t<meta property=\"og:image:height\" content=\"1920\" \/>\n\t<meta property=\"og:image:type\" content=\"image\/jpeg\" \/>\n<meta name=\"twitter:card\" content=\"summary_large_image\" \/>\n<meta name=\"twitter:site\" content=\"@drxaviforcadell\" \/>\n<meta name=\"twitter:label1\" content=\"Tiempo de lectura\" \/>\n\t<meta name=\"twitter:data1\" content=\"2 minutos\" \/>\n<script type=\"application\/ld+json\" class=\"yoast-schema-graph\">{\"@context\":\"https:\/\/schema.org\",\"@graph\":[{\"@type\":\"WebPage\",\"@id\":\"https:\/\/xaviforcadell.com\/es\/producto\/la-psicomotricidad-profundizamos-en-las-competencias-del-psicomotricista-edicion-enero-2022\/\",\"url\":\"https:\/\/xaviforcadell.com\/es\/producto\/la-psicomotricidad-profundizamos-en-las-competencias-del-psicomotricista-edicion-enero-2022\/\",\"name\":\"La Psicomotricidad: Profundizamos en las competencias del Psicomotricista - Edici\u00f3n Enero 2022\",\"isPartOf\":{\"@id\":\"https:\/\/xaviforcadell.com\/#website\"},\"primaryImageOfPage\":{\"@id\":\"https:\/\/xaviforcadell.com\/es\/producto\/la-psicomotricidad-profundizamos-en-las-competencias-del-psicomotricista-edicion-enero-2022\/#primaryimage\"},\"image\":{\"@id\":\"https:\/\/xaviforcadell.com\/es\/producto\/la-psicomotricidad-profundizamos-en-las-competencias-del-psicomotricista-edicion-enero-2022\/#primaryimage\"},\"thumbnailUrl\":\"https:\/\/xaviforcadell.com\/wp-content\/uploads\/2021\/07\/20190306_110236-scaled.jpg\",\"datePublished\":\"2021-10-11T16:27:54+00:00\",\"dateModified\":\"2022-11-30T22:10:24+00:00\",\"description\":\"En aquesta formaci\u00f3, possem la mirada en les compet\u00e8ncies que ha de tenir el docent que realitza aquesta disciplina.\",\"breadcrumb\":{\"@id\":\"https:\/\/xaviforcadell.com\/es\/producto\/la-psicomotricidad-profundizamos-en-las-competencias-del-psicomotricista-edicion-enero-2022\/#breadcrumb\"},\"inLanguage\":\"es\",\"potentialAction\":[{\"@type\":\"ReadAction\",\"target\":[\"https:\/\/xaviforcadell.com\/es\/producto\/la-psicomotricidad-profundizamos-en-las-competencias-del-psicomotricista-edicion-enero-2022\/\"]}]},{\"@type\":\"ImageObject\",\"inLanguage\":\"es\",\"@id\":\"https:\/\/xaviforcadell.com\/es\/producto\/la-psicomotricidad-profundizamos-en-las-competencias-del-psicomotricista-edicion-enero-2022\/#primaryimage\",\"url\":\"https:\/\/xaviforcadell.com\/wp-content\/uploads\/2021\/07\/20190306_110236-scaled.jpg\",\"contentUrl\":\"https:\/\/xaviforcadell.com\/wp-content\/uploads\/2021\/07\/20190306_110236-scaled.jpg\",\"width\":2560,\"height\":1920,\"caption\":\"La Psicomotricida: Profundizamos en las competencias del Psicomotricista - Edici\u00f3n Verano\"},{\"@type\":\"BreadcrumbList\",\"@id\":\"https:\/\/xaviforcadell.com\/es\/producto\/la-psicomotricidad-profundizamos-en-las-competencias-del-psicomotricista-edicion-enero-2022\/#breadcrumb\",\"itemListElement\":[{\"@type\":\"ListItem\",\"position\":1,\"name\":\"Portada\",\"item\":\"https:\/\/xaviforcadell.com\/es\/\"},{\"@type\":\"ListItem\",\"position\":2,\"name\":\"Tienda\",\"item\":\"https:\/\/xaviforcadell.com\/es\/pedido-librerias\/\"},{\"@type\":\"ListItem\",\"position\":3,\"name\":\"La Psicomotricidad: Profundizamos en las competencias del Psicomotricista &#8211; Edici\u00f3n Enero 2022\"}]},{\"@type\":\"WebSite\",\"@id\":\"https:\/\/xaviforcadell.com\/#website\",\"url\":\"https:\/\/xaviforcadell.com\/\",\"name\":\"Escola Eduquem per Cr&eacute;ixer\",\"description\":\"\",\"publisher\":{\"@id\":\"https:\/\/xaviforcadell.com\/#organization\"},\"potentialAction\":[{\"@type\":\"SearchAction\",\"target\":{\"@type\":\"EntryPoint\",\"urlTemplate\":\"https:\/\/xaviforcadell.com\/?s={search_term_string}\"},\"query-input\":{\"@type\":\"PropertyValueSpecification\",\"valueRequired\":true,\"valueName\":\"search_term_string\"}}],\"inLanguage\":\"es\"},{\"@type\":\"Organization\",\"@id\":\"https:\/\/xaviforcadell.com\/#organization\",\"name\":\"Escola Eduquem Per Cr\u00e9ixer\",\"url\":\"https:\/\/xaviforcadell.com\/\",\"logo\":{\"@type\":\"ImageObject\",\"inLanguage\":\"es\",\"@id\":\"https:\/\/xaviforcadell.com\/#\/schema\/logo\/image\/\",\"url\":\"https:\/\/xaviforcadell.com\/wp-content\/uploads\/2021\/05\/Escola-Xavi-Forcadell-logo-250px.png\",\"contentUrl\":\"https:\/\/xaviforcadell.com\/wp-content\/uploads\/2021\/05\/Escola-Xavi-Forcadell-logo-250px.png\",\"width\":250,\"height\":250,\"caption\":\"Escola Eduquem Per Cr\u00e9ixer\"},\"image\":{\"@id\":\"https:\/\/xaviforcadell.com\/#\/schema\/logo\/image\/\"},\"sameAs\":[\"https:\/\/www.facebook.com\/drxaviforcadell\",\"https:\/\/x.com\/drxaviforcadell\",\"https:\/\/www.instagram.com\/xaviforcadell\",\"https:\/\/www.linkedin.com\/in\/xavi-forcadell\",\"https:\/\/www.youtube.com\/c\/xaviforcadell\"]}]}<\/script>\n<!-- \/ Yoast SEO plugin. -->","yoast_head_json":{"title":"La Psicomotricidad: Profundizamos en las competencias del Psicomotricista - Edici\u00f3n Enero 2022","description":"En aquesta formaci\u00f3, possem la mirada en les compet\u00e8ncies que ha de tenir el docent que realitza aquesta disciplina.","robots":{"index":"index","follow":"follow","max-snippet":"max-snippet:-1","max-image-preview":"max-image-preview:large","max-video-preview":"max-video-preview:-1"},"canonical":"https:\/\/xaviforcadell.com\/es\/producto\/la-psicomotricidad-profundizamos-en-las-competencias-del-psicomotricista-edicion-enero-2022\/","og_locale":"es_ES","og_type":"article","og_title":"La Psicomotricidad: Profundizamos en las competencias del Psicomotricista - Edici\u00f3n Enero 2022","og_description":"En aquesta formaci\u00f3, possem la mirada en les compet\u00e8ncies que ha de tenir el docent que realitza aquesta disciplina.","og_url":"https:\/\/xaviforcadell.com\/es\/producto\/la-psicomotricidad-profundizamos-en-las-competencias-del-psicomotricista-edicion-enero-2022\/","og_site_name":"Escola Eduquem per Cr&eacute;ixer","article_publisher":"https:\/\/www.facebook.com\/drxaviforcadell","article_modified_time":"2022-11-30T22:10:24+00:00","og_image":[{"width":2560,"height":1920,"url":"https:\/\/xaviforcadell.com\/wp-content\/uploads\/2021\/07\/20190306_110236-scaled.jpg","type":"image\/jpeg"}],"twitter_card":"summary_large_image","twitter_site":"@drxaviforcadell","twitter_misc":{"Tiempo de lectura":"2 minutos"},"schema":{"@context":"https:\/\/schema.org","@graph":[{"@type":"WebPage","@id":"https:\/\/xaviforcadell.com\/es\/producto\/la-psicomotricidad-profundizamos-en-las-competencias-del-psicomotricista-edicion-enero-2022\/","url":"https:\/\/xaviforcadell.com\/es\/producto\/la-psicomotricidad-profundizamos-en-las-competencias-del-psicomotricista-edicion-enero-2022\/","name":"La Psicomotricidad: Profundizamos en las competencias del Psicomotricista - Edici\u00f3n Enero 2022","isPartOf":{"@id":"https:\/\/xaviforcadell.com\/#website"},"primaryImageOfPage":{"@id":"https:\/\/xaviforcadell.com\/es\/producto\/la-psicomotricidad-profundizamos-en-las-competencias-del-psicomotricista-edicion-enero-2022\/#primaryimage"},"image":{"@id":"https:\/\/xaviforcadell.com\/es\/producto\/la-psicomotricidad-profundizamos-en-las-competencias-del-psicomotricista-edicion-enero-2022\/#primaryimage"},"thumbnailUrl":"https:\/\/xaviforcadell.com\/wp-content\/uploads\/2021\/07\/20190306_110236-scaled.jpg","datePublished":"2021-10-11T16:27:54+00:00","dateModified":"2022-11-30T22:10:24+00:00","description":"En aquesta formaci\u00f3, possem la mirada en les compet\u00e8ncies que ha de tenir el docent que realitza aquesta disciplina.","breadcrumb":{"@id":"https:\/\/xaviforcadell.com\/es\/producto\/la-psicomotricidad-profundizamos-en-las-competencias-del-psicomotricista-edicion-enero-2022\/#breadcrumb"},"inLanguage":"es","potentialAction":[{"@type":"ReadAction","target":["https:\/\/xaviforcadell.com\/es\/producto\/la-psicomotricidad-profundizamos-en-las-competencias-del-psicomotricista-edicion-enero-2022\/"]}]},{"@type":"ImageObject","inLanguage":"es","@id":"https:\/\/xaviforcadell.com\/es\/producto\/la-psicomotricidad-profundizamos-en-las-competencias-del-psicomotricista-edicion-enero-2022\/#primaryimage","url":"https:\/\/xaviforcadell.com\/wp-content\/uploads\/2021\/07\/20190306_110236-scaled.jpg","contentUrl":"https:\/\/xaviforcadell.com\/wp-content\/uploads\/2021\/07\/20190306_110236-scaled.jpg","width":2560,"height":1920,"caption":"La Psicomotricida: Profundizamos en las competencias del Psicomotricista - Edici\u00f3n Verano"},{"@type":"BreadcrumbList","@id":"https:\/\/xaviforcadell.com\/es\/producto\/la-psicomotricidad-profundizamos-en-las-competencias-del-psicomotricista-edicion-enero-2022\/#breadcrumb","itemListElement":[{"@type":"ListItem","position":1,"name":"Portada","item":"https:\/\/xaviforcadell.com\/es\/"},{"@type":"ListItem","position":2,"name":"Tienda","item":"https:\/\/xaviforcadell.com\/es\/pedido-librerias\/"},{"@type":"ListItem","position":3,"name":"La Psicomotricidad: Profundizamos en las competencias del Psicomotricista &#8211; Edici\u00f3n Enero 2022"}]},{"@type":"WebSite","@id":"https:\/\/xaviforcadell.com\/#website","url":"https:\/\/xaviforcadell.com\/","name":"Escola Eduquem per Cr&eacute;ixer","description":"","publisher":{"@id":"https:\/\/xaviforcadell.com\/#organization"},"potentialAction":[{"@type":"SearchAction","target":{"@type":"EntryPoint","urlTemplate":"https:\/\/xaviforcadell.com\/?s={search_term_string}"},"query-input":{"@type":"PropertyValueSpecification","valueRequired":true,"valueName":"search_term_string"}}],"inLanguage":"es"},{"@type":"Organization","@id":"https:\/\/xaviforcadell.com\/#organization","name":"Escola Eduquem Per Cr\u00e9ixer","url":"https:\/\/xaviforcadell.com\/","logo":{"@type":"ImageObject","inLanguage":"es","@id":"https:\/\/xaviforcadell.com\/#\/schema\/logo\/image\/","url":"https:\/\/xaviforcadell.com\/wp-content\/uploads\/2021\/05\/Escola-Xavi-Forcadell-logo-250px.png","contentUrl":"https:\/\/xaviforcadell.com\/wp-content\/uploads\/2021\/05\/Escola-Xavi-Forcadell-logo-250px.png","width":250,"height":250,"caption":"Escola Eduquem Per Cr\u00e9ixer"},"image":{"@id":"https:\/\/xaviforcadell.com\/#\/schema\/logo\/image\/"},"sameAs":["https:\/\/www.facebook.com\/drxaviforcadell","https:\/\/x.com\/drxaviforcadell","https:\/\/www.instagram.com\/xaviforcadell","https:\/\/www.linkedin.com\/in\/xavi-forcadell","https:\/\/www.youtube.com\/c\/xaviforcadell"]}]}},"_links":{"self":[{"href":"https:\/\/xaviforcadell.com\/es\/wp-json\/wp\/v2\/product\/6749","targetHints":{"allow":["GET"]}}],"collection":[{"href":"https:\/\/xaviforcadell.com\/es\/wp-json\/wp\/v2\/product"}],"about":[{"href":"https:\/\/xaviforcadell.com\/es\/wp-json\/wp\/v2\/types\/product"}],"wp:featuredmedia":[{"embeddable":true,"href":"https:\/\/xaviforcadell.com\/es\/wp-json\/wp\/v2\/media\/2755"}],"wp:attachment":[{"href":"https:\/\/xaviforcadell.com\/es\/wp-json\/wp\/v2\/media?parent=6749"}],"wp:term":[{"taxonomy":"product_brand","embeddable":true,"href":"https:\/\/xaviforcadell.com\/es\/wp-json\/wp\/v2\/product_brand?post=6749"},{"taxonomy":"product_cat","embeddable":true,"href":"https:\/\/xaviforcadell.com\/es\/wp-json\/wp\/v2\/product_cat?post=6749"},{"taxonomy":"product_tag","embeddable":true,"href":"https:\/\/xaviforcadell.com\/es\/wp-json\/wp\/v2\/product_tag?post=6749"}],"curies":[{"name":"wp","href":"https:\/\/api.w.org\/{rel}","templated":true}]}}