{"id":9692,"date":"2021-12-18T00:19:44","date_gmt":"2021-12-17T22:19:44","guid":{"rendered":"https:\/\/xaviforcadell.com\/producto\/la-gestio-emocional-en-el-mon-educatiu\/"},"modified":"2024-03-16T13:49:29","modified_gmt":"2024-03-16T11:49:29","slug":"la-psicomotricidad-como-realizarla-en-la-practica","status":"publish","type":"product","link":"https:\/\/xaviforcadell.com\/es\/producto\/la-psicomotricidad-como-realizarla-en-la-practica\/","title":{"rendered":"La Psicomotricidad: \u00bfC\u00f3mo realizarla en la pr\u00e1ctica?"},"content":{"rendered":"<p>En esta formaci\u00f3n obtendr\u00e1s HERRAMIENTAS que te ayudar\u00e1n a:<\/p>\n<ul>\n<li><strong>Estructurar tus sessiones de Psicomotricidad.<\/strong><\/li>\n<li><strong>Concretar los elementos que forman el dispositivo de sessi\u00f3n.<\/strong><\/li>\n<li><strong>Saber como acompa\u00f1ar a los ni\u00f1@s durante el desarrollo de la sessi\u00f3n.<\/strong><\/li>\n<li><strong>Comprender los beneficios de la Psicomotricidad para los ni\u00f1@s.<\/strong><\/li>\n<li><strong>Ayudar a los ni\u00f1@s en el desarrollo motor, cognitivo, social y emocional.<\/strong><\/li>\n<\/ul>\n<p><span style=\"font-size: 16px;\">Adem\u00e1s, podr\u00e1s responder la GUIA que te ayudar\u00e1 a comprender su contenido y a aplicarlo en tu d\u00eda a d\u00eda.<\/span><\/p>\n<p>Al final, tambi\u00e9n, encontrar\u00e1s M\u00c1S RECURSOS que te ayudar\u00e1n en esta disciplina que me apasiona!<\/p>\n<p>Y tendr\u00e1s acceso de por vida, para que puedas revisar su contenido las veces que quieras!<\/p>\n<p>&nbsp;<\/p>\n","protected":false},"excerpt":{"rendered":"<p><strong>Conseguir\u00e1s HERRAMIENTAS que te ayudar\u00e1n a:<\/strong><\/p>\n<ul>\n<li><em>Estructurar tus sesiones de Psicomotricidad.<\/em><\/li>\n<li><em>Ajustar los elementos que forman el dispositivo de sesi\u00f3n a tu realidad.<\/em><\/li>\n<li><em>Saber como acompa\u00f1ar a los ni\u00f1@s durante el desarrollo de la sesi\u00f3n.<\/em><\/li>\n<li><em>Comprender los beneficios de la Psicomotricidad para los ni\u00f1@s.<\/em><\/li>\n<li><em>Ayudar a los ni\u00f1@s en el desarrollo motor, cognitivo, social y emocional.<\/em><\/li>\n<\/ul>\n<p><strong>\u00a1Tendr\u00e1s acceso a su contenido toda la vida y para hacerla a tu ritmo!<\/strong><\/p>\n<p><em><strong>Destinatarios:<\/strong><\/em> profesionales de la educaci\u00f3n y familiares de ni\u00f1@s de 0 a 8 a\u00f1os.<\/p>\n<p><em><strong>Duraci\u00f3n:<\/strong> <\/em>2 horas + Gu\u00eda + \u00a1Contenido Extra!<\/p>\n<p>&nbsp;<\/p>\n<p>&nbsp;<\/p>\n","protected":false},"featured_media":23178,"template":"","meta":{"site-sidebar-layout":"default","site-content-layout":"default","ast-site-content-layout":"default","site-content-style":"default","site-sidebar-style":"default","ast-global-header-display":"","ast-banner-title-visibility":"","ast-main-header-display":"","ast-hfb-above-header-display":"","ast-hfb-below-header-display":"","ast-hfb-mobile-header-display":"","site-post-title":"","ast-breadcrumbs-content":null,"ast-featured-img":"disabled","footer-sml-layout":"","theme-transparent-header-meta":"default","adv-header-id-meta":"","stick-header-meta":"default","header-above-stick-meta":"","header-main-stick-meta":"","header-below-stick-meta":"","astra-migrate-meta-layouts":"default","ast-page-background-enabled":"default","ast-page-background-meta":{"desktop":{"background-color":"var(--ast-global-color-4)","background-image":"","background-repeat":"repeat","background-position":"center center","background-size":"auto","background-attachment":"scroll","background-type":"","background-media":"","overlay-type":"","overlay-color":"","overlay-opacity":"","overlay-gradient":""},"tablet":{"background-color":"","background-image":"","background-repeat":"repeat","background-position":"center center","background-size":"auto","background-attachment":"scroll","background-type":"","background-media":"","overlay-type":"","overlay-color":"","overlay-opacity":"","overlay-gradient":""},"mobile":{"background-color":"","background-image":"","background-repeat":"repeat","background-position":"center center","background-size":"auto","background-attachment":"scroll","background-type":"","background-media":"","overlay-type":"","overlay-color":"","overlay-opacity":"","overlay-gradient":""}},"ast-content-background-meta":{"desktop":{"background-color":"var(--ast-global-color-5)","background-image":"","background-repeat":"repeat","background-position":"center center","background-size":"auto","background-attachment":"scroll","background-type":"","background-media":"","overlay-type":"","overlay-color":"","overlay-opacity":"","overlay-gradient":""},"tablet":{"background-color":"var(--ast-global-color-5)","background-image":"","background-repeat":"repeat","background-position":"center center","background-size":"auto","background-attachment":"scroll","background-type":"","background-media":"","overlay-type":"","overlay-color":"","overlay-opacity":"","overlay-gradient":""},"mobile":{"background-color":"var(--ast-global-color-5)","background-image":"","background-repeat":"repeat","background-position":"center center","background-size":"auto","background-attachment":"scroll","background-type":"","background-media":"","overlay-type":"","overlay-color":"","overlay-opacity":"","overlay-gradient":""}}},"product_brand":[],"product_cat":[50],"product_tag":[],"class_list":{"0":"post-9692","1":"product","2":"type-product","3":"status-publish","4":"has-post-thumbnail","6":"product_cat-cursos-es","7":"desktop-align-left","8":"tablet-align-left","9":"mobile-align-left","10":"ast-product-gallery-layout-horizontal-slider","11":"ast-product-gallery-with-no-image","12":"ast-product-tabs-layout-horizontal","14":"first","15":"instock","16":"virtual","17":"sold-individually","18":"taxable","19":"purchasable","20":"product-type-course"},"yoast_head":"<!-- This site is optimized with the Yoast SEO plugin v25.5 - https:\/\/yoast.com\/wordpress\/plugins\/seo\/ -->\n<title>La Psicomotricidad: \u00bfC\u00f3mo realizarla en la pr\u00e1ctica? - Escola Eduquem per Cr&eacute;ixer<\/title>\n<meta name=\"robots\" content=\"index, follow, max-snippet:-1, max-image-preview:large, max-video-preview:-1\" \/>\n<link rel=\"canonical\" href=\"https:\/\/xaviforcadell.com\/es\/producto\/la-psicomotricidad-como-realizarla-en-la-practica\/\" \/>\n<meta property=\"og:locale\" content=\"es_ES\" \/>\n<meta property=\"og:type\" content=\"article\" \/>\n<meta property=\"og:title\" content=\"La Psicomotricidad: \u00bfC\u00f3mo realizarla en la pr\u00e1ctica? - Escola Eduquem per Cr&eacute;ixer\" \/>\n<meta property=\"og:description\" content=\"Conseguir\u00e1s HERRAMIENTAS que te ayudar\u00e1n a:   Estructurar tus sesiones de Psicomotricidad.  Ajustar los elementos que forman el dispositivo de sesi\u00f3n a tu realidad.  Saber como acompa\u00f1ar a los ni\u00f1@s durante el desarrollo de la sesi\u00f3n.  Comprender los beneficios de la Psicomotricidad para los ni\u00f1@s.  Ayudar a los ni\u00f1@s en el desarrollo motor, cognitivo, social y emocional.  \u00a1Tendr\u00e1s acceso a su contenido toda la vida y para hacerla a tu ritmo!  Destinatarios: profesionales de la educaci\u00f3n y familiares de ni\u00f1@s de 0 a 8 a\u00f1os.  Duraci\u00f3n: 2 horas + Gu\u00eda + \u00a1Contenido Extra!  &nbsp;  &nbsp;\" \/>\n<meta property=\"og:url\" content=\"https:\/\/xaviforcadell.com\/es\/producto\/la-psicomotricidad-como-realizarla-en-la-practica\/\" \/>\n<meta property=\"og:site_name\" content=\"Escola Eduquem per Cr&eacute;ixer\" \/>\n<meta property=\"article:publisher\" content=\"https:\/\/www.facebook.com\/drxaviforcadell\" \/>\n<meta property=\"article:modified_time\" content=\"2024-03-16T11:49:29+00:00\" \/>\n<meta property=\"og:image\" content=\"https:\/\/xaviforcadell.com\/wp-content\/uploads\/2021\/12\/Formacio-Psicomotricitat18.png\" \/>\n\t<meta property=\"og:image:width\" content=\"1080\" \/>\n\t<meta property=\"og:image:height\" content=\"1080\" \/>\n\t<meta property=\"og:image:type\" content=\"image\/png\" \/>\n<meta name=\"twitter:card\" content=\"summary_large_image\" \/>\n<meta name=\"twitter:site\" content=\"@drxaviforcadell\" \/>\n<meta name=\"twitter:label1\" content=\"Tiempo de lectura\" \/>\n\t<meta name=\"twitter:data1\" content=\"1 minuto\" \/>\n<script type=\"application\/ld+json\" class=\"yoast-schema-graph\">{\"@context\":\"https:\/\/schema.org\",\"@graph\":[{\"@type\":\"WebPage\",\"@id\":\"https:\/\/xaviforcadell.com\/es\/producto\/la-psicomotricidad-como-realizarla-en-la-practica\/\",\"url\":\"https:\/\/xaviforcadell.com\/es\/producto\/la-psicomotricidad-como-realizarla-en-la-practica\/\",\"name\":\"La Psicomotricidad: \u00bfC\u00f3mo realizarla en la pr\u00e1ctica? - Escola Eduquem per Cr&eacute;ixer\",\"isPartOf\":{\"@id\":\"https:\/\/xaviforcadell.com\/#website\"},\"primaryImageOfPage\":{\"@id\":\"https:\/\/xaviforcadell.com\/es\/producto\/la-psicomotricidad-como-realizarla-en-la-practica\/#primaryimage\"},\"image\":{\"@id\":\"https:\/\/xaviforcadell.com\/es\/producto\/la-psicomotricidad-como-realizarla-en-la-practica\/#primaryimage\"},\"thumbnailUrl\":\"https:\/\/xaviforcadell.com\/wp-content\/uploads\/2021\/12\/Formacio-Psicomotricitat18.png\",\"datePublished\":\"2021-12-17T22:19:44+00:00\",\"dateModified\":\"2024-03-16T11:49:29+00:00\",\"breadcrumb\":{\"@id\":\"https:\/\/xaviforcadell.com\/es\/producto\/la-psicomotricidad-como-realizarla-en-la-practica\/#breadcrumb\"},\"inLanguage\":\"es\",\"potentialAction\":[{\"@type\":\"ReadAction\",\"target\":[\"https:\/\/xaviforcadell.com\/es\/producto\/la-psicomotricidad-como-realizarla-en-la-practica\/\"]}]},{\"@type\":\"ImageObject\",\"inLanguage\":\"es\",\"@id\":\"https:\/\/xaviforcadell.com\/es\/producto\/la-psicomotricidad-como-realizarla-en-la-practica\/#primaryimage\",\"url\":\"https:\/\/xaviforcadell.com\/wp-content\/uploads\/2021\/12\/Formacio-Psicomotricitat18.png\",\"contentUrl\":\"https:\/\/xaviforcadell.com\/wp-content\/uploads\/2021\/12\/Formacio-Psicomotricitat18.png\",\"width\":1080,\"height\":1080,\"caption\":\"Formaci\u00f3n Psicomotricidad\"},{\"@type\":\"BreadcrumbList\",\"@id\":\"https:\/\/xaviforcadell.com\/es\/producto\/la-psicomotricidad-como-realizarla-en-la-practica\/#breadcrumb\",\"itemListElement\":[{\"@type\":\"ListItem\",\"position\":1,\"name\":\"Portada\",\"item\":\"https:\/\/xaviforcadell.com\/es\/\"},{\"@type\":\"ListItem\",\"position\":2,\"name\":\"Tienda\",\"item\":\"https:\/\/xaviforcadell.com\/es\/pedido-librerias\/\"},{\"@type\":\"ListItem\",\"position\":3,\"name\":\"La Psicomotricidad: \u00bfC\u00f3mo realizarla en la pr\u00e1ctica?\"}]},{\"@type\":\"WebSite\",\"@id\":\"https:\/\/xaviforcadell.com\/#website\",\"url\":\"https:\/\/xaviforcadell.com\/\",\"name\":\"Escola Eduquem per Cr&eacute;ixer\",\"description\":\"\",\"publisher\":{\"@id\":\"https:\/\/xaviforcadell.com\/#organization\"},\"potentialAction\":[{\"@type\":\"SearchAction\",\"target\":{\"@type\":\"EntryPoint\",\"urlTemplate\":\"https:\/\/xaviforcadell.com\/?s={search_term_string}\"},\"query-input\":{\"@type\":\"PropertyValueSpecification\",\"valueRequired\":true,\"valueName\":\"search_term_string\"}}],\"inLanguage\":\"es\"},{\"@type\":\"Organization\",\"@id\":\"https:\/\/xaviforcadell.com\/#organization\",\"name\":\"Escola Eduquem Per Cr\u00e9ixer\",\"url\":\"https:\/\/xaviforcadell.com\/\",\"logo\":{\"@type\":\"ImageObject\",\"inLanguage\":\"es\",\"@id\":\"https:\/\/xaviforcadell.com\/#\/schema\/logo\/image\/\",\"url\":\"https:\/\/xaviforcadell.com\/wp-content\/uploads\/2021\/05\/Escola-Xavi-Forcadell-logo-250px.png\",\"contentUrl\":\"https:\/\/xaviforcadell.com\/wp-content\/uploads\/2021\/05\/Escola-Xavi-Forcadell-logo-250px.png\",\"width\":250,\"height\":250,\"caption\":\"Escola Eduquem Per Cr\u00e9ixer\"},\"image\":{\"@id\":\"https:\/\/xaviforcadell.com\/#\/schema\/logo\/image\/\"},\"sameAs\":[\"https:\/\/www.facebook.com\/drxaviforcadell\",\"https:\/\/x.com\/drxaviforcadell\",\"https:\/\/www.instagram.com\/xaviforcadell\",\"https:\/\/www.linkedin.com\/in\/xavi-forcadell\",\"https:\/\/www.youtube.com\/c\/xaviforcadell\"]}]}<\/script>\n<!-- \/ Yoast SEO plugin. -->","yoast_head_json":{"title":"La Psicomotricidad: \u00bfC\u00f3mo realizarla en la pr\u00e1ctica? - Escola Eduquem per Cr&eacute;ixer","robots":{"index":"index","follow":"follow","max-snippet":"max-snippet:-1","max-image-preview":"max-image-preview:large","max-video-preview":"max-video-preview:-1"},"canonical":"https:\/\/xaviforcadell.com\/es\/producto\/la-psicomotricidad-como-realizarla-en-la-practica\/","og_locale":"es_ES","og_type":"article","og_title":"La Psicomotricidad: \u00bfC\u00f3mo realizarla en la pr\u00e1ctica? - Escola Eduquem per Cr&eacute;ixer","og_description":"Conseguir\u00e1s HERRAMIENTAS que te ayudar\u00e1n a:   Estructurar tus sesiones de Psicomotricidad.  Ajustar los elementos que forman el dispositivo de sesi\u00f3n a tu realidad.  Saber como acompa\u00f1ar a los ni\u00f1@s durante el desarrollo de la sesi\u00f3n.  Comprender los beneficios de la Psicomotricidad para los ni\u00f1@s.  Ayudar a los ni\u00f1@s en el desarrollo motor, cognitivo, social y emocional.  \u00a1Tendr\u00e1s acceso a su contenido toda la vida y para hacerla a tu ritmo!  Destinatarios: profesionales de la educaci\u00f3n y familiares de ni\u00f1@s de 0 a 8 a\u00f1os.  Duraci\u00f3n: 2 horas + Gu\u00eda + \u00a1Contenido Extra!  &nbsp;  &nbsp;","og_url":"https:\/\/xaviforcadell.com\/es\/producto\/la-psicomotricidad-como-realizarla-en-la-practica\/","og_site_name":"Escola Eduquem per Cr&eacute;ixer","article_publisher":"https:\/\/www.facebook.com\/drxaviforcadell","article_modified_time":"2024-03-16T11:49:29+00:00","og_image":[{"width":1080,"height":1080,"url":"https:\/\/xaviforcadell.com\/wp-content\/uploads\/2021\/12\/Formacio-Psicomotricitat18.png","type":"image\/png"}],"twitter_card":"summary_large_image","twitter_site":"@drxaviforcadell","twitter_misc":{"Tiempo de lectura":"1 minuto"},"schema":{"@context":"https:\/\/schema.org","@graph":[{"@type":"WebPage","@id":"https:\/\/xaviforcadell.com\/es\/producto\/la-psicomotricidad-como-realizarla-en-la-practica\/","url":"https:\/\/xaviforcadell.com\/es\/producto\/la-psicomotricidad-como-realizarla-en-la-practica\/","name":"La Psicomotricidad: \u00bfC\u00f3mo realizarla en la pr\u00e1ctica? - Escola Eduquem per Cr&eacute;ixer","isPartOf":{"@id":"https:\/\/xaviforcadell.com\/#website"},"primaryImageOfPage":{"@id":"https:\/\/xaviforcadell.com\/es\/producto\/la-psicomotricidad-como-realizarla-en-la-practica\/#primaryimage"},"image":{"@id":"https:\/\/xaviforcadell.com\/es\/producto\/la-psicomotricidad-como-realizarla-en-la-practica\/#primaryimage"},"thumbnailUrl":"https:\/\/xaviforcadell.com\/wp-content\/uploads\/2021\/12\/Formacio-Psicomotricitat18.png","datePublished":"2021-12-17T22:19:44+00:00","dateModified":"2024-03-16T11:49:29+00:00","breadcrumb":{"@id":"https:\/\/xaviforcadell.com\/es\/producto\/la-psicomotricidad-como-realizarla-en-la-practica\/#breadcrumb"},"inLanguage":"es","potentialAction":[{"@type":"ReadAction","target":["https:\/\/xaviforcadell.com\/es\/producto\/la-psicomotricidad-como-realizarla-en-la-practica\/"]}]},{"@type":"ImageObject","inLanguage":"es","@id":"https:\/\/xaviforcadell.com\/es\/producto\/la-psicomotricidad-como-realizarla-en-la-practica\/#primaryimage","url":"https:\/\/xaviforcadell.com\/wp-content\/uploads\/2021\/12\/Formacio-Psicomotricitat18.png","contentUrl":"https:\/\/xaviforcadell.com\/wp-content\/uploads\/2021\/12\/Formacio-Psicomotricitat18.png","width":1080,"height":1080,"caption":"Formaci\u00f3n Psicomotricidad"},{"@type":"BreadcrumbList","@id":"https:\/\/xaviforcadell.com\/es\/producto\/la-psicomotricidad-como-realizarla-en-la-practica\/#breadcrumb","itemListElement":[{"@type":"ListItem","position":1,"name":"Portada","item":"https:\/\/xaviforcadell.com\/es\/"},{"@type":"ListItem","position":2,"name":"Tienda","item":"https:\/\/xaviforcadell.com\/es\/pedido-librerias\/"},{"@type":"ListItem","position":3,"name":"La Psicomotricidad: \u00bfC\u00f3mo realizarla en la pr\u00e1ctica?"}]},{"@type":"WebSite","@id":"https:\/\/xaviforcadell.com\/#website","url":"https:\/\/xaviforcadell.com\/","name":"Escola Eduquem per Cr&eacute;ixer","description":"","publisher":{"@id":"https:\/\/xaviforcadell.com\/#organization"},"potentialAction":[{"@type":"SearchAction","target":{"@type":"EntryPoint","urlTemplate":"https:\/\/xaviforcadell.com\/?s={search_term_string}"},"query-input":{"@type":"PropertyValueSpecification","valueRequired":true,"valueName":"search_term_string"}}],"inLanguage":"es"},{"@type":"Organization","@id":"https:\/\/xaviforcadell.com\/#organization","name":"Escola Eduquem Per Cr\u00e9ixer","url":"https:\/\/xaviforcadell.com\/","logo":{"@type":"ImageObject","inLanguage":"es","@id":"https:\/\/xaviforcadell.com\/#\/schema\/logo\/image\/","url":"https:\/\/xaviforcadell.com\/wp-content\/uploads\/2021\/05\/Escola-Xavi-Forcadell-logo-250px.png","contentUrl":"https:\/\/xaviforcadell.com\/wp-content\/uploads\/2021\/05\/Escola-Xavi-Forcadell-logo-250px.png","width":250,"height":250,"caption":"Escola Eduquem Per Cr\u00e9ixer"},"image":{"@id":"https:\/\/xaviforcadell.com\/#\/schema\/logo\/image\/"},"sameAs":["https:\/\/www.facebook.com\/drxaviforcadell","https:\/\/x.com\/drxaviforcadell","https:\/\/www.instagram.com\/xaviforcadell","https:\/\/www.linkedin.com\/in\/xavi-forcadell","https:\/\/www.youtube.com\/c\/xaviforcadell"]}]}},"_links":{"self":[{"href":"https:\/\/xaviforcadell.com\/es\/wp-json\/wp\/v2\/product\/9692","targetHints":{"allow":["GET"]}}],"collection":[{"href":"https:\/\/xaviforcadell.com\/es\/wp-json\/wp\/v2\/product"}],"about":[{"href":"https:\/\/xaviforcadell.com\/es\/wp-json\/wp\/v2\/types\/product"}],"wp:featuredmedia":[{"embeddable":true,"href":"https:\/\/xaviforcadell.com\/es\/wp-json\/wp\/v2\/media\/23178"}],"wp:attachment":[{"href":"https:\/\/xaviforcadell.com\/es\/wp-json\/wp\/v2\/media?parent=9692"}],"wp:term":[{"taxonomy":"product_brand","embeddable":true,"href":"https:\/\/xaviforcadell.com\/es\/wp-json\/wp\/v2\/product_brand?post=9692"},{"taxonomy":"product_cat","embeddable":true,"href":"https:\/\/xaviforcadell.com\/es\/wp-json\/wp\/v2\/product_cat?post=9692"},{"taxonomy":"product_tag","embeddable":true,"href":"https:\/\/xaviforcadell.com\/es\/wp-json\/wp\/v2\/product_tag?post=9692"}],"curies":[{"name":"wp","href":"https:\/\/api.w.org\/{rel}","templated":true}]}}